{"id":727,"date":"2019-04-03T14:37:40","date_gmt":"2019-04-03T18:37:40","guid":{"rendered":"https:\/\/experienceparkland.com\/privacy-policy\/"},"modified":"2020-02-21T12:32:44","modified_gmt":"2020-02-21T17:32:44","slug":"privacy-policy","status":"publish","type":"page","link":"https:\/\/experienceparkland.com\/fr\/privacy-policy\/","title":{"rendered":"Politique sur la confidentialit\u00e9"},"content":{"rendered":"\n<p>Merci de votre visite. Cet \u00e9nonc\u00e9 sur la confidentialit\u00e9 explique notre utilisation de renseignements personnels recueillis par ce site. Veuillez lire la politique avant d\u2019utiliser ce site ou d\u2019y soumettre vos renseignements personnels. En utilisant ce site, nous acceptez les pratiques d\u00e9crites dans cet \u00e9nonc\u00e9 sur la confidentialit\u00e9. Bien que ces pratiques puissent changer, tout changement sera affich\u00e9 et s\u2019applique ult\u00e9rieurement uniquement; il ne s\u2019agit pas d\u2019application r\u00e9troactive. Nous vous encourageons \u00e0 prendre connaissance de l\u2019\u00e9nonc\u00e9 de confidentialit\u00e9 lors de chaque visite pour assurer votre compr\u00e9hension de l\u2019utilisation de vos renseignements personnels.  <\/p>\n\n<p>Pour toute question ou pr\u00e9occupation sur la protection et la confidentialit\u00e9 des renseignements soumis sur ce site, veuillez communiquer avec la responsable de la protection de la vie priv\u00e9e \u00e0 <a href=\"mailto:privacyofficer@shannex.com\">privacyofficer@shannex.com<\/a>.<\/p>\n\n<p><strong>Collection of Information<\/strong><br\/>We collect personally identifiable information, like names, postal addresses, email addresses, etc., when voluntarily submitted by our web site visitors. This information is only used to fulfill your specific request, unless you give us permission to use it in another manner, for example to add you to one of our mailing lists.<\/p>\n\n<p><strong>Cookie\/Tracking Technology<\/strong><br\/>A cookie is a small file which asks permission to be placed on your computer\u2019s hard drive. Once you agree, the file is added and the cookie helps analyze web traffic or lets you know when you visit a particular site. This site may use cookie and tracking technology depending on the features offered. Cookie and tracking technology are useful for gathering information such as browser type and operating system, tracking the number of visitors to the site, and understanding how visitors use the site. Cookies can also help customize the site for visitors. Personal information cannot be collected via cookies and other tracking technology; however, if you previously provided personally identifiable information, cookies may be tied to such information. Aggregate cookie and tracking information may be shared with third parties.<\/p>\n\n<p>Tout comme la majorit\u00e9 des serveurs de site Web, nous utilisons les fichiers journaux. Cela inclut les adresses de protocole internet (IP), le type de navigateur, le fournisseur de services internet, les pages de renvoi et de sortie, le type de plateforme, la date et l\u2019heure du fichier et le nombre de clics utilis\u00e9s afin d\u2019analyser les tendances, d\u2019administrer le site, de suivre les mouvements agr\u00e9g\u00e9s des utilisateurs et de recueillir des donn\u00e9es d\u00e9mographiques g\u00e9n\u00e9rales pour utilisation agr\u00e9g\u00e9e. Les adresses IP sont associ\u00e9es aux renseignements personnels afin d\u2019activer notre service Web.<\/p>\n\n<p><strong>Distribution of Information<\/strong><br\/>We may share information with governmental agencies or other companies assisting us in fraud prevention or investigation. We may do so when: (1) permitted or required by law; or, (2) trying to protect against or prevent actual or potential fraud or unauthorized transactions; or, (3) investigating fraud which has already taken place. The information is not provided to these companies for marketing purposes.<\/p>\n\n<p><strong>Commitment to Data Security<\/strong><br\/>Your personally identifiable information is kept secure. Only authorized employees, agents and contractors (who have agreed to keep information secure and confidential) have access to this information.<\/p>\n\n<p><strong>Third Party Links<\/strong><br\/>Occasionally, at our discretion, we may include or offer third party products or services on our website. These third party sites have separate and independent privacy policies. Shannex therefore has no responsibility or liability for the content and activities of these linked sites.<\/p>\n\n<p><strong>Limitation of Liability<\/strong><br\/>If you are providing information online, complete confidentiality and security is not yet possible over the internet. Internet use and communication is subject to interception, loss and alteration. On whichever site you provide Personal Information, it is possible for a third party to view that information. You acknowledge that Shannex Incorporated, Shannex Health Care or Parkland Retirement Living shall not be responsible for any damages you may suffer as a result of transmission of confidential or sensitive information over the internet and as such, all communications will be at your own risk.<\/p>\n\n<p>La derni\u00e8re modification de cette politique date du 19 d\u00e9cembre 2013.<\/p>\n","protected":false},"excerpt":{"rendered":"<p>Merci de votre visite. Cet \u00e9nonc\u00e9 sur la confidentialit\u00e9 explique notre utilisation de renseignements personnels recueillis par ce site. Veuillez lire la politique avant d\u2019utiliser ce site ou d\u2019y soumettre vos renseignements personnels. En utilisant ce site, nous acceptez les pratiques d\u00e9crites dans cet \u00e9nonc\u00e9 sur la confidentialit\u00e9. Bien que ces pratiques puissent changer, tout&#8230; <a class=\"read_more\" title=\"Politique sur la confidentialit\u00e9\" href=\"https:\/\/experienceparkland.com\/fr\/privacy-policy\/\">Read more<\/a><\/p>\n","protected":false},"author":51,"featured_media":0,"parent":0,"menu_order":0,"comment_status":"closed","ping_status":"open","template":"","meta":{"_acf_changed":false,"footnotes":""},"class_list":["post-727","page","type-page","status-publish","hentry"],"acf":[],"featured_image_src":null,"yoast_head":"<!-- This site is optimized with the Yoast SEO plugin v27.5 - https:\/\/yoast.com\/product\/yoast-seo-wordpress\/ -->\n<title>Politique sur la confidentialit\u00e9 - Parkland Retirement Living<\/title>\n<meta name=\"description\" content=\"Cet \u00e9nonc\u00e9 sur la confidentialit\u00e9 explique notre utilisation de renseignements personnels recueillis par ce site. Veuillez lire cette politique avant d\u2019utiliser ce site\" \/>\n<meta name=\"robots\" content=\"index, follow, max-snippet:-1, max-image-preview:large, max-video-preview:-1\" \/>\n<link rel=\"canonical\" href=\"https:\/\/experienceparkland.com\/fr\/privacy-policy\/\" \/>\n<meta property=\"og:locale\" content=\"fr_FR\" \/>\n<meta property=\"og:type\" content=\"article\" \/>\n<meta property=\"og:title\" content=\"Politique sur la confidentialit\u00e9 - Parkland Retirement Living\" \/>\n<meta property=\"og:description\" content=\"Cet \u00e9nonc\u00e9 sur la confidentialit\u00e9 explique notre utilisation de renseignements personnels recueillis par ce site. Veuillez lire cette politique avant d\u2019utiliser ce site\" \/>\n<meta property=\"og:url\" content=\"https:\/\/experienceparkland.com\/fr\/privacy-policy\/\" \/>\n<meta property=\"og:site_name\" content=\"Parkland Retirement Living\" \/>\n<meta property=\"article:modified_time\" content=\"2020-02-21T17:32:44+00:00\" \/>\n<meta name=\"twitter:card\" content=\"summary_large_image\" \/>\n<meta name=\"twitter:label1\" content=\"Est. reading time\" \/>\n\t<meta name=\"twitter:data1\" content=\"3 minutes\" \/>\n<script type=\"application\/ld+json\" class=\"yoast-schema-graph\">{\"@context\":\"https:\\\/\\\/schema.org\",\"@graph\":[{\"@type\":\"WebPage\",\"@id\":\"https:\\\/\\\/experienceparkland.com\\\/fr\\\/privacy-policy\\\/\",\"url\":\"https:\\\/\\\/experienceparkland.com\\\/fr\\\/privacy-policy\\\/\",\"name\":\"Politique sur la confidentialit\u00e9 - Parkland Retirement Living\",\"isPartOf\":{\"@id\":\"https:\\\/\\\/experienceparkland.com\\\/fr\\\/#website\"},\"datePublished\":\"2019-04-03T18:37:40+00:00\",\"dateModified\":\"2020-02-21T17:32:44+00:00\",\"description\":\"Cet \u00e9nonc\u00e9 sur la confidentialit\u00e9 explique notre utilisation de renseignements personnels recueillis par ce site. Veuillez lire cette politique avant d\u2019utiliser ce site\",\"breadcrumb\":{\"@id\":\"https:\\\/\\\/experienceparkland.com\\\/fr\\\/privacy-policy\\\/#breadcrumb\"},\"inLanguage\":\"fr-FR\",\"potentialAction\":[{\"@type\":\"ReadAction\",\"target\":[\"https:\\\/\\\/experienceparkland.com\\\/fr\\\/privacy-policy\\\/\"]}]},{\"@type\":\"BreadcrumbList\",\"@id\":\"https:\\\/\\\/experienceparkland.com\\\/fr\\\/privacy-policy\\\/#breadcrumb\",\"itemListElement\":[{\"@type\":\"ListItem\",\"position\":1,\"name\":\"Home\",\"item\":\"https:\\\/\\\/experienceparkland.com\\\/fr\\\/\"},{\"@type\":\"ListItem\",\"position\":2,\"name\":\"Politique sur la confidentialit\u00e9\"}]},{\"@type\":\"WebSite\",\"@id\":\"https:\\\/\\\/experienceparkland.com\\\/fr\\\/#website\",\"url\":\"https:\\\/\\\/experienceparkland.com\\\/fr\\\/\",\"name\":\"Parkland Retirement Living\",\"description\":\"\",\"potentialAction\":[{\"@type\":\"SearchAction\",\"target\":{\"@type\":\"EntryPoint\",\"urlTemplate\":\"https:\\\/\\\/experienceparkland.com\\\/fr\\\/?s={search_term_string}\"},\"query-input\":{\"@type\":\"PropertyValueSpecification\",\"valueRequired\":true,\"valueName\":\"search_term_string\"}}],\"inLanguage\":\"fr-FR\"}]}<\/script>\n<!-- \/ Yoast SEO plugin. -->","yoast_head_json":{"title":"Politique sur la confidentialit\u00e9 - Parkland Retirement Living","description":"Cet \u00e9nonc\u00e9 sur la confidentialit\u00e9 explique notre utilisation de renseignements personnels recueillis par ce site. Veuillez lire cette politique avant d\u2019utiliser ce site","robots":{"index":"index","follow":"follow","max-snippet":"max-snippet:-1","max-image-preview":"max-image-preview:large","max-video-preview":"max-video-preview:-1"},"canonical":"https:\/\/experienceparkland.com\/fr\/privacy-policy\/","og_locale":"fr_FR","og_type":"article","og_title":"Politique sur la confidentialit\u00e9 - Parkland Retirement Living","og_description":"Cet \u00e9nonc\u00e9 sur la confidentialit\u00e9 explique notre utilisation de renseignements personnels recueillis par ce site. Veuillez lire cette politique avant d\u2019utiliser ce site","og_url":"https:\/\/experienceparkland.com\/fr\/privacy-policy\/","og_site_name":"Parkland Retirement Living","article_modified_time":"2020-02-21T17:32:44+00:00","twitter_card":"summary_large_image","twitter_misc":{"Est. reading time":"3 minutes"},"schema":{"@context":"https:\/\/schema.org","@graph":[{"@type":"WebPage","@id":"https:\/\/experienceparkland.com\/fr\/privacy-policy\/","url":"https:\/\/experienceparkland.com\/fr\/privacy-policy\/","name":"Politique sur la confidentialit\u00e9 - Parkland Retirement Living","isPartOf":{"@id":"https:\/\/experienceparkland.com\/fr\/#website"},"datePublished":"2019-04-03T18:37:40+00:00","dateModified":"2020-02-21T17:32:44+00:00","description":"Cet \u00e9nonc\u00e9 sur la confidentialit\u00e9 explique notre utilisation de renseignements personnels recueillis par ce site. Veuillez lire cette politique avant d\u2019utiliser ce site","breadcrumb":{"@id":"https:\/\/experienceparkland.com\/fr\/privacy-policy\/#breadcrumb"},"inLanguage":"fr-FR","potentialAction":[{"@type":"ReadAction","target":["https:\/\/experienceparkland.com\/fr\/privacy-policy\/"]}]},{"@type":"BreadcrumbList","@id":"https:\/\/experienceparkland.com\/fr\/privacy-policy\/#breadcrumb","itemListElement":[{"@type":"ListItem","position":1,"name":"Home","item":"https:\/\/experienceparkland.com\/fr\/"},{"@type":"ListItem","position":2,"name":"Politique sur la confidentialit\u00e9"}]},{"@type":"WebSite","@id":"https:\/\/experienceparkland.com\/fr\/#website","url":"https:\/\/experienceparkland.com\/fr\/","name":"Parkland Retirement Living","description":"","potentialAction":[{"@type":"SearchAction","target":{"@type":"EntryPoint","urlTemplate":"https:\/\/experienceparkland.com\/fr\/?s={search_term_string}"},"query-input":{"@type":"PropertyValueSpecification","valueRequired":true,"valueName":"search_term_string"}}],"inLanguage":"fr-FR"}]}},"_links":{"self":[{"href":"https:\/\/experienceparkland.com\/fr\/wp-json\/wp\/v2\/pages\/727","targetHints":{"allow":["GET"]}}],"collection":[{"href":"https:\/\/experienceparkland.com\/fr\/wp-json\/wp\/v2\/pages"}],"about":[{"href":"https:\/\/experienceparkland.com\/fr\/wp-json\/wp\/v2\/types\/page"}],"author":[{"embeddable":true,"href":"https:\/\/experienceparkland.com\/fr\/wp-json\/wp\/v2\/users\/51"}],"replies":[{"embeddable":true,"href":"https:\/\/experienceparkland.com\/fr\/wp-json\/wp\/v2\/comments?post=727"}],"version-history":[{"count":0,"href":"https:\/\/experienceparkland.com\/fr\/wp-json\/wp\/v2\/pages\/727\/revisions"}],"wp:attachment":[{"href":"https:\/\/experienceparkland.com\/fr\/wp-json\/wp\/v2\/media?parent=727"}],"curies":[{"name":"wp","href":"https:\/\/api.w.org\/{rel}","templated":true}]}}