{"id":720,"date":"2019-04-03T14:35:10","date_gmt":"2019-04-03T18:35:10","guid":{"rendered":"https:\/\/experienceparkland.com\/lifestyle-options\/"},"modified":"2025-07-02T10:06:45","modified_gmt":"2025-07-02T13:06:45","slug":"lifestyle-options","status":"publish","type":"page","link":"https:\/\/experienceparkland.com\/fr\/lifestyle-options\/","title":{"rendered":"Options de mode de vie"},"content":{"rendered":"\n<p>Parkland offre un continuum complet d\u2019options de mode de vie. M\u00eame si vos besoins changent, votre mode de vie ne change pas n\u00e9cessairement. Vous aurez la tranquillit\u00e9 d\u2019esprit de savoir que les services et des soins suppl\u00e9mentaires sont disponibles si jamais vous en avez besoin. Que vous cherchiez un appartement de premi\u00e8re qualit\u00e9 avec acc\u00e8s \u00e0 une vari\u00e9t\u00e9 de services et de commodit\u00e9s ou que vous d\u00e9siriez des soins de soutien, vous aurez l\u2019assurance de savoir que les services suppl\u00e9mentaires, un personnel accueillant et les soins professionnels sont toujours l\u00e0 pour vous.<\/p>\n\n\n<div class=\"wp-block-image\">\n<figure class=\"aligncenter is-resized\"><img loading=\"lazy\" decoding=\"async\" src=\"https:\/\/experienceparkland.com\/wp-content\/uploads\/2019\/06\/LifestleOptions_graphic-300x300.png\" alt=\"\" class=\"wp-image-2796\" width=\"428\" height=\"428\" srcset=\"https:\/\/experienceparkland.com\/wp-content\/uploads\/2019\/06\/LifestleOptions_graphic-300x300.png 300w, https:\/\/experienceparkland.com\/wp-content\/uploads\/2019\/06\/LifestleOptions_graphic-150x150.png 150w, https:\/\/experienceparkland.com\/wp-content\/uploads\/2019\/06\/LifestleOptions_graphic-768x768.png 768w, https:\/\/experienceparkland.com\/wp-content\/uploads\/2019\/06\/LifestleOptions_graphic-1024x1024.png 1024w, https:\/\/experienceparkland.com\/wp-content\/uploads\/2019\/06\/LifestleOptions_graphic.png 1425w\" sizes=\"auto, (max-width: 428px) 100vw, 428px\" \/><\/figure>\n<\/div>","protected":false},"excerpt":{"rendered":"<p>Parkland offre un continuum complet d\u2019options de mode de vie. M\u00eame si vos besoins changent, votre mode de vie ne change pas n\u00e9cessairement. Vous aurez la tranquillit\u00e9 d\u2019esprit de savoir que les services et des soins suppl\u00e9mentaires sont disponibles si jamais vous en avez besoin. Que vous cherchiez un appartement de premi\u00e8re qualit\u00e9 avec acc\u00e8s&#8230; <a class=\"read_more\" title=\"Options de mode de vie\" href=\"https:\/\/experienceparkland.com\/fr\/lifestyle-options\/\">Read more<\/a><\/p>\n","protected":false},"author":51,"featured_media":0,"parent":0,"menu_order":0,"comment_status":"closed","ping_status":"closed","template":"page-lifestyle-options.php","meta":{"_acf_changed":true,"footnotes":""},"class_list":["post-720","page","type-page","status-publish","hentry"],"acf":[],"featured_image_src":null,"yoast_head":"<!-- This site is optimized with the Yoast SEO plugin v27.3 - https:\/\/yoast.com\/product\/yoast-seo-wordpress\/ -->\n<title>Options de mode de vie - Parkland Retirement Living<\/title>\n<meta name=\"description\" content=\"Parkland propose un continuum complet d\u2019options de mode de vie, dont les appartements autonomes, tout inclus et avec services, ainsi que les soins pour perte cognitive.\" \/>\n<meta name=\"robots\" content=\"index, follow, max-snippet:-1, max-image-preview:large, max-video-preview:-1\" \/>\n<link rel=\"canonical\" href=\"https:\/\/experienceparkland.com\/fr\/lifestyle-options\/\" \/>\n<meta property=\"og:locale\" content=\"fr_FR\" \/>\n<meta property=\"og:type\" content=\"article\" \/>\n<meta property=\"og:title\" content=\"Options de mode de vie - Parkland Retirement Living\" \/>\n<meta property=\"og:description\" content=\"Parkland propose un continuum complet d\u2019options de mode de vie, dont les appartements autonomes, tout inclus et avec services, ainsi que les soins pour perte cognitive.\" \/>\n<meta property=\"og:url\" content=\"https:\/\/experienceparkland.com\/fr\/lifestyle-options\/\" \/>\n<meta property=\"og:site_name\" content=\"Parkland Retirement Living\" \/>\n<meta property=\"article:modified_time\" content=\"2025-07-02T13:06:45+00:00\" \/>\n<meta property=\"og:image\" content=\"https:\/\/experienceparkland.com\/wp-content\/uploads\/2019\/06\/LifestleOptions_graphic-300x300.png\" \/>\n<meta name=\"twitter:card\" content=\"summary_large_image\" \/>\n<meta name=\"twitter:label1\" content=\"Est. reading time\" \/>\n\t<meta name=\"twitter:data1\" content=\"1 minute\" \/>\n<script type=\"application\/ld+json\" class=\"yoast-schema-graph\">{\"@context\":\"https:\\\/\\\/schema.org\",\"@graph\":[{\"@type\":\"WebPage\",\"@id\":\"https:\\\/\\\/experienceparkland.com\\\/fr\\\/lifestyle-options\\\/\",\"url\":\"https:\\\/\\\/experienceparkland.com\\\/fr\\\/lifestyle-options\\\/\",\"name\":\"Options de mode de vie - Parkland Retirement Living\",\"isPartOf\":{\"@id\":\"https:\\\/\\\/experienceparkland.com\\\/fr\\\/#website\"},\"primaryImageOfPage\":{\"@id\":\"https:\\\/\\\/experienceparkland.com\\\/fr\\\/lifestyle-options\\\/#primaryimage\"},\"image\":{\"@id\":\"https:\\\/\\\/experienceparkland.com\\\/fr\\\/lifestyle-options\\\/#primaryimage\"},\"thumbnailUrl\":\"https:\\\/\\\/experienceparkland.com\\\/wp-content\\\/uploads\\\/2019\\\/06\\\/LifestleOptions_graphic-300x300.png\",\"datePublished\":\"2019-04-03T18:35:10+00:00\",\"dateModified\":\"2025-07-02T13:06:45+00:00\",\"description\":\"Parkland propose un continuum complet d\u2019options de mode de vie, dont les appartements autonomes, tout inclus et avec services, ainsi que les soins pour perte cognitive.\",\"breadcrumb\":{\"@id\":\"https:\\\/\\\/experienceparkland.com\\\/fr\\\/lifestyle-options\\\/#breadcrumb\"},\"inLanguage\":\"fr-FR\",\"potentialAction\":[{\"@type\":\"ReadAction\",\"target\":[\"https:\\\/\\\/experienceparkland.com\\\/fr\\\/lifestyle-options\\\/\"]}]},{\"@type\":\"ImageObject\",\"inLanguage\":\"fr-FR\",\"@id\":\"https:\\\/\\\/experienceparkland.com\\\/fr\\\/lifestyle-options\\\/#primaryimage\",\"url\":\"https:\\\/\\\/experienceparkland.com\\\/wp-content\\\/uploads\\\/2019\\\/06\\\/LifestleOptions_graphic-300x300.png\",\"contentUrl\":\"https:\\\/\\\/experienceparkland.com\\\/wp-content\\\/uploads\\\/2019\\\/06\\\/LifestleOptions_graphic-300x300.png\"},{\"@type\":\"BreadcrumbList\",\"@id\":\"https:\\\/\\\/experienceparkland.com\\\/fr\\\/lifestyle-options\\\/#breadcrumb\",\"itemListElement\":[{\"@type\":\"ListItem\",\"position\":1,\"name\":\"Home\",\"item\":\"https:\\\/\\\/experienceparkland.com\\\/fr\\\/\"},{\"@type\":\"ListItem\",\"position\":2,\"name\":\"Options de mode de vie\"}]},{\"@type\":\"WebSite\",\"@id\":\"https:\\\/\\\/experienceparkland.com\\\/fr\\\/#website\",\"url\":\"https:\\\/\\\/experienceparkland.com\\\/fr\\\/\",\"name\":\"Parkland Retirement Living\",\"description\":\"\",\"potentialAction\":[{\"@type\":\"SearchAction\",\"target\":{\"@type\":\"EntryPoint\",\"urlTemplate\":\"https:\\\/\\\/experienceparkland.com\\\/fr\\\/?s={search_term_string}\"},\"query-input\":{\"@type\":\"PropertyValueSpecification\",\"valueRequired\":true,\"valueName\":\"search_term_string\"}}],\"inLanguage\":\"fr-FR\"}]}<\/script>\n<!-- \/ Yoast SEO plugin. -->","yoast_head_json":{"title":"Options de mode de vie - Parkland Retirement Living","description":"Parkland propose un continuum complet d\u2019options de mode de vie, dont les appartements autonomes, tout inclus et avec services, ainsi que les soins pour perte cognitive.","robots":{"index":"index","follow":"follow","max-snippet":"max-snippet:-1","max-image-preview":"max-image-preview:large","max-video-preview":"max-video-preview:-1"},"canonical":"https:\/\/experienceparkland.com\/fr\/lifestyle-options\/","og_locale":"fr_FR","og_type":"article","og_title":"Options de mode de vie - Parkland Retirement Living","og_description":"Parkland propose un continuum complet d\u2019options de mode de vie, dont les appartements autonomes, tout inclus et avec services, ainsi que les soins pour perte cognitive.","og_url":"https:\/\/experienceparkland.com\/fr\/lifestyle-options\/","og_site_name":"Parkland Retirement Living","article_modified_time":"2025-07-02T13:06:45+00:00","og_image":[{"url":"https:\/\/experienceparkland.com\/wp-content\/uploads\/2019\/06\/LifestleOptions_graphic-300x300.png","type":"","width":"","height":""}],"twitter_card":"summary_large_image","twitter_misc":{"Est. reading time":"1 minute"},"schema":{"@context":"https:\/\/schema.org","@graph":[{"@type":"WebPage","@id":"https:\/\/experienceparkland.com\/fr\/lifestyle-options\/","url":"https:\/\/experienceparkland.com\/fr\/lifestyle-options\/","name":"Options de mode de vie - Parkland Retirement Living","isPartOf":{"@id":"https:\/\/experienceparkland.com\/fr\/#website"},"primaryImageOfPage":{"@id":"https:\/\/experienceparkland.com\/fr\/lifestyle-options\/#primaryimage"},"image":{"@id":"https:\/\/experienceparkland.com\/fr\/lifestyle-options\/#primaryimage"},"thumbnailUrl":"https:\/\/experienceparkland.com\/wp-content\/uploads\/2019\/06\/LifestleOptions_graphic-300x300.png","datePublished":"2019-04-03T18:35:10+00:00","dateModified":"2025-07-02T13:06:45+00:00","description":"Parkland propose un continuum complet d\u2019options de mode de vie, dont les appartements autonomes, tout inclus et avec services, ainsi que les soins pour perte cognitive.","breadcrumb":{"@id":"https:\/\/experienceparkland.com\/fr\/lifestyle-options\/#breadcrumb"},"inLanguage":"fr-FR","potentialAction":[{"@type":"ReadAction","target":["https:\/\/experienceparkland.com\/fr\/lifestyle-options\/"]}]},{"@type":"ImageObject","inLanguage":"fr-FR","@id":"https:\/\/experienceparkland.com\/fr\/lifestyle-options\/#primaryimage","url":"https:\/\/experienceparkland.com\/wp-content\/uploads\/2019\/06\/LifestleOptions_graphic-300x300.png","contentUrl":"https:\/\/experienceparkland.com\/wp-content\/uploads\/2019\/06\/LifestleOptions_graphic-300x300.png"},{"@type":"BreadcrumbList","@id":"https:\/\/experienceparkland.com\/fr\/lifestyle-options\/#breadcrumb","itemListElement":[{"@type":"ListItem","position":1,"name":"Home","item":"https:\/\/experienceparkland.com\/fr\/"},{"@type":"ListItem","position":2,"name":"Options de mode de vie"}]},{"@type":"WebSite","@id":"https:\/\/experienceparkland.com\/fr\/#website","url":"https:\/\/experienceparkland.com\/fr\/","name":"Parkland Retirement Living","description":"","potentialAction":[{"@type":"SearchAction","target":{"@type":"EntryPoint","urlTemplate":"https:\/\/experienceparkland.com\/fr\/?s={search_term_string}"},"query-input":{"@type":"PropertyValueSpecification","valueRequired":true,"valueName":"search_term_string"}}],"inLanguage":"fr-FR"}]}},"_links":{"self":[{"href":"https:\/\/experienceparkland.com\/fr\/wp-json\/wp\/v2\/pages\/720","targetHints":{"allow":["GET"]}}],"collection":[{"href":"https:\/\/experienceparkland.com\/fr\/wp-json\/wp\/v2\/pages"}],"about":[{"href":"https:\/\/experienceparkland.com\/fr\/wp-json\/wp\/v2\/types\/page"}],"author":[{"embeddable":true,"href":"https:\/\/experienceparkland.com\/fr\/wp-json\/wp\/v2\/users\/51"}],"replies":[{"embeddable":true,"href":"https:\/\/experienceparkland.com\/fr\/wp-json\/wp\/v2\/comments?post=720"}],"version-history":[{"count":0,"href":"https:\/\/experienceparkland.com\/fr\/wp-json\/wp\/v2\/pages\/720\/revisions"}],"wp:attachment":[{"href":"https:\/\/experienceparkland.com\/fr\/wp-json\/wp\/v2\/media?parent=720"}],"curies":[{"name":"wp","href":"https:\/\/api.w.org\/{rel}","templated":true}]}}