{"id":716,"date":"2019-04-03T14:34:37","date_gmt":"2019-04-03T18:34:37","guid":{"rendered":"https:\/\/experienceparkland.com\/life-at-parkland\/"},"modified":"2020-03-27T09:12:35","modified_gmt":"2020-03-27T13:12:35","slug":"life-at-parkland","status":"publish","type":"page","link":"https:\/\/experienceparkland.com\/fr\/life-at-parkland\/","title":{"rendered":"La vie chez Parkland"},"content":{"rendered":"\n<h4 class=\"wp-block-heading\">Parkland, pour la vie adapt\u00e9e \u00e0 votre style<\/h4>\n\n\n\n<p> Que ce soit les activit\u00e9s sociales, les arts, la culture, le conditionnement physique ou tout ce qui pr\u00e9c\u00e8de qui vous int\u00e9resse, vous d\u00e9couvrirez que, chez Parkland, tout est con\u00e7u pour que vous puissiez poursuivre vos passions. De magnifiques complexes, les commodit\u00e9s \u00e0 votre porte, une multitude d\u2019activit\u00e9s et un excellent service\u00a0: voil\u00e0 l\u2019exp\u00e9rience Parkland.  <\/p>\n\n\n\n<p>Nous vous invitons \u00e0 profiter d\u2019une qualit\u00e9 de vie des plus agr\u00e9ables gr\u00e2ce \u00e0 nos employ\u00e9s qui font plus qu\u2019offrir des services; ils se soucient vraiment de vous. Notre personnel vous comprend, conna\u00eet vos int\u00e9r\u00eats et se voue \u00e0 votre confort, \u00e0 votre sant\u00e9 et \u00e0 votre bien-\u00eatre. Explorez la vie \u00e0 Parkland. <\/p>\n\n\n\n<iframe loading=\"lazy\" src=\"https:\/\/www.youtube.com\/embed\/qU_Bujq1U48?rel=0\" width=\"560\" height=\"315\" frameborder=\"0\" allowfullscreen=\"allowfullscreen\"><\/iframe>\n","protected":false},"excerpt":{"rendered":"<p>Parkland, pour la vie adapt\u00e9e \u00e0 votre style Que ce soit les activit\u00e9s sociales, les arts, la culture, le conditionnement physique ou tout ce qui pr\u00e9c\u00e8de qui vous int\u00e9resse, vous d\u00e9couvrirez que, chez Parkland, tout est con\u00e7u pour que vous puissiez poursuivre vos passions. De magnifiques complexes, les commodit\u00e9s \u00e0 votre porte, une multitude d\u2019activit\u00e9s&#8230; <a class=\"read_more\" title=\"La vie chez Parkland\" href=\"https:\/\/experienceparkland.com\/fr\/life-at-parkland\/\">Read more<\/a><\/p>\n","protected":false},"author":51,"featured_media":0,"parent":0,"menu_order":0,"comment_status":"closed","ping_status":"closed","template":"page-life-at-parkland.php","meta":{"_acf_changed":false,"footnotes":""},"class_list":["post-716","page","type-page","status-publish","hentry"],"acf":[],"featured_image_src":null,"yoast_head":"<!-- This site is optimized with the Yoast SEO plugin v27.4 - https:\/\/yoast.com\/product\/yoast-seo-wordpress\/ -->\n<title>La vie chez Parkland - Parkland Retirement Living<\/title>\n<meta name=\"description\" content=\"La vie de retraite chez Parkland se distingue de toute autre. Parkland offre des services culinaires, des activit\u00e9s de bien-\u00eatre et des soins exceptionnels.\" \/>\n<meta name=\"robots\" content=\"index, follow, max-snippet:-1, max-image-preview:large, max-video-preview:-1\" \/>\n<link rel=\"canonical\" href=\"https:\/\/experienceparkland.com\/fr\/life-at-parkland\/\" \/>\n<meta property=\"og:locale\" content=\"fr_FR\" \/>\n<meta property=\"og:type\" content=\"article\" \/>\n<meta property=\"og:title\" content=\"La vie chez Parkland - Parkland Retirement Living\" \/>\n<meta property=\"og:description\" content=\"La vie de retraite chez Parkland se distingue de toute autre. Parkland offre des services culinaires, des activit\u00e9s de bien-\u00eatre et des soins exceptionnels.\" \/>\n<meta property=\"og:url\" content=\"https:\/\/experienceparkland.com\/fr\/life-at-parkland\/\" \/>\n<meta property=\"og:site_name\" content=\"Parkland Retirement Living\" \/>\n<meta property=\"article:modified_time\" content=\"2020-03-27T13:12:35+00:00\" \/>\n<meta name=\"twitter:card\" content=\"summary_large_image\" \/>\n<meta name=\"twitter:label1\" content=\"Est. reading time\" \/>\n\t<meta name=\"twitter:data1\" content=\"1 minute\" \/>\n<script type=\"application\/ld+json\" class=\"yoast-schema-graph\">{\"@context\":\"https:\\\/\\\/schema.org\",\"@graph\":[{\"@type\":\"WebPage\",\"@id\":\"https:\\\/\\\/experienceparkland.com\\\/fr\\\/life-at-parkland\\\/\",\"url\":\"https:\\\/\\\/experienceparkland.com\\\/fr\\\/life-at-parkland\\\/\",\"name\":\"La vie chez Parkland - Parkland Retirement Living\",\"isPartOf\":{\"@id\":\"https:\\\/\\\/experienceparkland.com\\\/fr\\\/#website\"},\"datePublished\":\"2019-04-03T18:34:37+00:00\",\"dateModified\":\"2020-03-27T13:12:35+00:00\",\"description\":\"La vie de retraite chez Parkland se distingue de toute autre. Parkland offre des services culinaires, des activit\u00e9s de bien-\u00eatre et des soins exceptionnels.\",\"breadcrumb\":{\"@id\":\"https:\\\/\\\/experienceparkland.com\\\/fr\\\/life-at-parkland\\\/#breadcrumb\"},\"inLanguage\":\"fr-FR\",\"potentialAction\":[{\"@type\":\"ReadAction\",\"target\":[\"https:\\\/\\\/experienceparkland.com\\\/fr\\\/life-at-parkland\\\/\"]}]},{\"@type\":\"BreadcrumbList\",\"@id\":\"https:\\\/\\\/experienceparkland.com\\\/fr\\\/life-at-parkland\\\/#breadcrumb\",\"itemListElement\":[{\"@type\":\"ListItem\",\"position\":1,\"name\":\"Home\",\"item\":\"https:\\\/\\\/experienceparkland.com\\\/fr\\\/\"},{\"@type\":\"ListItem\",\"position\":2,\"name\":\"La vie chez Parkland\"}]},{\"@type\":\"WebSite\",\"@id\":\"https:\\\/\\\/experienceparkland.com\\\/fr\\\/#website\",\"url\":\"https:\\\/\\\/experienceparkland.com\\\/fr\\\/\",\"name\":\"Parkland Retirement Living\",\"description\":\"\",\"potentialAction\":[{\"@type\":\"SearchAction\",\"target\":{\"@type\":\"EntryPoint\",\"urlTemplate\":\"https:\\\/\\\/experienceparkland.com\\\/fr\\\/?s={search_term_string}\"},\"query-input\":{\"@type\":\"PropertyValueSpecification\",\"valueRequired\":true,\"valueName\":\"search_term_string\"}}],\"inLanguage\":\"fr-FR\"}]}<\/script>\n<!-- \/ Yoast SEO plugin. -->","yoast_head_json":{"title":"La vie chez Parkland - Parkland Retirement Living","description":"La vie de retraite chez Parkland se distingue de toute autre. Parkland offre des services culinaires, des activit\u00e9s de bien-\u00eatre et des soins exceptionnels.","robots":{"index":"index","follow":"follow","max-snippet":"max-snippet:-1","max-image-preview":"max-image-preview:large","max-video-preview":"max-video-preview:-1"},"canonical":"https:\/\/experienceparkland.com\/fr\/life-at-parkland\/","og_locale":"fr_FR","og_type":"article","og_title":"La vie chez Parkland - Parkland Retirement Living","og_description":"La vie de retraite chez Parkland se distingue de toute autre. Parkland offre des services culinaires, des activit\u00e9s de bien-\u00eatre et des soins exceptionnels.","og_url":"https:\/\/experienceparkland.com\/fr\/life-at-parkland\/","og_site_name":"Parkland Retirement Living","article_modified_time":"2020-03-27T13:12:35+00:00","twitter_card":"summary_large_image","twitter_misc":{"Est. reading time":"1 minute"},"schema":{"@context":"https:\/\/schema.org","@graph":[{"@type":"WebPage","@id":"https:\/\/experienceparkland.com\/fr\/life-at-parkland\/","url":"https:\/\/experienceparkland.com\/fr\/life-at-parkland\/","name":"La vie chez Parkland - Parkland Retirement Living","isPartOf":{"@id":"https:\/\/experienceparkland.com\/fr\/#website"},"datePublished":"2019-04-03T18:34:37+00:00","dateModified":"2020-03-27T13:12:35+00:00","description":"La vie de retraite chez Parkland se distingue de toute autre. Parkland offre des services culinaires, des activit\u00e9s de bien-\u00eatre et des soins exceptionnels.","breadcrumb":{"@id":"https:\/\/experienceparkland.com\/fr\/life-at-parkland\/#breadcrumb"},"inLanguage":"fr-FR","potentialAction":[{"@type":"ReadAction","target":["https:\/\/experienceparkland.com\/fr\/life-at-parkland\/"]}]},{"@type":"BreadcrumbList","@id":"https:\/\/experienceparkland.com\/fr\/life-at-parkland\/#breadcrumb","itemListElement":[{"@type":"ListItem","position":1,"name":"Home","item":"https:\/\/experienceparkland.com\/fr\/"},{"@type":"ListItem","position":2,"name":"La vie chez Parkland"}]},{"@type":"WebSite","@id":"https:\/\/experienceparkland.com\/fr\/#website","url":"https:\/\/experienceparkland.com\/fr\/","name":"Parkland Retirement Living","description":"","potentialAction":[{"@type":"SearchAction","target":{"@type":"EntryPoint","urlTemplate":"https:\/\/experienceparkland.com\/fr\/?s={search_term_string}"},"query-input":{"@type":"PropertyValueSpecification","valueRequired":true,"valueName":"search_term_string"}}],"inLanguage":"fr-FR"}]}},"_links":{"self":[{"href":"https:\/\/experienceparkland.com\/fr\/wp-json\/wp\/v2\/pages\/716","targetHints":{"allow":["GET"]}}],"collection":[{"href":"https:\/\/experienceparkland.com\/fr\/wp-json\/wp\/v2\/pages"}],"about":[{"href":"https:\/\/experienceparkland.com\/fr\/wp-json\/wp\/v2\/types\/page"}],"author":[{"embeddable":true,"href":"https:\/\/experienceparkland.com\/fr\/wp-json\/wp\/v2\/users\/51"}],"replies":[{"embeddable":true,"href":"https:\/\/experienceparkland.com\/fr\/wp-json\/wp\/v2\/comments?post=716"}],"version-history":[{"count":0,"href":"https:\/\/experienceparkland.com\/fr\/wp-json\/wp\/v2\/pages\/716\/revisions"}],"wp:attachment":[{"href":"https:\/\/experienceparkland.com\/fr\/wp-json\/wp\/v2\/media?parent=716"}],"curies":[{"name":"wp","href":"https:\/\/api.w.org\/{rel}","templated":true}]}}