{"id":714,"date":"2019-04-03T14:33:07","date_gmt":"2019-04-03T18:33:07","guid":{"rendered":"https:\/\/experienceparkland.com\/getting-started\/why-parkland\/"},"modified":"2020-02-21T10:58:49","modified_gmt":"2020-02-21T15:58:49","slug":"why-parkland","status":"publish","type":"page","link":"https:\/\/experienceparkland.com\/fr\/getting-started\/why-parkland\/","title":{"rendered":"Pourquoi Parkland?"},"content":{"rendered":"\n<h4 class=\"wp-block-heading\">De nos superbes complexes situ\u00e9s dans des quartiers dynamiques jusqu\u2019aux activit\u00e9s sans fin et un service exceptionnel, chez Parkland, chaque d\u00e9tail est con\u00e7u pour vous permettre de poursuivre les activit\u00e9s qui vous passionnent. <\/h4>\n\n<p><\/p>\n","protected":false},"excerpt":{"rendered":"<p>De nos superbes complexes situ\u00e9s dans des quartiers dynamiques jusqu\u2019aux activit\u00e9s sans fin et un service exceptionnel, chez Parkland, chaque d\u00e9tail est con\u00e7u pour vous permettre de poursuivre les activit\u00e9s qui vous passionnent.<\/p>\n","protected":false},"author":51,"featured_media":0,"parent":707,"menu_order":4,"comment_status":"closed","ping_status":"closed","template":"page-why-parkland.php","meta":{"_acf_changed":false,"footnotes":""},"class_list":["post-714","page","type-page","status-publish","hentry"],"acf":[],"featured_image_src":null,"yoast_head":"<!-- This site is optimized with the Yoast SEO plugin v27.5 - https:\/\/yoast.com\/product\/yoast-seo-wordpress\/ -->\n<title>Pourquoi Parkland? - Getting Started - Parkland Retirement Living<\/title>\n<meta name=\"description\" content=\"Les r\u00e9sidences de Parkland en Nouvelle-\u00c9cosse, au Nouveau-Brunswick et en Ontario offrent des r\u00e9sidences, des services culinaires et des activit\u00e9s sociales de premi\u00e8re qualit\u00e9.\" \/>\n<meta name=\"robots\" content=\"index, follow, max-snippet:-1, max-image-preview:large, max-video-preview:-1\" \/>\n<link rel=\"canonical\" href=\"https:\/\/experienceparkland.com\/fr\/getting-started\/why-parkland\/\" \/>\n<meta property=\"og:locale\" content=\"fr_FR\" \/>\n<meta property=\"og:type\" content=\"article\" \/>\n<meta property=\"og:title\" content=\"Pourquoi Parkland? - Getting Started - Parkland Retirement Living\" \/>\n<meta property=\"og:description\" content=\"Les r\u00e9sidences de Parkland en Nouvelle-\u00c9cosse, au Nouveau-Brunswick et en Ontario offrent des r\u00e9sidences, des services culinaires et des activit\u00e9s sociales de premi\u00e8re qualit\u00e9.\" \/>\n<meta property=\"og:url\" content=\"https:\/\/experienceparkland.com\/fr\/getting-started\/why-parkland\/\" \/>\n<meta property=\"og:site_name\" content=\"Parkland Retirement Living\" \/>\n<meta property=\"article:modified_time\" content=\"2020-02-21T15:58:49+00:00\" \/>\n<meta name=\"twitter:card\" content=\"summary_large_image\" \/>\n<script type=\"application\/ld+json\" class=\"yoast-schema-graph\">{\"@context\":\"https:\\\/\\\/schema.org\",\"@graph\":[{\"@type\":\"WebPage\",\"@id\":\"https:\\\/\\\/experienceparkland.com\\\/fr\\\/getting-started\\\/why-parkland\\\/\",\"url\":\"https:\\\/\\\/experienceparkland.com\\\/fr\\\/getting-started\\\/why-parkland\\\/\",\"name\":\"Pourquoi Parkland? - Getting Started - Parkland Retirement Living\",\"isPartOf\":{\"@id\":\"https:\\\/\\\/experienceparkland.com\\\/fr\\\/#website\"},\"datePublished\":\"2019-04-03T18:33:07+00:00\",\"dateModified\":\"2020-02-21T15:58:49+00:00\",\"description\":\"Les r\u00e9sidences de Parkland en Nouvelle-\u00c9cosse, au Nouveau-Brunswick et en Ontario offrent des r\u00e9sidences, des services culinaires et des activit\u00e9s sociales de premi\u00e8re qualit\u00e9.\",\"breadcrumb\":{\"@id\":\"https:\\\/\\\/experienceparkland.com\\\/fr\\\/getting-started\\\/why-parkland\\\/#breadcrumb\"},\"inLanguage\":\"fr-FR\",\"potentialAction\":[{\"@type\":\"ReadAction\",\"target\":[\"https:\\\/\\\/experienceparkland.com\\\/fr\\\/getting-started\\\/why-parkland\\\/\"]}]},{\"@type\":\"BreadcrumbList\",\"@id\":\"https:\\\/\\\/experienceparkland.com\\\/fr\\\/getting-started\\\/why-parkland\\\/#breadcrumb\",\"itemListElement\":[{\"@type\":\"ListItem\",\"position\":1,\"name\":\"Home\",\"item\":\"https:\\\/\\\/experienceparkland.com\\\/fr\\\/\"},{\"@type\":\"ListItem\",\"position\":2,\"name\":\"Pour commencer\",\"item\":\"https:\\\/\\\/experienceparkland.com\\\/fr\\\/getting-started\\\/\"},{\"@type\":\"ListItem\",\"position\":3,\"name\":\"Pourquoi Parkland?\"}]},{\"@type\":\"WebSite\",\"@id\":\"https:\\\/\\\/experienceparkland.com\\\/fr\\\/#website\",\"url\":\"https:\\\/\\\/experienceparkland.com\\\/fr\\\/\",\"name\":\"Parkland Retirement Living\",\"description\":\"\",\"potentialAction\":[{\"@type\":\"SearchAction\",\"target\":{\"@type\":\"EntryPoint\",\"urlTemplate\":\"https:\\\/\\\/experienceparkland.com\\\/fr\\\/?s={search_term_string}\"},\"query-input\":{\"@type\":\"PropertyValueSpecification\",\"valueRequired\":true,\"valueName\":\"search_term_string\"}}],\"inLanguage\":\"fr-FR\"}]}<\/script>\n<!-- \/ Yoast SEO plugin. -->","yoast_head_json":{"title":"Pourquoi Parkland? - Getting Started - Parkland Retirement Living","description":"Les r\u00e9sidences de Parkland en Nouvelle-\u00c9cosse, au Nouveau-Brunswick et en Ontario offrent des r\u00e9sidences, des services culinaires et des activit\u00e9s sociales de premi\u00e8re qualit\u00e9.","robots":{"index":"index","follow":"follow","max-snippet":"max-snippet:-1","max-image-preview":"max-image-preview:large","max-video-preview":"max-video-preview:-1"},"canonical":"https:\/\/experienceparkland.com\/fr\/getting-started\/why-parkland\/","og_locale":"fr_FR","og_type":"article","og_title":"Pourquoi Parkland? - Getting Started - Parkland Retirement Living","og_description":"Les r\u00e9sidences de Parkland en Nouvelle-\u00c9cosse, au Nouveau-Brunswick et en Ontario offrent des r\u00e9sidences, des services culinaires et des activit\u00e9s sociales de premi\u00e8re qualit\u00e9.","og_url":"https:\/\/experienceparkland.com\/fr\/getting-started\/why-parkland\/","og_site_name":"Parkland Retirement Living","article_modified_time":"2020-02-21T15:58:49+00:00","twitter_card":"summary_large_image","schema":{"@context":"https:\/\/schema.org","@graph":[{"@type":"WebPage","@id":"https:\/\/experienceparkland.com\/fr\/getting-started\/why-parkland\/","url":"https:\/\/experienceparkland.com\/fr\/getting-started\/why-parkland\/","name":"Pourquoi Parkland? - Getting Started - Parkland Retirement Living","isPartOf":{"@id":"https:\/\/experienceparkland.com\/fr\/#website"},"datePublished":"2019-04-03T18:33:07+00:00","dateModified":"2020-02-21T15:58:49+00:00","description":"Les r\u00e9sidences de Parkland en Nouvelle-\u00c9cosse, au Nouveau-Brunswick et en Ontario offrent des r\u00e9sidences, des services culinaires et des activit\u00e9s sociales de premi\u00e8re qualit\u00e9.","breadcrumb":{"@id":"https:\/\/experienceparkland.com\/fr\/getting-started\/why-parkland\/#breadcrumb"},"inLanguage":"fr-FR","potentialAction":[{"@type":"ReadAction","target":["https:\/\/experienceparkland.com\/fr\/getting-started\/why-parkland\/"]}]},{"@type":"BreadcrumbList","@id":"https:\/\/experienceparkland.com\/fr\/getting-started\/why-parkland\/#breadcrumb","itemListElement":[{"@type":"ListItem","position":1,"name":"Home","item":"https:\/\/experienceparkland.com\/fr\/"},{"@type":"ListItem","position":2,"name":"Pour commencer","item":"https:\/\/experienceparkland.com\/fr\/getting-started\/"},{"@type":"ListItem","position":3,"name":"Pourquoi Parkland?"}]},{"@type":"WebSite","@id":"https:\/\/experienceparkland.com\/fr\/#website","url":"https:\/\/experienceparkland.com\/fr\/","name":"Parkland Retirement Living","description":"","potentialAction":[{"@type":"SearchAction","target":{"@type":"EntryPoint","urlTemplate":"https:\/\/experienceparkland.com\/fr\/?s={search_term_string}"},"query-input":{"@type":"PropertyValueSpecification","valueRequired":true,"valueName":"search_term_string"}}],"inLanguage":"fr-FR"}]}},"_links":{"self":[{"href":"https:\/\/experienceparkland.com\/fr\/wp-json\/wp\/v2\/pages\/714","targetHints":{"allow":["GET"]}}],"collection":[{"href":"https:\/\/experienceparkland.com\/fr\/wp-json\/wp\/v2\/pages"}],"about":[{"href":"https:\/\/experienceparkland.com\/fr\/wp-json\/wp\/v2\/types\/page"}],"author":[{"embeddable":true,"href":"https:\/\/experienceparkland.com\/fr\/wp-json\/wp\/v2\/users\/51"}],"replies":[{"embeddable":true,"href":"https:\/\/experienceparkland.com\/fr\/wp-json\/wp\/v2\/comments?post=714"}],"version-history":[{"count":0,"href":"https:\/\/experienceparkland.com\/fr\/wp-json\/wp\/v2\/pages\/714\/revisions"}],"up":[{"embeddable":true,"href":"https:\/\/experienceparkland.com\/fr\/wp-json\/wp\/v2\/pages\/707"}],"wp:attachment":[{"href":"https:\/\/experienceparkland.com\/fr\/wp-json\/wp\/v2\/media?parent=714"}],"curies":[{"name":"wp","href":"https:\/\/api.w.org\/{rel}","templated":true}]}}