{"id":711,"date":"2019-04-03T14:32:04","date_gmt":"2019-04-03T18:32:04","guid":{"rendered":"https:\/\/experienceparkland.com\/getting-started\/faq\/"},"modified":"2020-02-21T10:53:06","modified_gmt":"2020-02-21T15:53:06","slug":"faq","status":"publish","type":"page","link":"https:\/\/experienceparkland.com\/fr\/getting-started\/faq\/","title":{"rendered":"FAQ"},"content":{"rendered":"","protected":false},"excerpt":{"rendered":"","protected":false},"author":51,"featured_media":0,"parent":707,"menu_order":1,"comment_status":"closed","ping_status":"closed","template":"page-faq.php","meta":{"_acf_changed":false,"footnotes":""},"class_list":["post-711","page","type-page","status-publish","hentry"],"acf":[],"featured_image_src":null,"yoast_head":"<!-- This site is optimized with the Yoast SEO plugin v27.4 - https:\/\/yoast.com\/product\/yoast-seo-wordpress\/ -->\n<title>FAQ - Getting Started - Parkland Retirement Living<\/title>\n<meta name=\"description\" content=\"Lisez notre FAQ pour plus de renseignements sur les services, le mode de vie et l\u2019autonomie dont vous b\u00e9n\u00e9ficierez dans une r\u00e9sidence de Parkland.\" \/>\n<meta name=\"robots\" content=\"index, follow, max-snippet:-1, max-image-preview:large, max-video-preview:-1\" \/>\n<link rel=\"canonical\" href=\"https:\/\/experienceparkland.com\/fr\/getting-started\/faq\/\" \/>\n<meta property=\"og:locale\" content=\"fr_FR\" \/>\n<meta property=\"og:type\" content=\"article\" \/>\n<meta property=\"og:title\" content=\"FAQ - Getting Started - Parkland Retirement Living\" \/>\n<meta property=\"og:description\" content=\"Lisez notre FAQ pour plus de renseignements sur les services, le mode de vie et l\u2019autonomie dont vous b\u00e9n\u00e9ficierez dans une r\u00e9sidence de Parkland.\" \/>\n<meta property=\"og:url\" content=\"https:\/\/experienceparkland.com\/fr\/getting-started\/faq\/\" \/>\n<meta property=\"og:site_name\" content=\"Parkland Retirement Living\" \/>\n<meta property=\"article:modified_time\" content=\"2020-02-21T15:53:06+00:00\" \/>\n<meta name=\"twitter:card\" content=\"summary_large_image\" \/>\n<script type=\"application\/ld+json\" class=\"yoast-schema-graph\">{\"@context\":\"https:\\\/\\\/schema.org\",\"@graph\":[{\"@type\":\"WebPage\",\"@id\":\"https:\\\/\\\/experienceparkland.com\\\/fr\\\/getting-started\\\/faq\\\/\",\"url\":\"https:\\\/\\\/experienceparkland.com\\\/fr\\\/getting-started\\\/faq\\\/\",\"name\":\"FAQ - Getting Started - Parkland Retirement Living\",\"isPartOf\":{\"@id\":\"https:\\\/\\\/experienceparkland.com\\\/fr\\\/#website\"},\"datePublished\":\"2019-04-03T18:32:04+00:00\",\"dateModified\":\"2020-02-21T15:53:06+00:00\",\"description\":\"Lisez notre FAQ pour plus de renseignements sur les services, le mode de vie et l\u2019autonomie dont vous b\u00e9n\u00e9ficierez dans une r\u00e9sidence de Parkland.\",\"breadcrumb\":{\"@id\":\"https:\\\/\\\/experienceparkland.com\\\/fr\\\/getting-started\\\/faq\\\/#breadcrumb\"},\"inLanguage\":\"fr-FR\",\"potentialAction\":[{\"@type\":\"ReadAction\",\"target\":[\"https:\\\/\\\/experienceparkland.com\\\/fr\\\/getting-started\\\/faq\\\/\"]}]},{\"@type\":\"BreadcrumbList\",\"@id\":\"https:\\\/\\\/experienceparkland.com\\\/fr\\\/getting-started\\\/faq\\\/#breadcrumb\",\"itemListElement\":[{\"@type\":\"ListItem\",\"position\":1,\"name\":\"Home\",\"item\":\"https:\\\/\\\/experienceparkland.com\\\/fr\\\/\"},{\"@type\":\"ListItem\",\"position\":2,\"name\":\"Pour commencer\",\"item\":\"https:\\\/\\\/experienceparkland.com\\\/fr\\\/getting-started\\\/\"},{\"@type\":\"ListItem\",\"position\":3,\"name\":\"FAQ\"}]},{\"@type\":\"WebSite\",\"@id\":\"https:\\\/\\\/experienceparkland.com\\\/fr\\\/#website\",\"url\":\"https:\\\/\\\/experienceparkland.com\\\/fr\\\/\",\"name\":\"Parkland Retirement Living\",\"description\":\"\",\"potentialAction\":[{\"@type\":\"SearchAction\",\"target\":{\"@type\":\"EntryPoint\",\"urlTemplate\":\"https:\\\/\\\/experienceparkland.com\\\/fr\\\/?s={search_term_string}\"},\"query-input\":{\"@type\":\"PropertyValueSpecification\",\"valueRequired\":true,\"valueName\":\"search_term_string\"}}],\"inLanguage\":\"fr-FR\"}]}<\/script>\n<!-- \/ Yoast SEO plugin. -->","yoast_head_json":{"title":"FAQ - Getting Started - Parkland Retirement Living","description":"Lisez notre FAQ pour plus de renseignements sur les services, le mode de vie et l\u2019autonomie dont vous b\u00e9n\u00e9ficierez dans une r\u00e9sidence de Parkland.","robots":{"index":"index","follow":"follow","max-snippet":"max-snippet:-1","max-image-preview":"max-image-preview:large","max-video-preview":"max-video-preview:-1"},"canonical":"https:\/\/experienceparkland.com\/fr\/getting-started\/faq\/","og_locale":"fr_FR","og_type":"article","og_title":"FAQ - Getting Started - Parkland Retirement Living","og_description":"Lisez notre FAQ pour plus de renseignements sur les services, le mode de vie et l\u2019autonomie dont vous b\u00e9n\u00e9ficierez dans une r\u00e9sidence de Parkland.","og_url":"https:\/\/experienceparkland.com\/fr\/getting-started\/faq\/","og_site_name":"Parkland Retirement Living","article_modified_time":"2020-02-21T15:53:06+00:00","twitter_card":"summary_large_image","schema":{"@context":"https:\/\/schema.org","@graph":[{"@type":"WebPage","@id":"https:\/\/experienceparkland.com\/fr\/getting-started\/faq\/","url":"https:\/\/experienceparkland.com\/fr\/getting-started\/faq\/","name":"FAQ - Getting Started - Parkland Retirement Living","isPartOf":{"@id":"https:\/\/experienceparkland.com\/fr\/#website"},"datePublished":"2019-04-03T18:32:04+00:00","dateModified":"2020-02-21T15:53:06+00:00","description":"Lisez notre FAQ pour plus de renseignements sur les services, le mode de vie et l\u2019autonomie dont vous b\u00e9n\u00e9ficierez dans une r\u00e9sidence de Parkland.","breadcrumb":{"@id":"https:\/\/experienceparkland.com\/fr\/getting-started\/faq\/#breadcrumb"},"inLanguage":"fr-FR","potentialAction":[{"@type":"ReadAction","target":["https:\/\/experienceparkland.com\/fr\/getting-started\/faq\/"]}]},{"@type":"BreadcrumbList","@id":"https:\/\/experienceparkland.com\/fr\/getting-started\/faq\/#breadcrumb","itemListElement":[{"@type":"ListItem","position":1,"name":"Home","item":"https:\/\/experienceparkland.com\/fr\/"},{"@type":"ListItem","position":2,"name":"Pour commencer","item":"https:\/\/experienceparkland.com\/fr\/getting-started\/"},{"@type":"ListItem","position":3,"name":"FAQ"}]},{"@type":"WebSite","@id":"https:\/\/experienceparkland.com\/fr\/#website","url":"https:\/\/experienceparkland.com\/fr\/","name":"Parkland Retirement Living","description":"","potentialAction":[{"@type":"SearchAction","target":{"@type":"EntryPoint","urlTemplate":"https:\/\/experienceparkland.com\/fr\/?s={search_term_string}"},"query-input":{"@type":"PropertyValueSpecification","valueRequired":true,"valueName":"search_term_string"}}],"inLanguage":"fr-FR"}]}},"_links":{"self":[{"href":"https:\/\/experienceparkland.com\/fr\/wp-json\/wp\/v2\/pages\/711","targetHints":{"allow":["GET"]}}],"collection":[{"href":"https:\/\/experienceparkland.com\/fr\/wp-json\/wp\/v2\/pages"}],"about":[{"href":"https:\/\/experienceparkland.com\/fr\/wp-json\/wp\/v2\/types\/page"}],"author":[{"embeddable":true,"href":"https:\/\/experienceparkland.com\/fr\/wp-json\/wp\/v2\/users\/51"}],"replies":[{"embeddable":true,"href":"https:\/\/experienceparkland.com\/fr\/wp-json\/wp\/v2\/comments?post=711"}],"version-history":[{"count":0,"href":"https:\/\/experienceparkland.com\/fr\/wp-json\/wp\/v2\/pages\/711\/revisions"}],"up":[{"embeddable":true,"href":"https:\/\/experienceparkland.com\/fr\/wp-json\/wp\/v2\/pages\/707"}],"wp:attachment":[{"href":"https:\/\/experienceparkland.com\/fr\/wp-json\/wp\/v2\/media?parent=711"}],"curies":[{"name":"wp","href":"https:\/\/api.w.org\/{rel}","templated":true}]}}