{"id":707,"date":"2019-04-03T14:31:17","date_gmt":"2019-04-03T18:31:17","guid":{"rendered":"https:\/\/experienceparkland.com\/getting-started\/"},"modified":"2020-02-21T10:59:47","modified_gmt":"2020-02-21T15:59:47","slug":"getting-started","status":"publish","type":"page","link":"https:\/\/experienceparkland.com\/fr\/getting-started\/","title":{"rendered":"Pour commencer"},"content":{"rendered":"\n<h4 class=\"wp-block-heading\">Bienvenue chez Parkland. C\u2019est votre temps.<\/h4>\n\n<p>Le temps est venu de poursuivre vos activit\u00e9s pr\u00e9f\u00e9r\u00e9es ou celles que vous avez toujours voulu essayer. C\u2019est maintenant le moment de prendre soin de vous-m\u00eame, ou m\u00eame de vous g\u00e2ter un peu. Le moment est venu de vous entourer de vos proches et de vous engager aupr\u00e8s de la communaut\u00e9, car l\u2019on sait que toutes ces choses favorisent une vie plus longue, plus saine et plus heureuse. Bienvenue \u00e0 la vie de retraite, un nouveau chapitre tout \u00e0 fait passionnant de la vie. Tout cela parce que, tout simplement, c\u2019est vous qui \u00eates au centre de tout ce que nous faisons.  <\/p>\n\n<p>M\u00eame si vous avez h\u00e2te de passer \u00e0 la prochaine \u00e9tape de votre vie, nous savons qu\u2019il ne s\u2019agit pas d\u2019une d\u00e9cision facile. Vendre la maison familiale, d\u00e9m\u00e9nager en plus petit ou tout simplement la r\u00e9alit\u00e9 du changement peuvent \u00eatre difficiles. Mais ne vous inqui\u00e9tez pas. Chez Parkland, nous sommes l\u00e0 pour que votre transition soit aussi douce que possible, voire une exp\u00e9rience agr\u00e9able. Notre personnel accueillant et professionnel est l\u00e0 pour vous aider tout au long du processus.<\/p>\n","protected":false},"excerpt":{"rendered":"<p>Bienvenue chez Parkland. C\u2019est votre temps. Le temps est venu de poursuivre vos activit\u00e9s pr\u00e9f\u00e9r\u00e9es ou celles que vous avez toujours voulu essayer. C\u2019est maintenant le moment de prendre soin de vous-m\u00eame, ou m\u00eame de vous g\u00e2ter un peu. Le moment est venu de vous entourer de vos proches et de vous engager aupr\u00e8s de&#8230; <a class=\"read_more\" title=\"Pour commencer\" href=\"https:\/\/experienceparkland.com\/fr\/getting-started\/\">Read more<\/a><\/p>\n","protected":false},"author":51,"featured_media":0,"parent":0,"menu_order":0,"comment_status":"closed","ping_status":"closed","template":"page-getting-started.php","meta":{"_acf_changed":false,"footnotes":""},"class_list":["post-707","page","type-page","status-publish","hentry"],"acf":[],"featured_image_src":null,"yoast_head":"<!-- This site is optimized with the Yoast SEO plugin v27.3 - https:\/\/yoast.com\/product\/yoast-seo-wordpress\/ -->\n<title>Pour commencer - Parkland Retirement Living<\/title>\n<meta name=\"description\" content=\"Parkland offre aux personnes a\u00een\u00e9es une vari\u00e9t\u00e9 de ressources pour les aider \u00e0 d\u00e9cider du bon moment de faire la transition dans une r\u00e9sidence de vie de retraite.\" \/>\n<meta name=\"robots\" content=\"index, follow, max-snippet:-1, max-image-preview:large, max-video-preview:-1\" \/>\n<link rel=\"canonical\" href=\"https:\/\/experienceparkland.com\/fr\/getting-started\/\" \/>\n<meta property=\"og:locale\" content=\"fr_FR\" \/>\n<meta property=\"og:type\" content=\"article\" \/>\n<meta property=\"og:title\" content=\"Pour commencer - Parkland Retirement Living\" \/>\n<meta property=\"og:description\" content=\"Parkland offre aux personnes a\u00een\u00e9es une vari\u00e9t\u00e9 de ressources pour les aider \u00e0 d\u00e9cider du bon moment de faire la transition dans une r\u00e9sidence de vie de retraite.\" \/>\n<meta property=\"og:url\" content=\"https:\/\/experienceparkland.com\/fr\/getting-started\/\" \/>\n<meta property=\"og:site_name\" content=\"Parkland Retirement Living\" \/>\n<meta property=\"article:modified_time\" content=\"2020-02-21T15:59:47+00:00\" \/>\n<meta name=\"twitter:card\" content=\"summary_large_image\" \/>\n<meta name=\"twitter:label1\" content=\"Est. reading time\" \/>\n\t<meta name=\"twitter:data1\" content=\"1 minute\" \/>\n<script type=\"application\/ld+json\" class=\"yoast-schema-graph\">{\"@context\":\"https:\\\/\\\/schema.org\",\"@graph\":[{\"@type\":\"WebPage\",\"@id\":\"https:\\\/\\\/experienceparkland.com\\\/fr\\\/getting-started\\\/\",\"url\":\"https:\\\/\\\/experienceparkland.com\\\/fr\\\/getting-started\\\/\",\"name\":\"Pour commencer - Parkland Retirement Living\",\"isPartOf\":{\"@id\":\"https:\\\/\\\/experienceparkland.com\\\/fr\\\/#website\"},\"datePublished\":\"2019-04-03T18:31:17+00:00\",\"dateModified\":\"2020-02-21T15:59:47+00:00\",\"description\":\"Parkland offre aux personnes a\u00een\u00e9es une vari\u00e9t\u00e9 de ressources pour les aider \u00e0 d\u00e9cider du bon moment de faire la transition dans une r\u00e9sidence de vie de retraite.\",\"breadcrumb\":{\"@id\":\"https:\\\/\\\/experienceparkland.com\\\/fr\\\/getting-started\\\/#breadcrumb\"},\"inLanguage\":\"fr-FR\",\"potentialAction\":[{\"@type\":\"ReadAction\",\"target\":[\"https:\\\/\\\/experienceparkland.com\\\/fr\\\/getting-started\\\/\"]}]},{\"@type\":\"BreadcrumbList\",\"@id\":\"https:\\\/\\\/experienceparkland.com\\\/fr\\\/getting-started\\\/#breadcrumb\",\"itemListElement\":[{\"@type\":\"ListItem\",\"position\":1,\"name\":\"Home\",\"item\":\"https:\\\/\\\/experienceparkland.com\\\/fr\\\/\"},{\"@type\":\"ListItem\",\"position\":2,\"name\":\"Pour commencer\"}]},{\"@type\":\"WebSite\",\"@id\":\"https:\\\/\\\/experienceparkland.com\\\/fr\\\/#website\",\"url\":\"https:\\\/\\\/experienceparkland.com\\\/fr\\\/\",\"name\":\"Parkland Retirement Living\",\"description\":\"\",\"potentialAction\":[{\"@type\":\"SearchAction\",\"target\":{\"@type\":\"EntryPoint\",\"urlTemplate\":\"https:\\\/\\\/experienceparkland.com\\\/fr\\\/?s={search_term_string}\"},\"query-input\":{\"@type\":\"PropertyValueSpecification\",\"valueRequired\":true,\"valueName\":\"search_term_string\"}}],\"inLanguage\":\"fr-FR\"}]}<\/script>\n<!-- \/ Yoast SEO plugin. -->","yoast_head_json":{"title":"Pour commencer - Parkland Retirement Living","description":"Parkland offre aux personnes a\u00een\u00e9es une vari\u00e9t\u00e9 de ressources pour les aider \u00e0 d\u00e9cider du bon moment de faire la transition dans une r\u00e9sidence de vie de retraite.","robots":{"index":"index","follow":"follow","max-snippet":"max-snippet:-1","max-image-preview":"max-image-preview:large","max-video-preview":"max-video-preview:-1"},"canonical":"https:\/\/experienceparkland.com\/fr\/getting-started\/","og_locale":"fr_FR","og_type":"article","og_title":"Pour commencer - Parkland Retirement Living","og_description":"Parkland offre aux personnes a\u00een\u00e9es une vari\u00e9t\u00e9 de ressources pour les aider \u00e0 d\u00e9cider du bon moment de faire la transition dans une r\u00e9sidence de vie de retraite.","og_url":"https:\/\/experienceparkland.com\/fr\/getting-started\/","og_site_name":"Parkland Retirement Living","article_modified_time":"2020-02-21T15:59:47+00:00","twitter_card":"summary_large_image","twitter_misc":{"Est. reading time":"1 minute"},"schema":{"@context":"https:\/\/schema.org","@graph":[{"@type":"WebPage","@id":"https:\/\/experienceparkland.com\/fr\/getting-started\/","url":"https:\/\/experienceparkland.com\/fr\/getting-started\/","name":"Pour commencer - Parkland Retirement Living","isPartOf":{"@id":"https:\/\/experienceparkland.com\/fr\/#website"},"datePublished":"2019-04-03T18:31:17+00:00","dateModified":"2020-02-21T15:59:47+00:00","description":"Parkland offre aux personnes a\u00een\u00e9es une vari\u00e9t\u00e9 de ressources pour les aider \u00e0 d\u00e9cider du bon moment de faire la transition dans une r\u00e9sidence de vie de retraite.","breadcrumb":{"@id":"https:\/\/experienceparkland.com\/fr\/getting-started\/#breadcrumb"},"inLanguage":"fr-FR","potentialAction":[{"@type":"ReadAction","target":["https:\/\/experienceparkland.com\/fr\/getting-started\/"]}]},{"@type":"BreadcrumbList","@id":"https:\/\/experienceparkland.com\/fr\/getting-started\/#breadcrumb","itemListElement":[{"@type":"ListItem","position":1,"name":"Home","item":"https:\/\/experienceparkland.com\/fr\/"},{"@type":"ListItem","position":2,"name":"Pour commencer"}]},{"@type":"WebSite","@id":"https:\/\/experienceparkland.com\/fr\/#website","url":"https:\/\/experienceparkland.com\/fr\/","name":"Parkland Retirement Living","description":"","potentialAction":[{"@type":"SearchAction","target":{"@type":"EntryPoint","urlTemplate":"https:\/\/experienceparkland.com\/fr\/?s={search_term_string}"},"query-input":{"@type":"PropertyValueSpecification","valueRequired":true,"valueName":"search_term_string"}}],"inLanguage":"fr-FR"}]}},"_links":{"self":[{"href":"https:\/\/experienceparkland.com\/fr\/wp-json\/wp\/v2\/pages\/707","targetHints":{"allow":["GET"]}}],"collection":[{"href":"https:\/\/experienceparkland.com\/fr\/wp-json\/wp\/v2\/pages"}],"about":[{"href":"https:\/\/experienceparkland.com\/fr\/wp-json\/wp\/v2\/types\/page"}],"author":[{"embeddable":true,"href":"https:\/\/experienceparkland.com\/fr\/wp-json\/wp\/v2\/users\/51"}],"replies":[{"embeddable":true,"href":"https:\/\/experienceparkland.com\/fr\/wp-json\/wp\/v2\/comments?post=707"}],"version-history":[{"count":0,"href":"https:\/\/experienceparkland.com\/fr\/wp-json\/wp\/v2\/pages\/707\/revisions"}],"wp:attachment":[{"href":"https:\/\/experienceparkland.com\/fr\/wp-json\/wp\/v2\/media?parent=707"}],"curies":[{"name":"wp","href":"https:\/\/api.w.org\/{rel}","templated":true}]}}