{"id":705,"date":"2019-04-03T14:30:37","date_gmt":"2019-04-03T18:30:37","guid":{"rendered":"https:\/\/experienceparkland.com\/about-us\/values-vision\/"},"modified":"2020-02-21T10:18:52","modified_gmt":"2020-02-21T15:18:52","slug":"values-vision","status":"publish","type":"page","link":"https:\/\/experienceparkland.com\/fr\/about-us\/values-vision\/","title":{"rendered":"Values &#038; Vision"},"content":{"rendered":"\n<h3 class=\"wp-block-heading\">Notre vision<\/h3>\n\n<p><span style=\"font-weight: 400;\">Nous <\/span><b>ouvrirons la voie \u00e0 une vie meilleure <\/b><span style=\"font-weight: 400;\">pour nos communaut\u00e9s et chaque personne qui y r\u00e9side en leur offrant les meilleurs soins possibles par l\u2019entremise d\u2019un continuum d\u2019options de mode de vie et d\u2019une excellence en mati\u00e8re de service au fur et \u00e0 mesure que leurs besoins changent en vieillissant.<\/span><\/p>\n\n<h3 class=\"wp-block-heading\">Nos valeurs organisationnelles<\/h3>\n\n<p>Nos valeurs organisationnelles Les moyens utilis\u00e9s pour r\u00e9aliser notre vision sont aussi importants que la vision elle-m\u00eame. Nos valeurs organisationnelles d\u00e9finissent ce que nous repr\u00e9sentons et fa\u00e7onnent notre caract\u00e8re ainsi que notre culture. Ces valeurs, ancr\u00e9es dans nos formations et dans nos pratiques, guident nos d\u00e9cisions et le service que nous offrons aux personnes r\u00e9sidentes.<\/p>\n","protected":false},"excerpt":{"rendered":"<p>Notre vision Nous ouvrirons la voie \u00e0 une vie meilleure pour nos communaut\u00e9s et chaque personne qui y r\u00e9side en leur offrant les meilleurs soins possibles par l\u2019entremise d\u2019un continuum d\u2019options de mode de vie et d\u2019une excellence en mati\u00e8re de service au fur et \u00e0 mesure que leurs besoins changent en vieillissant. Nos valeurs&#8230; <a class=\"read_more\" title=\"Values &#038; Vision\" href=\"https:\/\/experienceparkland.com\/fr\/about-us\/values-vision\/\">Read more<\/a><\/p>\n","protected":false},"author":51,"featured_media":0,"parent":686,"menu_order":5,"comment_status":"closed","ping_status":"closed","template":"page-text-wrapping-image.php","meta":{"_acf_changed":false,"footnotes":""},"class_list":["post-705","page","type-page","status-publish","hentry"],"acf":[],"featured_image_src":null,"yoast_head":"<!-- This site is optimized with the Yoast SEO plugin v27.4 - https:\/\/yoast.com\/product\/yoast-seo-wordpress\/ -->\n<title>Values &amp; Vision - About Us - Parkland Retirement Living<\/title>\n<meta name=\"description\" content=\"Chez Parkland, notre objectif est d\u2019aider les personnes r\u00e9sidentes \u00e0 vivre la vie \u00e0 son meilleur. Cette vision oriente nos valeurs organisationnelles, notamment celles d\u2019am\u00e9lioration de la qualit\u00e9 et de priorisation des personnes r\u00e9sidentes.\" \/>\n<meta name=\"robots\" content=\"index, follow, max-snippet:-1, max-image-preview:large, max-video-preview:-1\" \/>\n<link rel=\"canonical\" href=\"https:\/\/experienceparkland.com\/fr\/about-us\/values-vision\/\" \/>\n<meta property=\"og:locale\" content=\"fr_FR\" \/>\n<meta property=\"og:type\" content=\"article\" \/>\n<meta property=\"og:title\" content=\"Values &amp; Vision - About Us - Parkland Retirement Living\" \/>\n<meta property=\"og:description\" content=\"Chez Parkland, notre objectif est d\u2019aider les personnes r\u00e9sidentes \u00e0 vivre la vie \u00e0 son meilleur. Cette vision oriente nos valeurs organisationnelles, notamment celles d\u2019am\u00e9lioration de la qualit\u00e9 et de priorisation des personnes r\u00e9sidentes.\" \/>\n<meta property=\"og:url\" content=\"https:\/\/experienceparkland.com\/fr\/about-us\/values-vision\/\" \/>\n<meta property=\"og:site_name\" content=\"Parkland Retirement Living\" \/>\n<meta property=\"article:modified_time\" content=\"2020-02-21T15:18:52+00:00\" \/>\n<meta name=\"twitter:card\" content=\"summary_large_image\" \/>\n<meta name=\"twitter:label1\" content=\"Est. reading time\" \/>\n\t<meta name=\"twitter:data1\" content=\"1 minute\" \/>\n<script type=\"application\/ld+json\" class=\"yoast-schema-graph\">{\"@context\":\"https:\\\/\\\/schema.org\",\"@graph\":[{\"@type\":\"WebPage\",\"@id\":\"https:\\\/\\\/experienceparkland.com\\\/fr\\\/about-us\\\/values-vision\\\/\",\"url\":\"https:\\\/\\\/experienceparkland.com\\\/fr\\\/about-us\\\/values-vision\\\/\",\"name\":\"Values & Vision - About Us - Parkland Retirement Living\",\"isPartOf\":{\"@id\":\"https:\\\/\\\/experienceparkland.com\\\/fr\\\/#website\"},\"datePublished\":\"2019-04-03T18:30:37+00:00\",\"dateModified\":\"2020-02-21T15:18:52+00:00\",\"description\":\"Chez Parkland, notre objectif est d\u2019aider les personnes r\u00e9sidentes \u00e0 vivre la vie \u00e0 son meilleur. Cette vision oriente nos valeurs organisationnelles, notamment celles d\u2019am\u00e9lioration de la qualit\u00e9 et de priorisation des personnes r\u00e9sidentes.\",\"breadcrumb\":{\"@id\":\"https:\\\/\\\/experienceparkland.com\\\/fr\\\/about-us\\\/values-vision\\\/#breadcrumb\"},\"inLanguage\":\"fr-FR\",\"potentialAction\":[{\"@type\":\"ReadAction\",\"target\":[\"https:\\\/\\\/experienceparkland.com\\\/fr\\\/about-us\\\/values-vision\\\/\"]}]},{\"@type\":\"BreadcrumbList\",\"@id\":\"https:\\\/\\\/experienceparkland.com\\\/fr\\\/about-us\\\/values-vision\\\/#breadcrumb\",\"itemListElement\":[{\"@type\":\"ListItem\",\"position\":1,\"name\":\"Home\",\"item\":\"https:\\\/\\\/experienceparkland.com\\\/fr\\\/\"},{\"@type\":\"ListItem\",\"position\":2,\"name\":\"Qui sommes-nous?\",\"item\":\"https:\\\/\\\/experienceparkland.com\\\/fr\\\/about-us\\\/\"},{\"@type\":\"ListItem\",\"position\":3,\"name\":\"Values &#038; Vision\"}]},{\"@type\":\"WebSite\",\"@id\":\"https:\\\/\\\/experienceparkland.com\\\/fr\\\/#website\",\"url\":\"https:\\\/\\\/experienceparkland.com\\\/fr\\\/\",\"name\":\"Parkland Retirement Living\",\"description\":\"\",\"potentialAction\":[{\"@type\":\"SearchAction\",\"target\":{\"@type\":\"EntryPoint\",\"urlTemplate\":\"https:\\\/\\\/experienceparkland.com\\\/fr\\\/?s={search_term_string}\"},\"query-input\":{\"@type\":\"PropertyValueSpecification\",\"valueRequired\":true,\"valueName\":\"search_term_string\"}}],\"inLanguage\":\"fr-FR\"}]}<\/script>\n<!-- \/ Yoast SEO plugin. -->","yoast_head_json":{"title":"Values & Vision - About Us - Parkland Retirement Living","description":"Chez Parkland, notre objectif est d\u2019aider les personnes r\u00e9sidentes \u00e0 vivre la vie \u00e0 son meilleur. Cette vision oriente nos valeurs organisationnelles, notamment celles d\u2019am\u00e9lioration de la qualit\u00e9 et de priorisation des personnes r\u00e9sidentes.","robots":{"index":"index","follow":"follow","max-snippet":"max-snippet:-1","max-image-preview":"max-image-preview:large","max-video-preview":"max-video-preview:-1"},"canonical":"https:\/\/experienceparkland.com\/fr\/about-us\/values-vision\/","og_locale":"fr_FR","og_type":"article","og_title":"Values & Vision - About Us - Parkland Retirement Living","og_description":"Chez Parkland, notre objectif est d\u2019aider les personnes r\u00e9sidentes \u00e0 vivre la vie \u00e0 son meilleur. Cette vision oriente nos valeurs organisationnelles, notamment celles d\u2019am\u00e9lioration de la qualit\u00e9 et de priorisation des personnes r\u00e9sidentes.","og_url":"https:\/\/experienceparkland.com\/fr\/about-us\/values-vision\/","og_site_name":"Parkland Retirement Living","article_modified_time":"2020-02-21T15:18:52+00:00","twitter_card":"summary_large_image","twitter_misc":{"Est. reading time":"1 minute"},"schema":{"@context":"https:\/\/schema.org","@graph":[{"@type":"WebPage","@id":"https:\/\/experienceparkland.com\/fr\/about-us\/values-vision\/","url":"https:\/\/experienceparkland.com\/fr\/about-us\/values-vision\/","name":"Values & Vision - About Us - Parkland Retirement Living","isPartOf":{"@id":"https:\/\/experienceparkland.com\/fr\/#website"},"datePublished":"2019-04-03T18:30:37+00:00","dateModified":"2020-02-21T15:18:52+00:00","description":"Chez Parkland, notre objectif est d\u2019aider les personnes r\u00e9sidentes \u00e0 vivre la vie \u00e0 son meilleur. Cette vision oriente nos valeurs organisationnelles, notamment celles d\u2019am\u00e9lioration de la qualit\u00e9 et de priorisation des personnes r\u00e9sidentes.","breadcrumb":{"@id":"https:\/\/experienceparkland.com\/fr\/about-us\/values-vision\/#breadcrumb"},"inLanguage":"fr-FR","potentialAction":[{"@type":"ReadAction","target":["https:\/\/experienceparkland.com\/fr\/about-us\/values-vision\/"]}]},{"@type":"BreadcrumbList","@id":"https:\/\/experienceparkland.com\/fr\/about-us\/values-vision\/#breadcrumb","itemListElement":[{"@type":"ListItem","position":1,"name":"Home","item":"https:\/\/experienceparkland.com\/fr\/"},{"@type":"ListItem","position":2,"name":"Qui sommes-nous?","item":"https:\/\/experienceparkland.com\/fr\/about-us\/"},{"@type":"ListItem","position":3,"name":"Values &#038; Vision"}]},{"@type":"WebSite","@id":"https:\/\/experienceparkland.com\/fr\/#website","url":"https:\/\/experienceparkland.com\/fr\/","name":"Parkland Retirement Living","description":"","potentialAction":[{"@type":"SearchAction","target":{"@type":"EntryPoint","urlTemplate":"https:\/\/experienceparkland.com\/fr\/?s={search_term_string}"},"query-input":{"@type":"PropertyValueSpecification","valueRequired":true,"valueName":"search_term_string"}}],"inLanguage":"fr-FR"}]}},"_links":{"self":[{"href":"https:\/\/experienceparkland.com\/fr\/wp-json\/wp\/v2\/pages\/705","targetHints":{"allow":["GET"]}}],"collection":[{"href":"https:\/\/experienceparkland.com\/fr\/wp-json\/wp\/v2\/pages"}],"about":[{"href":"https:\/\/experienceparkland.com\/fr\/wp-json\/wp\/v2\/types\/page"}],"author":[{"embeddable":true,"href":"https:\/\/experienceparkland.com\/fr\/wp-json\/wp\/v2\/users\/51"}],"replies":[{"embeddable":true,"href":"https:\/\/experienceparkland.com\/fr\/wp-json\/wp\/v2\/comments?post=705"}],"version-history":[{"count":0,"href":"https:\/\/experienceparkland.com\/fr\/wp-json\/wp\/v2\/pages\/705\/revisions"}],"up":[{"embeddable":true,"href":"https:\/\/experienceparkland.com\/fr\/wp-json\/wp\/v2\/pages\/686"}],"wp:attachment":[{"href":"https:\/\/experienceparkland.com\/fr\/wp-json\/wp\/v2\/media?parent=705"}],"curies":[{"name":"wp","href":"https:\/\/api.w.org\/{rel}","templated":true}]}}