{"id":703,"date":"2019-04-03T14:28:41","date_gmt":"2019-04-03T18:28:41","guid":{"rendered":"https:\/\/experienceparkland.com\/about-us\/resident-and-family-liaison\/"},"modified":"2020-02-21T09:32:24","modified_gmt":"2020-02-21T14:32:24","slug":"resident-and-family-liaison","status":"publish","type":"page","link":"https:\/\/experienceparkland.com\/fr\/about-us\/resident-and-family-liaison\/","title":{"rendered":"Resident and Family Liaison"},"content":{"rendered":"\n<p>Les personnes r\u00e9sidentes et leurs familles sont des partenaires et des parties prenantes de premi\u00e8re importance dans notre communaut\u00e9. Nous reconnaissons et valorisons grandement vos commentaires et vos perspectives. Votre voix et vos id\u00e9es sont au c\u0153ur de notre processus d\u00e9cisionnel relatif aux soins et aux services offerts. En partageant les id\u00e9es, en favorisant le travail d\u2019\u00e9quipe et en vous incluant \u00e0 tout niveau de l\u2019organisation, nous cr\u00e9ons ensemble une communaut\u00e9 dont vous pouvez \u00eatre fier.<\/p>\n\n<p>Nous nous vouons \u00e0 fournir aux personnes a\u00een\u00e9es une ambiance qui favorise un engagement actif avec la vie chez Parkland. Votre participation et vos commentaires contribuent aux am\u00e9liorations \u00e0 la s\u00e9curit\u00e9, \u00e0 la satisfaction et \u00e0 la qualit\u00e9 des soins et des services que nous offrons. Toutes nos activit\u00e9s visent \u00e0 vous aider \u00e0 vivre la vie \u00e0 son meilleur.<\/p>\n\n<h4 class=\"wp-block-heading\">Droits des personnes r\u00e9sidentes<\/h4>\n\n<p>Toute personne r\u00e9sidente a les droits suivants.<\/p>\n\n<ul class=\"wp-block-list\"><li>Participer activement \u00e0 la prise de d\u00e9cision \u00e9clair\u00e9e et, \u00e0 titre de partenaire important, travailler en collaboration avec l\u2019\u00e9quipe interdisciplinaire afin d\u2019atteindre les objectifs de soins convenus. <\/li><li>Fournir ses commentaires sur l\u2019ensemble des services que nous proposons.<\/li><li>S\u2019engager de mani\u00e8re significative avec la vie \u00e0 Parkland.<\/li><li>Acc\u00e9der \u00e0 ses renseignements personnels relatifs aux soins et aux frais associ\u00e9s. <\/li><li>Acc\u00e9der aux renseignements organisationnels sur la qualit\u00e9 et la s\u00e9curit\u00e9.<\/li><li>Vivre dans un environnement exempt de violence verbale et physique, d\u2019intimidation, de harc\u00e8lement et de menaces.<\/li><li>Vivre dans un environnement s\u00e9curitaire.<\/li><li>Communiquer librement et transmettre ses id\u00e9es d\u2019am\u00e9lioration de la qualit\u00e9.<\/li><li>Jouir de la libert\u00e9 personnelle.<\/li><\/ul>\n<p>Katherine VanBuskirk est la directrice de la communication et des affaires communautaires et l\u2019agente de liaison avec les personnes r\u00e9sidentes et leurs familles. Elle est disponible pour discuter avec toute personne r\u00e9sidente ou membre de la famille afin de r\u00e9pondre \u00e0 toute question ou pr\u00e9occupation, et de mettre les personnes r\u00e9sidentes et les familles en contact avec les ressources d\u2019aide relatif \u00e0 tout aspect des soins ou des services.<\/p>\n\n<p>Katherine est joignable par t\u00e9l\u00e9phone au 902-406-8297 ou par <a href=\"mailto:kvanbuskirk@shannex.com\">courriel<\/a>.<\/p>\n\n<hr class=\"wp-block-separator\"\/>\n\n<div class=\"wp-block-image\"><figure class=\"aligncenter\"><img loading=\"lazy\" decoding=\"async\" width=\"1024\" height=\"573\" src=\"https:\/\/experienceparkland.com\/wp-content\/uploads\/2019\/06\/GreatConnections_logo-1024x573.jpg\" alt=\"\" class=\"wp-image-2794\" srcset=\"https:\/\/experienceparkland.com\/wp-content\/uploads\/2019\/06\/GreatConnections_logo-1024x573.jpg 1024w, https:\/\/experienceparkland.com\/wp-content\/uploads\/2019\/06\/GreatConnections_logo-300x168.jpg 300w, https:\/\/experienceparkland.com\/wp-content\/uploads\/2019\/06\/GreatConnections_logo-768x430.jpg 768w, https:\/\/experienceparkland.com\/wp-content\/uploads\/2019\/06\/GreatConnections_logo.jpg 1500w\" sizes=\"auto, (max-width: 1024px) 100vw, 1024px\" \/><\/figure><\/div>\n\n<h4 class=\"wp-block-heading\">Les personnes exceptionnelles cr\u00e9ent des liens exceptionnels<\/h4>\n\n<p>Souvent, l\u2019impact de nos personnes exceptionnelles sur les personnes r\u00e9sidentes et leurs familles va bien au-del\u00e0 des soins et des services exceptionnels que nous proposons. <\/p>\n\n<p>Une main \u00e0 tenir. Une oreille pour \u00e9couter. Un mot d\u2019encouragement quand la journ\u00e9e est dure.  <\/p>\n\n<p>Le programme Great Connections met en vedette les relations fortes et les exp\u00e9riences valorisantes qui sont au c\u0153ur de nos communaut\u00e9s Parkland dynamiques, chaleureuses et solidaires.<\/p>\n\n<p>Nous vous invitons \u00e0 partager vos propres exp\u00e9riences de liens exceptionnels, vos mots de reconnaissance ou vos histoires de moments touchants. Visitez la page <a href=\"https:\/\/www.shannex.com\/about\/greatconnections\/\">Great Connections<\/a> pour lire des r\u00e9cits \u00e9mouvants de liens exceptionnels ou pour soumettre votre propre histoire.<\/p>\n\n<p> <\/p>\n","protected":false},"excerpt":{"rendered":"<p>Les personnes r\u00e9sidentes et leurs familles sont des partenaires et des parties prenantes de premi\u00e8re importance dans notre communaut\u00e9. Nous reconnaissons et valorisons grandement vos commentaires et vos perspectives. Votre voix et vos id\u00e9es sont au c\u0153ur de notre processus d\u00e9cisionnel relatif aux soins et aux services offerts. En partageant les id\u00e9es, en favorisant le&#8230; <a class=\"read_more\" title=\"Resident and Family Liaison\" href=\"https:\/\/experienceparkland.com\/fr\/about-us\/resident-and-family-liaison\/\">Read more<\/a><\/p>\n","protected":false},"author":51,"featured_media":0,"parent":686,"menu_order":0,"comment_status":"closed","ping_status":"closed","template":"page-image-and-text.php","meta":{"_acf_changed":false,"footnotes":""},"class_list":["post-703","page","type-page","status-publish","hentry"],"acf":[],"featured_image_src":null,"yoast_head":"<!-- This site is optimized with the Yoast SEO plugin v27.4 - https:\/\/yoast.com\/product\/yoast-seo-wordpress\/ -->\n<title>Resident and Family Liaison - About Us - Parkland Retirement Living<\/title>\n<meta name=\"description\" content=\"Le r\u00f4le de notre agente de liaison avec les personnes r\u00e9sidentes et leurs familles est d\u2019offrir un soutien aux personnes r\u00e9sidant chez Parkland, et leurs familles, en r\u00e9pondant \u00e0 leurs questions et en abordant leurs pr\u00e9occupations.\" \/>\n<meta name=\"robots\" content=\"index, follow, max-snippet:-1, max-image-preview:large, max-video-preview:-1\" \/>\n<link rel=\"canonical\" href=\"https:\/\/experienceparkland.com\/fr\/about-us\/resident-and-family-liaison\/\" \/>\n<meta property=\"og:locale\" content=\"fr_FR\" \/>\n<meta property=\"og:type\" content=\"article\" \/>\n<meta property=\"og:title\" content=\"Resident and Family Liaison - About Us - Parkland Retirement Living\" \/>\n<meta property=\"og:description\" content=\"Le r\u00f4le de notre agente de liaison avec les personnes r\u00e9sidentes et leurs familles est d\u2019offrir un soutien aux personnes r\u00e9sidant chez Parkland, et leurs familles, en r\u00e9pondant \u00e0 leurs questions et en abordant leurs pr\u00e9occupations.\" \/>\n<meta property=\"og:url\" content=\"https:\/\/experienceparkland.com\/fr\/about-us\/resident-and-family-liaison\/\" \/>\n<meta property=\"og:site_name\" content=\"Parkland Retirement Living\" \/>\n<meta property=\"article:modified_time\" content=\"2020-02-21T14:32:24+00:00\" \/>\n<meta property=\"og:image\" content=\"https:\/\/experienceparkland.com\/wp-content\/uploads\/2019\/06\/GreatConnections_logo-1024x573.jpg\" \/>\n<meta name=\"twitter:card\" content=\"summary_large_image\" \/>\n<meta name=\"twitter:label1\" content=\"Est. reading time\" \/>\n\t<meta name=\"twitter:data1\" content=\"2 minutes\" \/>\n<script type=\"application\/ld+json\" class=\"yoast-schema-graph\">{\"@context\":\"https:\\\/\\\/schema.org\",\"@graph\":[{\"@type\":\"WebPage\",\"@id\":\"https:\\\/\\\/experienceparkland.com\\\/fr\\\/about-us\\\/resident-and-family-liaison\\\/\",\"url\":\"https:\\\/\\\/experienceparkland.com\\\/fr\\\/about-us\\\/resident-and-family-liaison\\\/\",\"name\":\"Resident and Family Liaison - About Us - Parkland Retirement Living\",\"isPartOf\":{\"@id\":\"https:\\\/\\\/experienceparkland.com\\\/fr\\\/#website\"},\"primaryImageOfPage\":{\"@id\":\"https:\\\/\\\/experienceparkland.com\\\/fr\\\/about-us\\\/resident-and-family-liaison\\\/#primaryimage\"},\"image\":{\"@id\":\"https:\\\/\\\/experienceparkland.com\\\/fr\\\/about-us\\\/resident-and-family-liaison\\\/#primaryimage\"},\"thumbnailUrl\":\"https:\\\/\\\/experienceparkland.com\\\/wp-content\\\/uploads\\\/2019\\\/06\\\/GreatConnections_logo-1024x573.jpg\",\"datePublished\":\"2019-04-03T18:28:41+00:00\",\"dateModified\":\"2020-02-21T14:32:24+00:00\",\"description\":\"Le r\u00f4le de notre agente de liaison avec les personnes r\u00e9sidentes et leurs familles est d\u2019offrir un soutien aux personnes r\u00e9sidant chez Parkland, et leurs familles, en r\u00e9pondant \u00e0 leurs questions et en abordant leurs pr\u00e9occupations.\",\"breadcrumb\":{\"@id\":\"https:\\\/\\\/experienceparkland.com\\\/fr\\\/about-us\\\/resident-and-family-liaison\\\/#breadcrumb\"},\"inLanguage\":\"fr-FR\",\"potentialAction\":[{\"@type\":\"ReadAction\",\"target\":[\"https:\\\/\\\/experienceparkland.com\\\/fr\\\/about-us\\\/resident-and-family-liaison\\\/\"]}]},{\"@type\":\"ImageObject\",\"inLanguage\":\"fr-FR\",\"@id\":\"https:\\\/\\\/experienceparkland.com\\\/fr\\\/about-us\\\/resident-and-family-liaison\\\/#primaryimage\",\"url\":\"https:\\\/\\\/experienceparkland.com\\\/wp-content\\\/uploads\\\/2019\\\/06\\\/GreatConnections_logo-1024x573.jpg\",\"contentUrl\":\"https:\\\/\\\/experienceparkland.com\\\/wp-content\\\/uploads\\\/2019\\\/06\\\/GreatConnections_logo-1024x573.jpg\"},{\"@type\":\"BreadcrumbList\",\"@id\":\"https:\\\/\\\/experienceparkland.com\\\/fr\\\/about-us\\\/resident-and-family-liaison\\\/#breadcrumb\",\"itemListElement\":[{\"@type\":\"ListItem\",\"position\":1,\"name\":\"Home\",\"item\":\"https:\\\/\\\/experienceparkland.com\\\/fr\\\/\"},{\"@type\":\"ListItem\",\"position\":2,\"name\":\"Qui sommes-nous?\",\"item\":\"https:\\\/\\\/experienceparkland.com\\\/fr\\\/about-us\\\/\"},{\"@type\":\"ListItem\",\"position\":3,\"name\":\"Resident and Family Liaison\"}]},{\"@type\":\"WebSite\",\"@id\":\"https:\\\/\\\/experienceparkland.com\\\/fr\\\/#website\",\"url\":\"https:\\\/\\\/experienceparkland.com\\\/fr\\\/\",\"name\":\"Parkland Retirement Living\",\"description\":\"\",\"potentialAction\":[{\"@type\":\"SearchAction\",\"target\":{\"@type\":\"EntryPoint\",\"urlTemplate\":\"https:\\\/\\\/experienceparkland.com\\\/fr\\\/?s={search_term_string}\"},\"query-input\":{\"@type\":\"PropertyValueSpecification\",\"valueRequired\":true,\"valueName\":\"search_term_string\"}}],\"inLanguage\":\"fr-FR\"}]}<\/script>\n<!-- \/ Yoast SEO plugin. -->","yoast_head_json":{"title":"Resident and Family Liaison - About Us - Parkland Retirement Living","description":"Le r\u00f4le de notre agente de liaison avec les personnes r\u00e9sidentes et leurs familles est d\u2019offrir un soutien aux personnes r\u00e9sidant chez Parkland, et leurs familles, en r\u00e9pondant \u00e0 leurs questions et en abordant leurs pr\u00e9occupations.","robots":{"index":"index","follow":"follow","max-snippet":"max-snippet:-1","max-image-preview":"max-image-preview:large","max-video-preview":"max-video-preview:-1"},"canonical":"https:\/\/experienceparkland.com\/fr\/about-us\/resident-and-family-liaison\/","og_locale":"fr_FR","og_type":"article","og_title":"Resident and Family Liaison - About Us - Parkland Retirement Living","og_description":"Le r\u00f4le de notre agente de liaison avec les personnes r\u00e9sidentes et leurs familles est d\u2019offrir un soutien aux personnes r\u00e9sidant chez Parkland, et leurs familles, en r\u00e9pondant \u00e0 leurs questions et en abordant leurs pr\u00e9occupations.","og_url":"https:\/\/experienceparkland.com\/fr\/about-us\/resident-and-family-liaison\/","og_site_name":"Parkland Retirement Living","article_modified_time":"2020-02-21T14:32:24+00:00","og_image":[{"url":"https:\/\/experienceparkland.com\/wp-content\/uploads\/2019\/06\/GreatConnections_logo-1024x573.jpg","type":"","width":"","height":""}],"twitter_card":"summary_large_image","twitter_misc":{"Est. reading time":"2 minutes"},"schema":{"@context":"https:\/\/schema.org","@graph":[{"@type":"WebPage","@id":"https:\/\/experienceparkland.com\/fr\/about-us\/resident-and-family-liaison\/","url":"https:\/\/experienceparkland.com\/fr\/about-us\/resident-and-family-liaison\/","name":"Resident and Family Liaison - About Us - Parkland Retirement Living","isPartOf":{"@id":"https:\/\/experienceparkland.com\/fr\/#website"},"primaryImageOfPage":{"@id":"https:\/\/experienceparkland.com\/fr\/about-us\/resident-and-family-liaison\/#primaryimage"},"image":{"@id":"https:\/\/experienceparkland.com\/fr\/about-us\/resident-and-family-liaison\/#primaryimage"},"thumbnailUrl":"https:\/\/experienceparkland.com\/wp-content\/uploads\/2019\/06\/GreatConnections_logo-1024x573.jpg","datePublished":"2019-04-03T18:28:41+00:00","dateModified":"2020-02-21T14:32:24+00:00","description":"Le r\u00f4le de notre agente de liaison avec les personnes r\u00e9sidentes et leurs familles est d\u2019offrir un soutien aux personnes r\u00e9sidant chez Parkland, et leurs familles, en r\u00e9pondant \u00e0 leurs questions et en abordant leurs pr\u00e9occupations.","breadcrumb":{"@id":"https:\/\/experienceparkland.com\/fr\/about-us\/resident-and-family-liaison\/#breadcrumb"},"inLanguage":"fr-FR","potentialAction":[{"@type":"ReadAction","target":["https:\/\/experienceparkland.com\/fr\/about-us\/resident-and-family-liaison\/"]}]},{"@type":"ImageObject","inLanguage":"fr-FR","@id":"https:\/\/experienceparkland.com\/fr\/about-us\/resident-and-family-liaison\/#primaryimage","url":"https:\/\/experienceparkland.com\/wp-content\/uploads\/2019\/06\/GreatConnections_logo-1024x573.jpg","contentUrl":"https:\/\/experienceparkland.com\/wp-content\/uploads\/2019\/06\/GreatConnections_logo-1024x573.jpg"},{"@type":"BreadcrumbList","@id":"https:\/\/experienceparkland.com\/fr\/about-us\/resident-and-family-liaison\/#breadcrumb","itemListElement":[{"@type":"ListItem","position":1,"name":"Home","item":"https:\/\/experienceparkland.com\/fr\/"},{"@type":"ListItem","position":2,"name":"Qui sommes-nous?","item":"https:\/\/experienceparkland.com\/fr\/about-us\/"},{"@type":"ListItem","position":3,"name":"Resident and Family Liaison"}]},{"@type":"WebSite","@id":"https:\/\/experienceparkland.com\/fr\/#website","url":"https:\/\/experienceparkland.com\/fr\/","name":"Parkland Retirement Living","description":"","potentialAction":[{"@type":"SearchAction","target":{"@type":"EntryPoint","urlTemplate":"https:\/\/experienceparkland.com\/fr\/?s={search_term_string}"},"query-input":{"@type":"PropertyValueSpecification","valueRequired":true,"valueName":"search_term_string"}}],"inLanguage":"fr-FR"}]}},"_links":{"self":[{"href":"https:\/\/experienceparkland.com\/fr\/wp-json\/wp\/v2\/pages\/703","targetHints":{"allow":["GET"]}}],"collection":[{"href":"https:\/\/experienceparkland.com\/fr\/wp-json\/wp\/v2\/pages"}],"about":[{"href":"https:\/\/experienceparkland.com\/fr\/wp-json\/wp\/v2\/types\/page"}],"author":[{"embeddable":true,"href":"https:\/\/experienceparkland.com\/fr\/wp-json\/wp\/v2\/users\/51"}],"replies":[{"embeddable":true,"href":"https:\/\/experienceparkland.com\/fr\/wp-json\/wp\/v2\/comments?post=703"}],"version-history":[{"count":0,"href":"https:\/\/experienceparkland.com\/fr\/wp-json\/wp\/v2\/pages\/703\/revisions"}],"up":[{"embeddable":true,"href":"https:\/\/experienceparkland.com\/fr\/wp-json\/wp\/v2\/pages\/686"}],"wp:attachment":[{"href":"https:\/\/experienceparkland.com\/fr\/wp-json\/wp\/v2\/media?parent=703"}],"curies":[{"name":"wp","href":"https:\/\/api.w.org\/{rel}","templated":true}]}}