{"id":701,"date":"2019-04-03T14:28:02","date_gmt":"2019-04-03T18:28:02","guid":{"rendered":"https:\/\/experienceparkland.com\/about-us\/parkland-promise\/"},"modified":"2020-08-19T13:58:09","modified_gmt":"2020-08-19T17:58:09","slug":"parkland-promise","status":"publish","type":"page","link":"https:\/\/experienceparkland.com\/fr\/life-at-parkland\/parkland-promise\/","title":{"rendered":"Parkland Promise"},"content":{"rendered":"\n<p>At Parkland, every detail has been considered to help you live your best life. And that includes The Parkland Promise<sup>TM<\/sup>, which delivers the ultimate in peace of mind: the flexibility and freedom to live your way. <\/p>\n","protected":false},"excerpt":{"rendered":"<p>At Parkland, every detail has been considered to help you live your best life. And that includes The Parkland PromiseTM, which delivers the ultimate in peace of mind: the flexibility and freedom to live your way.<\/p>\n","protected":false},"author":51,"featured_media":0,"parent":716,"menu_order":0,"comment_status":"closed","ping_status":"closed","template":"","meta":{"_acf_changed":false,"footnotes":""},"class_list":["post-701","page","type-page","status-publish","hentry"],"acf":[],"featured_image_src":null,"yoast_head":"<!-- This site is optimized with the Yoast SEO plugin v27.4 - https:\/\/yoast.com\/product\/yoast-seo-wordpress\/ -->\n<title>Parkland Retirement Living - Qui sommes-nous? \u2013 The Parkland Promise<\/title>\n<meta name=\"description\" content=\"Chez Parkland, tous les d\u00e9tails ont \u00e9t\u00e9 pens\u00e9s pour que vous puissiez vivre la vie \u00e0 son meilleur. Tout particuli\u00e8rement, nous offrons la Parkland Promise\u2122, une promesse con\u00e7ue pour favoriser la tranquillit\u00e9 d\u2019esprit et vous offrir la flexibilit\u00e9 et la libert\u00e9 de vivre la vie \u00e0 votre mani\u00e8re.\" \/>\n<meta name=\"robots\" content=\"index, follow, max-snippet:-1, max-image-preview:large, max-video-preview:-1\" \/>\n<link rel=\"canonical\" href=\"https:\/\/experienceparkland.com\/fr\/life-at-parkland\/parkland-promise\/\" \/>\n<meta property=\"og:locale\" content=\"fr_FR\" \/>\n<meta property=\"og:type\" content=\"article\" \/>\n<meta property=\"og:title\" content=\"Parkland Retirement Living - Qui sommes-nous? \u2013 The Parkland Promise\" \/>\n<meta property=\"og:description\" content=\"Chez Parkland, tous les d\u00e9tails ont \u00e9t\u00e9 pens\u00e9s pour que vous puissiez vivre la vie \u00e0 son meilleur. Tout particuli\u00e8rement, nous offrons la Parkland Promise\u2122, une promesse con\u00e7ue pour favoriser la tranquillit\u00e9 d\u2019esprit et vous offrir la flexibilit\u00e9 et la libert\u00e9 de vivre la vie \u00e0 votre mani\u00e8re.\" \/>\n<meta property=\"og:url\" content=\"https:\/\/experienceparkland.com\/fr\/life-at-parkland\/parkland-promise\/\" \/>\n<meta property=\"og:site_name\" content=\"Parkland Retirement Living\" \/>\n<meta property=\"article:modified_time\" content=\"2020-08-19T17:58:09+00:00\" \/>\n<meta name=\"twitter:card\" content=\"summary_large_image\" \/>\n<script type=\"application\/ld+json\" class=\"yoast-schema-graph\">{\"@context\":\"https:\\\/\\\/schema.org\",\"@graph\":[{\"@type\":\"WebPage\",\"@id\":\"https:\\\/\\\/experienceparkland.com\\\/fr\\\/life-at-parkland\\\/parkland-promise\\\/\",\"url\":\"https:\\\/\\\/experienceparkland.com\\\/fr\\\/life-at-parkland\\\/parkland-promise\\\/\",\"name\":\"Parkland Retirement Living - Qui sommes-nous? \u2013 The Parkland Promise\",\"isPartOf\":{\"@id\":\"https:\\\/\\\/experienceparkland.com\\\/fr\\\/#website\"},\"datePublished\":\"2019-04-03T18:28:02+00:00\",\"dateModified\":\"2020-08-19T17:58:09+00:00\",\"description\":\"Chez Parkland, tous les d\u00e9tails ont \u00e9t\u00e9 pens\u00e9s pour que vous puissiez vivre la vie \u00e0 son meilleur. Tout particuli\u00e8rement, nous offrons la Parkland Promise\u2122, une promesse con\u00e7ue pour favoriser la tranquillit\u00e9 d\u2019esprit et vous offrir la flexibilit\u00e9 et la libert\u00e9 de vivre la vie \u00e0 votre mani\u00e8re.\",\"breadcrumb\":{\"@id\":\"https:\\\/\\\/experienceparkland.com\\\/fr\\\/life-at-parkland\\\/parkland-promise\\\/#breadcrumb\"},\"inLanguage\":\"fr-FR\",\"potentialAction\":[{\"@type\":\"ReadAction\",\"target\":[\"https:\\\/\\\/experienceparkland.com\\\/fr\\\/life-at-parkland\\\/parkland-promise\\\/\"]}]},{\"@type\":\"BreadcrumbList\",\"@id\":\"https:\\\/\\\/experienceparkland.com\\\/fr\\\/life-at-parkland\\\/parkland-promise\\\/#breadcrumb\",\"itemListElement\":[{\"@type\":\"ListItem\",\"position\":1,\"name\":\"Home\",\"item\":\"https:\\\/\\\/experienceparkland.com\\\/fr\\\/\"},{\"@type\":\"ListItem\",\"position\":2,\"name\":\"La vie chez Parkland\",\"item\":\"https:\\\/\\\/experienceparkland.com\\\/fr\\\/life-at-parkland\\\/\"},{\"@type\":\"ListItem\",\"position\":3,\"name\":\"Parkland Promise\"}]},{\"@type\":\"WebSite\",\"@id\":\"https:\\\/\\\/experienceparkland.com\\\/fr\\\/#website\",\"url\":\"https:\\\/\\\/experienceparkland.com\\\/fr\\\/\",\"name\":\"Parkland Retirement Living\",\"description\":\"\",\"potentialAction\":[{\"@type\":\"SearchAction\",\"target\":{\"@type\":\"EntryPoint\",\"urlTemplate\":\"https:\\\/\\\/experienceparkland.com\\\/fr\\\/?s={search_term_string}\"},\"query-input\":{\"@type\":\"PropertyValueSpecification\",\"valueRequired\":true,\"valueName\":\"search_term_string\"}}],\"inLanguage\":\"fr-FR\"}]}<\/script>\n<!-- \/ Yoast SEO plugin. -->","yoast_head_json":{"title":"Parkland Retirement Living - Qui sommes-nous? \u2013 The Parkland Promise","description":"Chez Parkland, tous les d\u00e9tails ont \u00e9t\u00e9 pens\u00e9s pour que vous puissiez vivre la vie \u00e0 son meilleur. Tout particuli\u00e8rement, nous offrons la Parkland Promise\u2122, une promesse con\u00e7ue pour favoriser la tranquillit\u00e9 d\u2019esprit et vous offrir la flexibilit\u00e9 et la libert\u00e9 de vivre la vie \u00e0 votre mani\u00e8re.","robots":{"index":"index","follow":"follow","max-snippet":"max-snippet:-1","max-image-preview":"max-image-preview:large","max-video-preview":"max-video-preview:-1"},"canonical":"https:\/\/experienceparkland.com\/fr\/life-at-parkland\/parkland-promise\/","og_locale":"fr_FR","og_type":"article","og_title":"Parkland Retirement Living - Qui sommes-nous? \u2013 The Parkland Promise","og_description":"Chez Parkland, tous les d\u00e9tails ont \u00e9t\u00e9 pens\u00e9s pour que vous puissiez vivre la vie \u00e0 son meilleur. Tout particuli\u00e8rement, nous offrons la Parkland Promise\u2122, une promesse con\u00e7ue pour favoriser la tranquillit\u00e9 d\u2019esprit et vous offrir la flexibilit\u00e9 et la libert\u00e9 de vivre la vie \u00e0 votre mani\u00e8re.","og_url":"https:\/\/experienceparkland.com\/fr\/life-at-parkland\/parkland-promise\/","og_site_name":"Parkland Retirement Living","article_modified_time":"2020-08-19T17:58:09+00:00","twitter_card":"summary_large_image","schema":{"@context":"https:\/\/schema.org","@graph":[{"@type":"WebPage","@id":"https:\/\/experienceparkland.com\/fr\/life-at-parkland\/parkland-promise\/","url":"https:\/\/experienceparkland.com\/fr\/life-at-parkland\/parkland-promise\/","name":"Parkland Retirement Living - Qui sommes-nous? \u2013 The Parkland Promise","isPartOf":{"@id":"https:\/\/experienceparkland.com\/fr\/#website"},"datePublished":"2019-04-03T18:28:02+00:00","dateModified":"2020-08-19T17:58:09+00:00","description":"Chez Parkland, tous les d\u00e9tails ont \u00e9t\u00e9 pens\u00e9s pour que vous puissiez vivre la vie \u00e0 son meilleur. Tout particuli\u00e8rement, nous offrons la Parkland Promise\u2122, une promesse con\u00e7ue pour favoriser la tranquillit\u00e9 d\u2019esprit et vous offrir la flexibilit\u00e9 et la libert\u00e9 de vivre la vie \u00e0 votre mani\u00e8re.","breadcrumb":{"@id":"https:\/\/experienceparkland.com\/fr\/life-at-parkland\/parkland-promise\/#breadcrumb"},"inLanguage":"fr-FR","potentialAction":[{"@type":"ReadAction","target":["https:\/\/experienceparkland.com\/fr\/life-at-parkland\/parkland-promise\/"]}]},{"@type":"BreadcrumbList","@id":"https:\/\/experienceparkland.com\/fr\/life-at-parkland\/parkland-promise\/#breadcrumb","itemListElement":[{"@type":"ListItem","position":1,"name":"Home","item":"https:\/\/experienceparkland.com\/fr\/"},{"@type":"ListItem","position":2,"name":"La vie chez Parkland","item":"https:\/\/experienceparkland.com\/fr\/life-at-parkland\/"},{"@type":"ListItem","position":3,"name":"Parkland Promise"}]},{"@type":"WebSite","@id":"https:\/\/experienceparkland.com\/fr\/#website","url":"https:\/\/experienceparkland.com\/fr\/","name":"Parkland Retirement Living","description":"","potentialAction":[{"@type":"SearchAction","target":{"@type":"EntryPoint","urlTemplate":"https:\/\/experienceparkland.com\/fr\/?s={search_term_string}"},"query-input":{"@type":"PropertyValueSpecification","valueRequired":true,"valueName":"search_term_string"}}],"inLanguage":"fr-FR"}]}},"_links":{"self":[{"href":"https:\/\/experienceparkland.com\/fr\/wp-json\/wp\/v2\/pages\/701","targetHints":{"allow":["GET"]}}],"collection":[{"href":"https:\/\/experienceparkland.com\/fr\/wp-json\/wp\/v2\/pages"}],"about":[{"href":"https:\/\/experienceparkland.com\/fr\/wp-json\/wp\/v2\/types\/page"}],"author":[{"embeddable":true,"href":"https:\/\/experienceparkland.com\/fr\/wp-json\/wp\/v2\/users\/51"}],"replies":[{"embeddable":true,"href":"https:\/\/experienceparkland.com\/fr\/wp-json\/wp\/v2\/comments?post=701"}],"version-history":[{"count":0,"href":"https:\/\/experienceparkland.com\/fr\/wp-json\/wp\/v2\/pages\/701\/revisions"}],"up":[{"embeddable":true,"href":"https:\/\/experienceparkland.com\/fr\/wp-json\/wp\/v2\/pages\/716"}],"wp:attachment":[{"href":"https:\/\/experienceparkland.com\/fr\/wp-json\/wp\/v2\/media?parent=701"}],"curies":[{"name":"wp","href":"https:\/\/api.w.org\/{rel}","templated":true}]}}