{"id":699,"date":"2019-04-03T14:27:44","date_gmt":"2019-04-03T18:27:44","guid":{"rendered":"https:\/\/experienceparkland.com\/about-us\/our-family-history\/"},"modified":"2020-02-21T09:27:06","modified_gmt":"2020-02-21T14:27:06","slug":"our-family-history","status":"publish","type":"page","link":"https:\/\/experienceparkland.com\/fr\/about-us\/our-family-history\/","title":{"rendered":"Our Family &#038; History"},"content":{"rendered":"\n<p>Parkland est une entreprise familiale dont l&rsquo;excellence in\u00e9gal\u00e9e du service est inspir\u00e9e par la fiert\u00e9 communautaire et l&rsquo;hospitalit\u00e9 des Maritimes. Tout a commenc\u00e9 avec Joseph Shannon, qui a achet\u00e9 un foyer de retraite dans sa ville natale de Sydney, en Nouvelle-\u00c9cosse, afin de redonner \u00e0 la collectivit\u00e9, d\u2019am\u00e9liorer les conditions de vie des personnes \u00e0 la retraite et de cr\u00e9er des emplois. Cela a men\u00e9 la famille Shannon \u00e0 cr\u00e9er des logements et des services de premi\u00e8re qualit\u00e9 dans leur communaut\u00e9, puis \u00e0 travers le pays. La vision de monsieur Shannon se perp\u00e9tue au sein de l&rsquo;entreprise et refl\u00e8te ses humbles racines et son d\u00e9vouement continu envers la communaut\u00e9.<\/p>\n\n<p>Les r\u00e9sidences Parkland en Nouvelle-\u00c9cosse, au Nouveau-Brunswick et en Ontario proposent des logements exceptionnels; un cadre magnifique, des repas d\u00e9licieux, des voisins amicaux et un personnel attentionn\u00e9, le tout sans les responsabilit\u00e9s incomb\u00e9es par la propri\u00e9t\u00e9 immobili\u00e8re. Gr\u00e2ce \u00e0 nos \u00e9quipes professionnelles et d\u00e9vou\u00e9es, nos communaut\u00e9s offrent un continuum de services et d\u2019options afin d\u2019aider les personnes r\u00e9sidentes \u00e0 atteindre leurs objectifs. Leur bien-\u00eatre \u00e9tant notre priorit\u00e9 absolue, les personnes r\u00e9sidentes participent aux d\u00e9cisions qui ont une incidence sur leurs soins et nos communaut\u00e9s sont con\u00e7ues pour cr\u00e9er des endroits s\u00fbrs qui sont fi\u00e8rement les leurs.<\/p>\n\n<p>Vivre la vie \u00e0 son meilleur \u00e0 Parkland.<\/p>\n<iframe loading=\"lazy\" src=\" https:\/\/www.youtube.com\/embed\/UwYM9hEWRG0?rel=0\" width=\"560\" height=\"315\" frameborder=\"0\" allowfullscreen=\"allowfullscreen\"><\/iframe>\n<p><\/p>\n","protected":false},"excerpt":{"rendered":"<p>Parkland est une entreprise familiale dont l&rsquo;excellence in\u00e9gal\u00e9e du service est inspir\u00e9e par la fiert\u00e9 communautaire et l&rsquo;hospitalit\u00e9 des Maritimes. Tout a commenc\u00e9 avec Joseph Shannon, qui a achet\u00e9 un foyer de retraite dans sa ville natale de Sydney, en Nouvelle-\u00c9cosse, afin de redonner \u00e0 la collectivit\u00e9, d\u2019am\u00e9liorer les conditions de vie des personnes \u00e0&#8230; <a class=\"read_more\" title=\"Our Family &#038; History\" href=\"https:\/\/experienceparkland.com\/fr\/about-us\/our-family-history\/\">Read more<\/a><\/p>\n","protected":false},"author":51,"featured_media":0,"parent":686,"menu_order":6,"comment_status":"closed","ping_status":"closed","template":"page-image-and-text.php","meta":{"_acf_changed":false,"footnotes":""},"class_list":["post-699","page","type-page","status-publish","hentry"],"acf":[],"featured_image_src":null,"yoast_head":"<!-- This site is optimized with the Yoast SEO plugin v27.4 - https:\/\/yoast.com\/product\/yoast-seo-wordpress\/ -->\n<title>Parkland Retirement Living - Qui sommes-nous? \u2013 L\u2019histoire de notre famille<\/title>\n<meta name=\"description\" content=\"La famille Shannon s\u2019est lanc\u00e9e dans le domaine de la vie de retraite en 1988 et offre depuis lors des r\u00e9sidences de premi\u00e8re qualit\u00e9.\" \/>\n<meta name=\"robots\" content=\"index, follow, max-snippet:-1, max-image-preview:large, max-video-preview:-1\" \/>\n<link rel=\"canonical\" href=\"https:\/\/experienceparkland.com\/fr\/about-us\/our-family-history\/\" \/>\n<meta property=\"og:locale\" content=\"fr_FR\" \/>\n<meta property=\"og:type\" content=\"article\" \/>\n<meta property=\"og:title\" content=\"Parkland Retirement Living - Qui sommes-nous? \u2013 L\u2019histoire de notre famille\" \/>\n<meta property=\"og:description\" content=\"La famille Shannon s\u2019est lanc\u00e9e dans le domaine de la vie de retraite en 1988 et offre depuis lors des r\u00e9sidences de premi\u00e8re qualit\u00e9.\" \/>\n<meta property=\"og:url\" content=\"https:\/\/experienceparkland.com\/fr\/about-us\/our-family-history\/\" \/>\n<meta property=\"og:site_name\" content=\"Parkland Retirement Living\" \/>\n<meta property=\"article:modified_time\" content=\"2020-02-21T14:27:06+00:00\" \/>\n<meta name=\"twitter:card\" content=\"summary_large_image\" \/>\n<meta name=\"twitter:label1\" content=\"Est. reading time\" \/>\n\t<meta name=\"twitter:data1\" content=\"1 minute\" \/>\n<script type=\"application\/ld+json\" class=\"yoast-schema-graph\">{\"@context\":\"https:\\\/\\\/schema.org\",\"@graph\":[{\"@type\":\"WebPage\",\"@id\":\"https:\\\/\\\/experienceparkland.com\\\/fr\\\/about-us\\\/our-family-history\\\/\",\"url\":\"https:\\\/\\\/experienceparkland.com\\\/fr\\\/about-us\\\/our-family-history\\\/\",\"name\":\"Parkland Retirement Living - Qui sommes-nous? \u2013 L\u2019histoire de notre famille\",\"isPartOf\":{\"@id\":\"https:\\\/\\\/experienceparkland.com\\\/fr\\\/#website\"},\"datePublished\":\"2019-04-03T18:27:44+00:00\",\"dateModified\":\"2020-02-21T14:27:06+00:00\",\"description\":\"La famille Shannon s\u2019est lanc\u00e9e dans le domaine de la vie de retraite en 1988 et offre depuis lors des r\u00e9sidences de premi\u00e8re qualit\u00e9.\",\"breadcrumb\":{\"@id\":\"https:\\\/\\\/experienceparkland.com\\\/fr\\\/about-us\\\/our-family-history\\\/#breadcrumb\"},\"inLanguage\":\"fr-FR\",\"potentialAction\":[{\"@type\":\"ReadAction\",\"target\":[\"https:\\\/\\\/experienceparkland.com\\\/fr\\\/about-us\\\/our-family-history\\\/\"]}]},{\"@type\":\"BreadcrumbList\",\"@id\":\"https:\\\/\\\/experienceparkland.com\\\/fr\\\/about-us\\\/our-family-history\\\/#breadcrumb\",\"itemListElement\":[{\"@type\":\"ListItem\",\"position\":1,\"name\":\"Home\",\"item\":\"https:\\\/\\\/experienceparkland.com\\\/fr\\\/\"},{\"@type\":\"ListItem\",\"position\":2,\"name\":\"Qui sommes-nous?\",\"item\":\"https:\\\/\\\/experienceparkland.com\\\/fr\\\/about-us\\\/\"},{\"@type\":\"ListItem\",\"position\":3,\"name\":\"Our Family &#038; History\"}]},{\"@type\":\"WebSite\",\"@id\":\"https:\\\/\\\/experienceparkland.com\\\/fr\\\/#website\",\"url\":\"https:\\\/\\\/experienceparkland.com\\\/fr\\\/\",\"name\":\"Parkland Retirement Living\",\"description\":\"\",\"potentialAction\":[{\"@type\":\"SearchAction\",\"target\":{\"@type\":\"EntryPoint\",\"urlTemplate\":\"https:\\\/\\\/experienceparkland.com\\\/fr\\\/?s={search_term_string}\"},\"query-input\":{\"@type\":\"PropertyValueSpecification\",\"valueRequired\":true,\"valueName\":\"search_term_string\"}}],\"inLanguage\":\"fr-FR\"}]}<\/script>\n<!-- \/ Yoast SEO plugin. -->","yoast_head_json":{"title":"Parkland Retirement Living - Qui sommes-nous? \u2013 L\u2019histoire de notre famille","description":"La famille Shannon s\u2019est lanc\u00e9e dans le domaine de la vie de retraite en 1988 et offre depuis lors des r\u00e9sidences de premi\u00e8re qualit\u00e9.","robots":{"index":"index","follow":"follow","max-snippet":"max-snippet:-1","max-image-preview":"max-image-preview:large","max-video-preview":"max-video-preview:-1"},"canonical":"https:\/\/experienceparkland.com\/fr\/about-us\/our-family-history\/","og_locale":"fr_FR","og_type":"article","og_title":"Parkland Retirement Living - Qui sommes-nous? \u2013 L\u2019histoire de notre famille","og_description":"La famille Shannon s\u2019est lanc\u00e9e dans le domaine de la vie de retraite en 1988 et offre depuis lors des r\u00e9sidences de premi\u00e8re qualit\u00e9.","og_url":"https:\/\/experienceparkland.com\/fr\/about-us\/our-family-history\/","og_site_name":"Parkland Retirement Living","article_modified_time":"2020-02-21T14:27:06+00:00","twitter_card":"summary_large_image","twitter_misc":{"Est. reading time":"1 minute"},"schema":{"@context":"https:\/\/schema.org","@graph":[{"@type":"WebPage","@id":"https:\/\/experienceparkland.com\/fr\/about-us\/our-family-history\/","url":"https:\/\/experienceparkland.com\/fr\/about-us\/our-family-history\/","name":"Parkland Retirement Living - Qui sommes-nous? \u2013 L\u2019histoire de notre famille","isPartOf":{"@id":"https:\/\/experienceparkland.com\/fr\/#website"},"datePublished":"2019-04-03T18:27:44+00:00","dateModified":"2020-02-21T14:27:06+00:00","description":"La famille Shannon s\u2019est lanc\u00e9e dans le domaine de la vie de retraite en 1988 et offre depuis lors des r\u00e9sidences de premi\u00e8re qualit\u00e9.","breadcrumb":{"@id":"https:\/\/experienceparkland.com\/fr\/about-us\/our-family-history\/#breadcrumb"},"inLanguage":"fr-FR","potentialAction":[{"@type":"ReadAction","target":["https:\/\/experienceparkland.com\/fr\/about-us\/our-family-history\/"]}]},{"@type":"BreadcrumbList","@id":"https:\/\/experienceparkland.com\/fr\/about-us\/our-family-history\/#breadcrumb","itemListElement":[{"@type":"ListItem","position":1,"name":"Home","item":"https:\/\/experienceparkland.com\/fr\/"},{"@type":"ListItem","position":2,"name":"Qui sommes-nous?","item":"https:\/\/experienceparkland.com\/fr\/about-us\/"},{"@type":"ListItem","position":3,"name":"Our Family &#038; History"}]},{"@type":"WebSite","@id":"https:\/\/experienceparkland.com\/fr\/#website","url":"https:\/\/experienceparkland.com\/fr\/","name":"Parkland Retirement Living","description":"","potentialAction":[{"@type":"SearchAction","target":{"@type":"EntryPoint","urlTemplate":"https:\/\/experienceparkland.com\/fr\/?s={search_term_string}"},"query-input":{"@type":"PropertyValueSpecification","valueRequired":true,"valueName":"search_term_string"}}],"inLanguage":"fr-FR"}]}},"_links":{"self":[{"href":"https:\/\/experienceparkland.com\/fr\/wp-json\/wp\/v2\/pages\/699","targetHints":{"allow":["GET"]}}],"collection":[{"href":"https:\/\/experienceparkland.com\/fr\/wp-json\/wp\/v2\/pages"}],"about":[{"href":"https:\/\/experienceparkland.com\/fr\/wp-json\/wp\/v2\/types\/page"}],"author":[{"embeddable":true,"href":"https:\/\/experienceparkland.com\/fr\/wp-json\/wp\/v2\/users\/51"}],"replies":[{"embeddable":true,"href":"https:\/\/experienceparkland.com\/fr\/wp-json\/wp\/v2\/comments?post=699"}],"version-history":[{"count":0,"href":"https:\/\/experienceparkland.com\/fr\/wp-json\/wp\/v2\/pages\/699\/revisions"}],"up":[{"embeddable":true,"href":"https:\/\/experienceparkland.com\/fr\/wp-json\/wp\/v2\/pages\/686"}],"wp:attachment":[{"href":"https:\/\/experienceparkland.com\/fr\/wp-json\/wp\/v2\/media?parent=699"}],"curies":[{"name":"wp","href":"https:\/\/api.w.org\/{rel}","templated":true}]}}