{"id":697,"date":"2019-04-03T14:27:28","date_gmt":"2019-04-03T18:27:28","guid":{"rendered":"https:\/\/experienceparkland.com\/about-us\/our-approach\/"},"modified":"2021-11-17T08:14:04","modified_gmt":"2021-11-17T13:14:04","slug":"carrieres","status":"publish","type":"page","link":"https:\/\/experienceparkland.com\/fr\/about-us\/carrieres\/","title":{"rendered":"Carri\u00e8res"},"content":{"rendered":"\n<figure class=\"wp-block-gallery columns-3 is-cropped wp-block-gallery-1 is-layout-flex wp-block-gallery-is-layout-flex\"><ul class=\"blocks-gallery-grid\"><li class=\"blocks-gallery-item\"><figure><img loading=\"lazy\" decoding=\"async\" width=\"1024\" height=\"683\" src=\"https:\/\/experienceparkland.com\/wp-content\/uploads\/2021\/09\/2021-07-highres-deancas_DSC0402-1-1024x683.jpg\" alt=\"\" data-id=\"6883\" data-full-url=\"https:\/\/experienceparkland.com\/wp-content\/uploads\/2021\/09\/2021-07-highres-deancas_DSC0402-1-scaled.jpg\" data-link=\"https:\/\/experienceparkland.com\/about-us\/careers\/2021-07-highres-deancas_dsc0402-1\/\" class=\"wp-image-6883\" srcset=\"https:\/\/experienceparkland.com\/wp-content\/uploads\/2021\/09\/2021-07-highres-deancas_DSC0402-1-1024x683.jpg 1024w, https:\/\/experienceparkland.com\/wp-content\/uploads\/2021\/09\/2021-07-highres-deancas_DSC0402-1-300x200.jpg 300w, https:\/\/experienceparkland.com\/wp-content\/uploads\/2021\/09\/2021-07-highres-deancas_DSC0402-1-768x512.jpg 768w, https:\/\/experienceparkland.com\/wp-content\/uploads\/2021\/09\/2021-07-highres-deancas_DSC0402-1-1536x1024.jpg 1536w, https:\/\/experienceparkland.com\/wp-content\/uploads\/2021\/09\/2021-07-highres-deancas_DSC0402-1-2048x1366.jpg 2048w\" sizes=\"auto, (max-width: 1024px) 100vw, 1024px\" \/><\/figure><\/li><li class=\"blocks-gallery-item\"><figure><img loading=\"lazy\" decoding=\"async\" width=\"1024\" height=\"684\" src=\"https:\/\/experienceparkland.com\/wp-content\/uploads\/2021\/09\/2021-07-highres-deancas_DTC0628-1-1024x684.jpg\" alt=\"\" data-id=\"6881\" data-full-url=\"https:\/\/experienceparkland.com\/wp-content\/uploads\/2021\/09\/2021-07-highres-deancas_DTC0628-1-scaled.jpg\" data-link=\"https:\/\/experienceparkland.com\/about-us\/careers\/2021-07-highres-deancas_dtc0628-1\/\" class=\"wp-image-6881\" srcset=\"https:\/\/experienceparkland.com\/wp-content\/uploads\/2021\/09\/2021-07-highres-deancas_DTC0628-1-1024x684.jpg 1024w, https:\/\/experienceparkland.com\/wp-content\/uploads\/2021\/09\/2021-07-highres-deancas_DTC0628-1-300x200.jpg 300w, https:\/\/experienceparkland.com\/wp-content\/uploads\/2021\/09\/2021-07-highres-deancas_DTC0628-1-768x513.jpg 768w, https:\/\/experienceparkland.com\/wp-content\/uploads\/2021\/09\/2021-07-highres-deancas_DTC0628-1-1536x1025.jpg 1536w, https:\/\/experienceparkland.com\/wp-content\/uploads\/2021\/09\/2021-07-highres-deancas_DTC0628-1-2048x1367.jpg 2048w\" sizes=\"auto, (max-width: 1024px) 100vw, 1024px\" \/><\/figure><\/li><li class=\"blocks-gallery-item\"><figure><img loading=\"lazy\" decoding=\"async\" width=\"1024\" height=\"627\" src=\"https:\/\/experienceparkland.com\/wp-content\/uploads\/2021\/08\/Tools-Resources-1024x627.jpg\" alt=\"Tools and resources\" data-id=\"6638\" data-full-url=\"https:\/\/experienceparkland.com\/wp-content\/uploads\/2021\/08\/Tools-Resources.jpg\" data-link=\"https:\/\/experienceparkland.com\/together\/tools-resources\/\" class=\"wp-image-6639\" srcset=\"https:\/\/experienceparkland.com\/wp-content\/uploads\/2021\/08\/Tools-Resources-1024x627.jpg 1024w, https:\/\/experienceparkland.com\/wp-content\/uploads\/2021\/08\/Tools-Resources-300x184.jpg 300w, https:\/\/experienceparkland.com\/wp-content\/uploads\/2021\/08\/Tools-Resources-768x470.jpg 768w, https:\/\/experienceparkland.com\/wp-content\/uploads\/2021\/08\/Tools-Resources.jpg 1150w\" sizes=\"auto, (max-width: 1024px) 100vw, 1024px\" \/><\/figure><\/li><\/ul><\/figure>\n\n<h4 class=\"wp-block-heading\">Bien plus qu\u2019un endroit o\u00f9 travailler<\/h4>\n\n<p>M\u00eame si chaque communaut\u00e9 Parkland est unique et se distingue par ses personnes r\u00e9sidentes et ses employ\u00e9s, l\u2019atmosph\u00e8re et l\u2019exp\u00e9rience sont les m\u00eames dans toutes les communaut\u00e9s de la Nouvelle-\u00c9cosse, du Nouveau-Brunswick et de l\u2019Ontario. Au sein des \u00e9tablissements, vous y d\u00e9couvrirez un environnement qui refl\u00e8te un sentiment partag\u00e9 de fiert\u00e9 et d\u2019id\u00e9al chez ceux qui y vivent et qui y travaillent. En sachant qu\u2019ils auront des effets r\u00e9els, c\u2019est avec beaucoup d\u2019impatience, d\u2019enthousiasme et de confiance que les employ\u00e9s de Parkland se rendent au travail tous les jours.<\/p>\n<center><iframe loading=\"lazy\" width=\"560\" height=\"315\" src=\" https:\/\/www.youtube.com\/embed\/k4rWNxHqxAw?rel=0\" frameborder=\"0\" allow=\"accelerometer; autoplay; encrypted-media; gyroscope; picture-in-picture\" allowfullscreen=\"\"><\/iframe><\/center>&#13;\n\n<p><\/p>\n","protected":false},"excerpt":{"rendered":"<p>Bien plus qu\u2019un endroit o\u00f9 travailler M\u00eame si chaque communaut\u00e9 Parkland est unique et se distingue par ses personnes r\u00e9sidentes et ses employ\u00e9s, l\u2019atmosph\u00e8re et l\u2019exp\u00e9rience sont les m\u00eames dans toutes les communaut\u00e9s de la Nouvelle-\u00c9cosse, du Nouveau-Brunswick et de l\u2019Ontario. Au sein des \u00e9tablissements, vous y d\u00e9couvrirez un environnement qui refl\u00e8te un sentiment partag\u00e9&#8230; <a class=\"read_more\" title=\"Carri\u00e8res\" href=\"https:\/\/experienceparkland.com\/fr\/about-us\/carrieres\/\">Read more<\/a><\/p>\n","protected":false},"author":51,"featured_media":0,"parent":686,"menu_order":0,"comment_status":"closed","ping_status":"closed","template":"page-life-at-parkland.php","meta":{"_acf_changed":false,"footnotes":""},"class_list":["post-697","page","type-page","status-publish","hentry"],"acf":[],"featured_image_src":null,"yoast_head":"<!-- This site is optimized with the Yoast SEO plugin v27.3 - https:\/\/yoast.com\/product\/yoast-seo-wordpress\/ -->\n<title>Carri\u00e8res chez Parkland<\/title>\n<meta name=\"description\" content=\"En savoir plus sur les possibilit\u00e9s de carri\u00e8res valorisantes dans les complexes de Parkland en Nouvelle-\u00c9cosse, au Nouveau-Brunswick et en Ontario.\" \/>\n<meta name=\"robots\" content=\"index, follow, max-snippet:-1, max-image-preview:large, max-video-preview:-1\" \/>\n<link rel=\"canonical\" href=\"https:\/\/experienceparkland.com\/fr\/about-us\/carrieres\/\" \/>\n<meta property=\"og:locale\" content=\"fr_FR\" \/>\n<meta property=\"og:type\" content=\"article\" \/>\n<meta property=\"og:title\" content=\"Carri\u00e8res chez Parkland\" \/>\n<meta property=\"og:description\" content=\"En savoir plus sur les possibilit\u00e9s de carri\u00e8res valorisantes dans les complexes de Parkland en Nouvelle-\u00c9cosse, au Nouveau-Brunswick et en Ontario.\" \/>\n<meta property=\"og:url\" content=\"https:\/\/experienceparkland.com\/fr\/about-us\/carrieres\/\" \/>\n<meta property=\"og:site_name\" content=\"Parkland Retirement Living\" \/>\n<meta property=\"article:modified_time\" content=\"2021-11-17T13:14:04+00:00\" \/>\n<meta property=\"og:image\" content=\"https:\/\/experienceparkland.com\/wp-content\/uploads\/2021\/09\/2021-07-highres-deancas_DSC0402-1-1024x683.jpg\" \/>\n<meta name=\"twitter:card\" content=\"summary_large_image\" \/>\n<meta name=\"twitter:label1\" content=\"Est. reading time\" \/>\n\t<meta name=\"twitter:data1\" content=\"1 minute\" \/>\n<script type=\"application\/ld+json\" class=\"yoast-schema-graph\">{\"@context\":\"https:\\\/\\\/schema.org\",\"@graph\":[{\"@type\":\"WebPage\",\"@id\":\"https:\\\/\\\/experienceparkland.com\\\/fr\\\/about-us\\\/carrieres\\\/\",\"url\":\"https:\\\/\\\/experienceparkland.com\\\/fr\\\/about-us\\\/carrieres\\\/\",\"name\":\"Carri\u00e8res chez Parkland\",\"isPartOf\":{\"@id\":\"https:\\\/\\\/experienceparkland.com\\\/fr\\\/#website\"},\"primaryImageOfPage\":{\"@id\":\"https:\\\/\\\/experienceparkland.com\\\/fr\\\/about-us\\\/carrieres\\\/#primaryimage\"},\"image\":{\"@id\":\"https:\\\/\\\/experienceparkland.com\\\/fr\\\/about-us\\\/carrieres\\\/#primaryimage\"},\"thumbnailUrl\":\"https:\\\/\\\/experienceparkland.com\\\/wp-content\\\/uploads\\\/2021\\\/09\\\/2021-07-highres-deancas_DSC0402-1-1024x683.jpg\",\"datePublished\":\"2019-04-03T18:27:28+00:00\",\"dateModified\":\"2021-11-17T13:14:04+00:00\",\"description\":\"En savoir plus sur les possibilit\u00e9s de carri\u00e8res valorisantes dans les complexes de Parkland en Nouvelle-\u00c9cosse, au Nouveau-Brunswick et en Ontario.\",\"breadcrumb\":{\"@id\":\"https:\\\/\\\/experienceparkland.com\\\/fr\\\/about-us\\\/carrieres\\\/#breadcrumb\"},\"inLanguage\":\"fr-FR\",\"potentialAction\":[{\"@type\":\"ReadAction\",\"target\":[\"https:\\\/\\\/experienceparkland.com\\\/fr\\\/about-us\\\/carrieres\\\/\"]}]},{\"@type\":\"ImageObject\",\"inLanguage\":\"fr-FR\",\"@id\":\"https:\\\/\\\/experienceparkland.com\\\/fr\\\/about-us\\\/carrieres\\\/#primaryimage\",\"url\":\"https:\\\/\\\/experienceparkland.com\\\/wp-content\\\/uploads\\\/2021\\\/09\\\/2021-07-highres-deancas_DSC0402-1-1024x683.jpg\",\"contentUrl\":\"https:\\\/\\\/experienceparkland.com\\\/wp-content\\\/uploads\\\/2021\\\/09\\\/2021-07-highres-deancas_DSC0402-1-1024x683.jpg\"},{\"@type\":\"BreadcrumbList\",\"@id\":\"https:\\\/\\\/experienceparkland.com\\\/fr\\\/about-us\\\/carrieres\\\/#breadcrumb\",\"itemListElement\":[{\"@type\":\"ListItem\",\"position\":1,\"name\":\"Home\",\"item\":\"https:\\\/\\\/experienceparkland.com\\\/fr\\\/\"},{\"@type\":\"ListItem\",\"position\":2,\"name\":\"Qui sommes-nous?\",\"item\":\"https:\\\/\\\/experienceparkland.com\\\/fr\\\/about-us\\\/\"},{\"@type\":\"ListItem\",\"position\":3,\"name\":\"Carri\u00e8res\"}]},{\"@type\":\"WebSite\",\"@id\":\"https:\\\/\\\/experienceparkland.com\\\/fr\\\/#website\",\"url\":\"https:\\\/\\\/experienceparkland.com\\\/fr\\\/\",\"name\":\"Parkland Retirement Living\",\"description\":\"\",\"potentialAction\":[{\"@type\":\"SearchAction\",\"target\":{\"@type\":\"EntryPoint\",\"urlTemplate\":\"https:\\\/\\\/experienceparkland.com\\\/fr\\\/?s={search_term_string}\"},\"query-input\":{\"@type\":\"PropertyValueSpecification\",\"valueRequired\":true,\"valueName\":\"search_term_string\"}}],\"inLanguage\":\"fr-FR\"}]}<\/script>\n<!-- \/ Yoast SEO plugin. -->","yoast_head_json":{"title":"Carri\u00e8res chez Parkland","description":"En savoir plus sur les possibilit\u00e9s de carri\u00e8res valorisantes dans les complexes de Parkland en Nouvelle-\u00c9cosse, au Nouveau-Brunswick et en Ontario.","robots":{"index":"index","follow":"follow","max-snippet":"max-snippet:-1","max-image-preview":"max-image-preview:large","max-video-preview":"max-video-preview:-1"},"canonical":"https:\/\/experienceparkland.com\/fr\/about-us\/carrieres\/","og_locale":"fr_FR","og_type":"article","og_title":"Carri\u00e8res chez Parkland","og_description":"En savoir plus sur les possibilit\u00e9s de carri\u00e8res valorisantes dans les complexes de Parkland en Nouvelle-\u00c9cosse, au Nouveau-Brunswick et en Ontario.","og_url":"https:\/\/experienceparkland.com\/fr\/about-us\/carrieres\/","og_site_name":"Parkland Retirement Living","article_modified_time":"2021-11-17T13:14:04+00:00","og_image":[{"url":"https:\/\/experienceparkland.com\/wp-content\/uploads\/2021\/09\/2021-07-highres-deancas_DSC0402-1-1024x683.jpg","type":"","width":"","height":""}],"twitter_card":"summary_large_image","twitter_misc":{"Est. reading time":"1 minute"},"schema":{"@context":"https:\/\/schema.org","@graph":[{"@type":"WebPage","@id":"https:\/\/experienceparkland.com\/fr\/about-us\/carrieres\/","url":"https:\/\/experienceparkland.com\/fr\/about-us\/carrieres\/","name":"Carri\u00e8res chez Parkland","isPartOf":{"@id":"https:\/\/experienceparkland.com\/fr\/#website"},"primaryImageOfPage":{"@id":"https:\/\/experienceparkland.com\/fr\/about-us\/carrieres\/#primaryimage"},"image":{"@id":"https:\/\/experienceparkland.com\/fr\/about-us\/carrieres\/#primaryimage"},"thumbnailUrl":"https:\/\/experienceparkland.com\/wp-content\/uploads\/2021\/09\/2021-07-highres-deancas_DSC0402-1-1024x683.jpg","datePublished":"2019-04-03T18:27:28+00:00","dateModified":"2021-11-17T13:14:04+00:00","description":"En savoir plus sur les possibilit\u00e9s de carri\u00e8res valorisantes dans les complexes de Parkland en Nouvelle-\u00c9cosse, au Nouveau-Brunswick et en Ontario.","breadcrumb":{"@id":"https:\/\/experienceparkland.com\/fr\/about-us\/carrieres\/#breadcrumb"},"inLanguage":"fr-FR","potentialAction":[{"@type":"ReadAction","target":["https:\/\/experienceparkland.com\/fr\/about-us\/carrieres\/"]}]},{"@type":"ImageObject","inLanguage":"fr-FR","@id":"https:\/\/experienceparkland.com\/fr\/about-us\/carrieres\/#primaryimage","url":"https:\/\/experienceparkland.com\/wp-content\/uploads\/2021\/09\/2021-07-highres-deancas_DSC0402-1-1024x683.jpg","contentUrl":"https:\/\/experienceparkland.com\/wp-content\/uploads\/2021\/09\/2021-07-highres-deancas_DSC0402-1-1024x683.jpg"},{"@type":"BreadcrumbList","@id":"https:\/\/experienceparkland.com\/fr\/about-us\/carrieres\/#breadcrumb","itemListElement":[{"@type":"ListItem","position":1,"name":"Home","item":"https:\/\/experienceparkland.com\/fr\/"},{"@type":"ListItem","position":2,"name":"Qui sommes-nous?","item":"https:\/\/experienceparkland.com\/fr\/about-us\/"},{"@type":"ListItem","position":3,"name":"Carri\u00e8res"}]},{"@type":"WebSite","@id":"https:\/\/experienceparkland.com\/fr\/#website","url":"https:\/\/experienceparkland.com\/fr\/","name":"Parkland Retirement Living","description":"","potentialAction":[{"@type":"SearchAction","target":{"@type":"EntryPoint","urlTemplate":"https:\/\/experienceparkland.com\/fr\/?s={search_term_string}"},"query-input":{"@type":"PropertyValueSpecification","valueRequired":true,"valueName":"search_term_string"}}],"inLanguage":"fr-FR"}]}},"_links":{"self":[{"href":"https:\/\/experienceparkland.com\/fr\/wp-json\/wp\/v2\/pages\/697","targetHints":{"allow":["GET"]}}],"collection":[{"href":"https:\/\/experienceparkland.com\/fr\/wp-json\/wp\/v2\/pages"}],"about":[{"href":"https:\/\/experienceparkland.com\/fr\/wp-json\/wp\/v2\/types\/page"}],"author":[{"embeddable":true,"href":"https:\/\/experienceparkland.com\/fr\/wp-json\/wp\/v2\/users\/51"}],"replies":[{"embeddable":true,"href":"https:\/\/experienceparkland.com\/fr\/wp-json\/wp\/v2\/comments?post=697"}],"version-history":[{"count":0,"href":"https:\/\/experienceparkland.com\/fr\/wp-json\/wp\/v2\/pages\/697\/revisions"}],"up":[{"embeddable":true,"href":"https:\/\/experienceparkland.com\/fr\/wp-json\/wp\/v2\/pages\/686"}],"wp:attachment":[{"href":"https:\/\/experienceparkland.com\/fr\/wp-json\/wp\/v2\/media?parent=697"}],"curies":[{"name":"wp","href":"https:\/\/api.w.org\/{rel}","templated":true}]}}