{"id":695,"date":"2019-04-03T14:01:03","date_gmt":"2019-04-03T18:01:03","guid":{"rendered":"https:\/\/experienceparkland.com\/about-us\/medical-professionals\/"},"modified":"2020-02-21T09:25:31","modified_gmt":"2020-02-21T14:25:31","slug":"medical-professionals","status":"publish","type":"page","link":"https:\/\/experienceparkland.com\/fr\/about-us\/medical-professionals\/","title":{"rendered":"Professions m\u00e9dicales"},"content":{"rendered":"\n<p><span style=\"font-weight: 400;\">Une ressource pour les professionnelles et professionnels de la sant\u00e9 qui aident les personnes \u00e2g\u00e9es en leur offrant des options de soutien \u00e0 la vie autonome.<\/span><\/p>\n\n<p>S\u00e9jour d\u2019urgence (disponible uniquement dans certains communaut\u00e9s du Nouveau-Brunswick) : lit de soins enti\u00e8rement subventionn\u00e9 pour ceux n\u00e9cessitant un soutien d&rsquo;urgence. <\/p>\n\n<p>Parkland offre bien plus qu\u2019un service de logement. Nous proposons trois niveaux de soins, dont l\u2019aide \u00e0 la vie autonome, les soins pour perte cognitive et les soins enrichis, en plus de nos appartements autonomes. Tout cela veut dire que votre patient\u00e8le peut vieillir sur place dans une communaut\u00e9 o\u00f9 ses besoins individuels sont assouvis tout au long de son parcours. Nous sommes fiers que les personnes r\u00e9sidentes se sentent chez eux chez Parkland, o\u00f9 le soutien de notre personnel accueillant et professionnel leur permet de vivre un quotidien actif, joyeux et par-dessous tout, s\u00e9curitaire.<\/p>\n\n<p>Nous offrons les options suivantes.<\/p>\n\n<ul class=\"wp-block-list\"><li>S\u00e9jours de courte dur\u00e9e et d\u2019essai : le choix id\u00e9al pour d\u00e9cider si la vie de retraite convient \u00e0 ses besoins.<\/li><li>S\u00e9jours de r\u00e9pit : le choix id\u00e9al pour la convalescence ou les soins de rel\u00e8ve.<\/li><li>Placement d\u2019urgence (certains complexes au N.-B. uniquement) : soins enti\u00e8rement financ\u00e9s pour les situations d\u2019urgence. <\/li><li>Un continuum d\u2019options de mode de vie pour soutenir une vari\u00e9t\u00e9 de besoins et de pr\u00e9f\u00e9rences.<\/li><\/ul>\n<h6 class=\"wp-block-heading\">Nous nous ferons un plaisir de vous faire une visite guid\u00e9e de nos communaut\u00e9s \u00e0 un moment qui vous convient, et nous vous invitons \u00e0 d\u00eener! Pour plus d\u2019informations, <a href=\"https:\/\/experienceparkland.com\/fr\/about-us\/medical-professionals\/\"><u>t\u00e9l\u00e9chargez ce livret de renseignements<\/u><\/a> sur nos services et nos options de mode de vie \u00e0 utiliser comme ressource lorsque vous aidez votre patient\u00e8le \u00e0 choisir un logement o\u00f9 elle sera heureuse et en s\u00e9curit\u00e9.<\/h6>\n","protected":false},"excerpt":{"rendered":"<p>Une ressource pour les professionnelles et professionnels de la sant\u00e9 qui aident les personnes \u00e2g\u00e9es en leur offrant des options de soutien \u00e0 la vie autonome. S\u00e9jour d\u2019urgence (disponible uniquement dans certains communaut\u00e9s du Nouveau-Brunswick) : lit de soins enti\u00e8rement subventionn\u00e9 pour ceux n\u00e9cessitant un soutien d&rsquo;urgence. Parkland offre bien plus qu\u2019un service de logement&#8230;. <a class=\"read_more\" title=\"Professions m\u00e9dicales\" href=\"https:\/\/experienceparkland.com\/fr\/about-us\/medical-professionals\/\">Read more<\/a><\/p>\n","protected":false},"author":51,"featured_media":0,"parent":686,"menu_order":0,"comment_status":"closed","ping_status":"closed","template":"page-image-and-text.php","meta":{"_acf_changed":false,"footnotes":""},"class_list":["post-695","page","type-page","status-publish","hentry"],"acf":[],"featured_image_src":null,"yoast_head":"<!-- This site is optimized with the Yoast SEO plugin v27.4 - https:\/\/yoast.com\/product\/yoast-seo-wordpress\/ -->\n<title>Professions m\u00e9dicales - Parkland Retirement Living<\/title>\n<meta name=\"description\" content=\"Parkland propose un guide \u00e0 l\u2019intention des professions m\u00e9dicales pr\u00e9sentant des renseignements sur nos services, notamment l\u2019aide \u00e0 la vie autonome et les soins pour perte cognitive.\" \/>\n<meta name=\"robots\" content=\"index, follow, max-snippet:-1, max-image-preview:large, max-video-preview:-1\" \/>\n<link rel=\"canonical\" href=\"https:\/\/experienceparkland.com\/fr\/about-us\/medical-professionals\/\" \/>\n<meta property=\"og:locale\" content=\"fr_FR\" \/>\n<meta property=\"og:type\" content=\"article\" \/>\n<meta property=\"og:title\" content=\"Professions m\u00e9dicales - Parkland Retirement Living\" \/>\n<meta property=\"og:description\" content=\"Parkland propose un guide \u00e0 l\u2019intention des professions m\u00e9dicales pr\u00e9sentant des renseignements sur nos services, notamment l\u2019aide \u00e0 la vie autonome et les soins pour perte cognitive.\" \/>\n<meta property=\"og:url\" content=\"https:\/\/experienceparkland.com\/fr\/about-us\/medical-professionals\/\" \/>\n<meta property=\"og:site_name\" content=\"Parkland Retirement Living\" \/>\n<meta property=\"article:modified_time\" content=\"2020-02-21T14:25:31+00:00\" \/>\n<meta name=\"twitter:card\" content=\"summary_large_image\" \/>\n<meta name=\"twitter:label1\" content=\"Est. reading time\" \/>\n\t<meta name=\"twitter:data1\" content=\"2 minutes\" \/>\n<script type=\"application\/ld+json\" class=\"yoast-schema-graph\">{\"@context\":\"https:\\\/\\\/schema.org\",\"@graph\":[{\"@type\":\"WebPage\",\"@id\":\"https:\\\/\\\/experienceparkland.com\\\/fr\\\/about-us\\\/medical-professionals\\\/\",\"url\":\"https:\\\/\\\/experienceparkland.com\\\/fr\\\/about-us\\\/medical-professionals\\\/\",\"name\":\"Professions m\u00e9dicales - Parkland Retirement Living\",\"isPartOf\":{\"@id\":\"https:\\\/\\\/experienceparkland.com\\\/fr\\\/#website\"},\"datePublished\":\"2019-04-03T18:01:03+00:00\",\"dateModified\":\"2020-02-21T14:25:31+00:00\",\"description\":\"Parkland propose un guide \u00e0 l\u2019intention des professions m\u00e9dicales pr\u00e9sentant des renseignements sur nos services, notamment l\u2019aide \u00e0 la vie autonome et les soins pour perte cognitive.\",\"breadcrumb\":{\"@id\":\"https:\\\/\\\/experienceparkland.com\\\/fr\\\/about-us\\\/medical-professionals\\\/#breadcrumb\"},\"inLanguage\":\"fr-FR\",\"potentialAction\":[{\"@type\":\"ReadAction\",\"target\":[\"https:\\\/\\\/experienceparkland.com\\\/fr\\\/about-us\\\/medical-professionals\\\/\"]}]},{\"@type\":\"BreadcrumbList\",\"@id\":\"https:\\\/\\\/experienceparkland.com\\\/fr\\\/about-us\\\/medical-professionals\\\/#breadcrumb\",\"itemListElement\":[{\"@type\":\"ListItem\",\"position\":1,\"name\":\"Home\",\"item\":\"https:\\\/\\\/experienceparkland.com\\\/fr\\\/\"},{\"@type\":\"ListItem\",\"position\":2,\"name\":\"Qui sommes-nous?\",\"item\":\"https:\\\/\\\/experienceparkland.com\\\/fr\\\/about-us\\\/\"},{\"@type\":\"ListItem\",\"position\":3,\"name\":\"Professions m\u00e9dicales\"}]},{\"@type\":\"WebSite\",\"@id\":\"https:\\\/\\\/experienceparkland.com\\\/fr\\\/#website\",\"url\":\"https:\\\/\\\/experienceparkland.com\\\/fr\\\/\",\"name\":\"Parkland Retirement Living\",\"description\":\"\",\"potentialAction\":[{\"@type\":\"SearchAction\",\"target\":{\"@type\":\"EntryPoint\",\"urlTemplate\":\"https:\\\/\\\/experienceparkland.com\\\/fr\\\/?s={search_term_string}\"},\"query-input\":{\"@type\":\"PropertyValueSpecification\",\"valueRequired\":true,\"valueName\":\"search_term_string\"}}],\"inLanguage\":\"fr-FR\"}]}<\/script>\n<!-- \/ Yoast SEO plugin. -->","yoast_head_json":{"title":"Professions m\u00e9dicales - Parkland Retirement Living","description":"Parkland propose un guide \u00e0 l\u2019intention des professions m\u00e9dicales pr\u00e9sentant des renseignements sur nos services, notamment l\u2019aide \u00e0 la vie autonome et les soins pour perte cognitive.","robots":{"index":"index","follow":"follow","max-snippet":"max-snippet:-1","max-image-preview":"max-image-preview:large","max-video-preview":"max-video-preview:-1"},"canonical":"https:\/\/experienceparkland.com\/fr\/about-us\/medical-professionals\/","og_locale":"fr_FR","og_type":"article","og_title":"Professions m\u00e9dicales - Parkland Retirement Living","og_description":"Parkland propose un guide \u00e0 l\u2019intention des professions m\u00e9dicales pr\u00e9sentant des renseignements sur nos services, notamment l\u2019aide \u00e0 la vie autonome et les soins pour perte cognitive.","og_url":"https:\/\/experienceparkland.com\/fr\/about-us\/medical-professionals\/","og_site_name":"Parkland Retirement Living","article_modified_time":"2020-02-21T14:25:31+00:00","twitter_card":"summary_large_image","twitter_misc":{"Est. reading time":"2 minutes"},"schema":{"@context":"https:\/\/schema.org","@graph":[{"@type":"WebPage","@id":"https:\/\/experienceparkland.com\/fr\/about-us\/medical-professionals\/","url":"https:\/\/experienceparkland.com\/fr\/about-us\/medical-professionals\/","name":"Professions m\u00e9dicales - Parkland Retirement Living","isPartOf":{"@id":"https:\/\/experienceparkland.com\/fr\/#website"},"datePublished":"2019-04-03T18:01:03+00:00","dateModified":"2020-02-21T14:25:31+00:00","description":"Parkland propose un guide \u00e0 l\u2019intention des professions m\u00e9dicales pr\u00e9sentant des renseignements sur nos services, notamment l\u2019aide \u00e0 la vie autonome et les soins pour perte cognitive.","breadcrumb":{"@id":"https:\/\/experienceparkland.com\/fr\/about-us\/medical-professionals\/#breadcrumb"},"inLanguage":"fr-FR","potentialAction":[{"@type":"ReadAction","target":["https:\/\/experienceparkland.com\/fr\/about-us\/medical-professionals\/"]}]},{"@type":"BreadcrumbList","@id":"https:\/\/experienceparkland.com\/fr\/about-us\/medical-professionals\/#breadcrumb","itemListElement":[{"@type":"ListItem","position":1,"name":"Home","item":"https:\/\/experienceparkland.com\/fr\/"},{"@type":"ListItem","position":2,"name":"Qui sommes-nous?","item":"https:\/\/experienceparkland.com\/fr\/about-us\/"},{"@type":"ListItem","position":3,"name":"Professions m\u00e9dicales"}]},{"@type":"WebSite","@id":"https:\/\/experienceparkland.com\/fr\/#website","url":"https:\/\/experienceparkland.com\/fr\/","name":"Parkland Retirement Living","description":"","potentialAction":[{"@type":"SearchAction","target":{"@type":"EntryPoint","urlTemplate":"https:\/\/experienceparkland.com\/fr\/?s={search_term_string}"},"query-input":{"@type":"PropertyValueSpecification","valueRequired":true,"valueName":"search_term_string"}}],"inLanguage":"fr-FR"}]}},"_links":{"self":[{"href":"https:\/\/experienceparkland.com\/fr\/wp-json\/wp\/v2\/pages\/695","targetHints":{"allow":["GET"]}}],"collection":[{"href":"https:\/\/experienceparkland.com\/fr\/wp-json\/wp\/v2\/pages"}],"about":[{"href":"https:\/\/experienceparkland.com\/fr\/wp-json\/wp\/v2\/types\/page"}],"author":[{"embeddable":true,"href":"https:\/\/experienceparkland.com\/fr\/wp-json\/wp\/v2\/users\/51"}],"replies":[{"embeddable":true,"href":"https:\/\/experienceparkland.com\/fr\/wp-json\/wp\/v2\/comments?post=695"}],"version-history":[{"count":0,"href":"https:\/\/experienceparkland.com\/fr\/wp-json\/wp\/v2\/pages\/695\/revisions"}],"up":[{"embeddable":true,"href":"https:\/\/experienceparkland.com\/fr\/wp-json\/wp\/v2\/pages\/686"}],"wp:attachment":[{"href":"https:\/\/experienceparkland.com\/fr\/wp-json\/wp\/v2\/media?parent=695"}],"curies":[{"name":"wp","href":"https:\/\/api.w.org\/{rel}","templated":true}]}}