{"id":686,"date":"2019-04-03T13:44:27","date_gmt":"2019-04-03T17:44:27","guid":{"rendered":"https:\/\/experienceparkland.com\/about-us\/"},"modified":"2020-02-21T09:18:03","modified_gmt":"2020-02-21T14:18:03","slug":"about-us","status":"publish","type":"page","link":"https:\/\/experienceparkland.com\/fr\/about-us\/","title":{"rendered":"Qui sommes-nous?"},"content":{"rendered":"\n<h4 class=\"wp-block-heading\">Parkland est une division de Shannex Incorporated. Dans les communaut\u00e9s de Shannex, les personnes r\u00e9sidentes et leurs familles b\u00e9n\u00e9ficient de liens significatifs et de tranquillit\u00e9 d\u2019esprit aujourd\u2019hui comme demain. Visitez Shannex.com pour en savoir plus.<\/h4>\n\n<p>Dans les complexes de vie de retraite Parkland en Nouvelle-\u00c9cosse, au Nouveau-Brunswick et en Ontario, vous vivrez une exp\u00e9rience de vie exceptionnelle. B\u00e9n\u00e9ficiez de magnifiques environs, de superbes repas, de voisins aimables et d\u2019un personnel accueillant, le tout sans les responsabilit\u00e9s d\u2019\u00eatre propri\u00e9taire.  <\/p>\n\n<p>Parce que le bonheur, la sant\u00e9 et le bien-\u00eatre des personnes r\u00e9sidentes constituent notre priorit\u00e9 absolue, Parkland offre une vari\u00e9t\u00e9 de services et de choix de vie de retraite afin de r\u00e9pondre aux besoins uniques de chaque individu. B\u00e9n\u00e9ficiez du confort de votre propre appartement dans un cadre luxueux et d\u2019un \u00e9ventail de commodit\u00e9s et de services con\u00e7us pour votre plus grand plaisir. Chez Parkland, vous avez la libert\u00e9 de vivre \u00e0 votre mani\u00e8re. <\/p>\n","protected":false},"excerpt":{"rendered":"<p>Parkland est une division de Shannex Incorporated. Dans les communaut\u00e9s de Shannex, les personnes r\u00e9sidentes et leurs familles b\u00e9n\u00e9ficient de liens significatifs et de tranquillit\u00e9 d\u2019esprit aujourd\u2019hui comme demain. Visitez Shannex.com pour en savoir plus. Dans les complexes de vie de retraite Parkland en Nouvelle-\u00c9cosse, au Nouveau-Brunswick et en Ontario, vous vivrez une exp\u00e9rience de&#8230; <a class=\"read_more\" title=\"Qui sommes-nous?\" href=\"https:\/\/experienceparkland.com\/fr\/about-us\/\">Read more<\/a><\/p>\n","protected":false},"author":51,"featured_media":0,"parent":0,"menu_order":0,"comment_status":"closed","ping_status":"closed","template":"page-about-us.php","meta":{"_acf_changed":false,"footnotes":""},"class_list":["post-686","page","type-page","status-publish","hentry"],"acf":[],"featured_image_src":null,"yoast_head":"<!-- This site is optimized with the Yoast SEO plugin v27.3 - https:\/\/yoast.com\/product\/yoast-seo-wordpress\/ -->\n<title>Qui sommes-nous? Qui sommes-nous? - Parkland Retirement Living<\/title>\n<meta name=\"description\" content=\"En savoir plus sur Parkland, une organisation chef de file dans le domaine des communaut\u00e9s de vie de retraite en Nouvelle-\u00c9cosse, au Nouveau-Brunswick et en Ontario.\" \/>\n<meta name=\"robots\" content=\"index, follow, max-snippet:-1, max-image-preview:large, max-video-preview:-1\" \/>\n<link rel=\"canonical\" href=\"https:\/\/experienceparkland.com\/fr\/about-us\/\" \/>\n<meta property=\"og:locale\" content=\"fr_FR\" \/>\n<meta property=\"og:type\" content=\"article\" \/>\n<meta property=\"og:title\" content=\"Qui sommes-nous? Qui sommes-nous? - Parkland Retirement Living\" \/>\n<meta property=\"og:description\" content=\"En savoir plus sur Parkland, une organisation chef de file dans le domaine des communaut\u00e9s de vie de retraite en Nouvelle-\u00c9cosse, au Nouveau-Brunswick et en Ontario.\" \/>\n<meta property=\"og:url\" content=\"https:\/\/experienceparkland.com\/fr\/about-us\/\" \/>\n<meta property=\"og:site_name\" content=\"Parkland Retirement Living\" \/>\n<meta property=\"article:modified_time\" content=\"2020-02-21T14:18:03+00:00\" \/>\n<meta name=\"twitter:card\" content=\"summary_large_image\" \/>\n<meta name=\"twitter:label1\" content=\"Est. reading time\" \/>\n\t<meta name=\"twitter:data1\" content=\"1 minute\" \/>\n<script type=\"application\/ld+json\" class=\"yoast-schema-graph\">{\"@context\":\"https:\\\/\\\/schema.org\",\"@graph\":[{\"@type\":\"WebPage\",\"@id\":\"https:\\\/\\\/experienceparkland.com\\\/fr\\\/about-us\\\/\",\"url\":\"https:\\\/\\\/experienceparkland.com\\\/fr\\\/about-us\\\/\",\"name\":\"Qui sommes-nous? Qui sommes-nous? - Parkland Retirement Living\",\"isPartOf\":{\"@id\":\"https:\\\/\\\/experienceparkland.com\\\/fr\\\/#website\"},\"datePublished\":\"2019-04-03T17:44:27+00:00\",\"dateModified\":\"2020-02-21T14:18:03+00:00\",\"description\":\"En savoir plus sur Parkland, une organisation chef de file dans le domaine des communaut\u00e9s de vie de retraite en Nouvelle-\u00c9cosse, au Nouveau-Brunswick et en Ontario.\",\"breadcrumb\":{\"@id\":\"https:\\\/\\\/experienceparkland.com\\\/fr\\\/about-us\\\/#breadcrumb\"},\"inLanguage\":\"fr-FR\",\"potentialAction\":[{\"@type\":\"ReadAction\",\"target\":[\"https:\\\/\\\/experienceparkland.com\\\/fr\\\/about-us\\\/\"]}]},{\"@type\":\"BreadcrumbList\",\"@id\":\"https:\\\/\\\/experienceparkland.com\\\/fr\\\/about-us\\\/#breadcrumb\",\"itemListElement\":[{\"@type\":\"ListItem\",\"position\":1,\"name\":\"Home\",\"item\":\"https:\\\/\\\/experienceparkland.com\\\/fr\\\/\"},{\"@type\":\"ListItem\",\"position\":2,\"name\":\"Qui sommes-nous?\"}]},{\"@type\":\"WebSite\",\"@id\":\"https:\\\/\\\/experienceparkland.com\\\/fr\\\/#website\",\"url\":\"https:\\\/\\\/experienceparkland.com\\\/fr\\\/\",\"name\":\"Parkland Retirement Living\",\"description\":\"\",\"potentialAction\":[{\"@type\":\"SearchAction\",\"target\":{\"@type\":\"EntryPoint\",\"urlTemplate\":\"https:\\\/\\\/experienceparkland.com\\\/fr\\\/?s={search_term_string}\"},\"query-input\":{\"@type\":\"PropertyValueSpecification\",\"valueRequired\":true,\"valueName\":\"search_term_string\"}}],\"inLanguage\":\"fr-FR\"}]}<\/script>\n<!-- \/ Yoast SEO plugin. -->","yoast_head_json":{"title":"Qui sommes-nous? Qui sommes-nous? - Parkland Retirement Living","description":"En savoir plus sur Parkland, une organisation chef de file dans le domaine des communaut\u00e9s de vie de retraite en Nouvelle-\u00c9cosse, au Nouveau-Brunswick et en Ontario.","robots":{"index":"index","follow":"follow","max-snippet":"max-snippet:-1","max-image-preview":"max-image-preview:large","max-video-preview":"max-video-preview:-1"},"canonical":"https:\/\/experienceparkland.com\/fr\/about-us\/","og_locale":"fr_FR","og_type":"article","og_title":"Qui sommes-nous? Qui sommes-nous? - Parkland Retirement Living","og_description":"En savoir plus sur Parkland, une organisation chef de file dans le domaine des communaut\u00e9s de vie de retraite en Nouvelle-\u00c9cosse, au Nouveau-Brunswick et en Ontario.","og_url":"https:\/\/experienceparkland.com\/fr\/about-us\/","og_site_name":"Parkland Retirement Living","article_modified_time":"2020-02-21T14:18:03+00:00","twitter_card":"summary_large_image","twitter_misc":{"Est. reading time":"1 minute"},"schema":{"@context":"https:\/\/schema.org","@graph":[{"@type":"WebPage","@id":"https:\/\/experienceparkland.com\/fr\/about-us\/","url":"https:\/\/experienceparkland.com\/fr\/about-us\/","name":"Qui sommes-nous? Qui sommes-nous? - Parkland Retirement Living","isPartOf":{"@id":"https:\/\/experienceparkland.com\/fr\/#website"},"datePublished":"2019-04-03T17:44:27+00:00","dateModified":"2020-02-21T14:18:03+00:00","description":"En savoir plus sur Parkland, une organisation chef de file dans le domaine des communaut\u00e9s de vie de retraite en Nouvelle-\u00c9cosse, au Nouveau-Brunswick et en Ontario.","breadcrumb":{"@id":"https:\/\/experienceparkland.com\/fr\/about-us\/#breadcrumb"},"inLanguage":"fr-FR","potentialAction":[{"@type":"ReadAction","target":["https:\/\/experienceparkland.com\/fr\/about-us\/"]}]},{"@type":"BreadcrumbList","@id":"https:\/\/experienceparkland.com\/fr\/about-us\/#breadcrumb","itemListElement":[{"@type":"ListItem","position":1,"name":"Home","item":"https:\/\/experienceparkland.com\/fr\/"},{"@type":"ListItem","position":2,"name":"Qui sommes-nous?"}]},{"@type":"WebSite","@id":"https:\/\/experienceparkland.com\/fr\/#website","url":"https:\/\/experienceparkland.com\/fr\/","name":"Parkland Retirement Living","description":"","potentialAction":[{"@type":"SearchAction","target":{"@type":"EntryPoint","urlTemplate":"https:\/\/experienceparkland.com\/fr\/?s={search_term_string}"},"query-input":{"@type":"PropertyValueSpecification","valueRequired":true,"valueName":"search_term_string"}}],"inLanguage":"fr-FR"}]}},"_links":{"self":[{"href":"https:\/\/experienceparkland.com\/fr\/wp-json\/wp\/v2\/pages\/686","targetHints":{"allow":["GET"]}}],"collection":[{"href":"https:\/\/experienceparkland.com\/fr\/wp-json\/wp\/v2\/pages"}],"about":[{"href":"https:\/\/experienceparkland.com\/fr\/wp-json\/wp\/v2\/types\/page"}],"author":[{"embeddable":true,"href":"https:\/\/experienceparkland.com\/fr\/wp-json\/wp\/v2\/users\/51"}],"replies":[{"embeddable":true,"href":"https:\/\/experienceparkland.com\/fr\/wp-json\/wp\/v2\/comments?post=686"}],"version-history":[{"count":0,"href":"https:\/\/experienceparkland.com\/fr\/wp-json\/wp\/v2\/pages\/686\/revisions"}],"wp:attachment":[{"href":"https:\/\/experienceparkland.com\/fr\/wp-json\/wp\/v2\/media?parent=686"}],"curies":[{"name":"wp","href":"https:\/\/api.w.org\/{rel}","templated":true}]}}