{"id":634,"date":"2019-04-03T10:38:44","date_gmt":"2019-04-03T14:38:44","guid":{"rendered":"https:\/\/experienceparkland.com\/contact-us\/"},"modified":"2023-06-19T14:25:12","modified_gmt":"2023-06-19T18:25:12","slug":"contact","status":"publish","type":"page","link":"https:\/\/experienceparkland.com\/fr\/contact\/","title":{"rendered":"Contact"},"content":{"rendered":"\n<p>Vous \u00eates d\u00e9j\u00e0 une personne r\u00e9sidente ou un proche d&rsquo;une personne r\u00e9sidente ? Communiquez avec notre <a href=\"https:\/\/experienceparkland.com\/fr\/about-us\/resident-and-family-liaison\/\">agente de liaison avec les personnes r\u00e9sidentes et leurs familles<\/a>. <\/p>\n\n\n<script type=\"text\/javascript\">\n\/* <![CDATA[ *\/\nvar gform;gform||(document.addEventListener(\"gform_main_scripts_loaded\",function(){gform.scriptsLoaded=!0}),document.addEventListener(\"gform\/theme\/scripts_loaded\",function(){gform.themeScriptsLoaded=!0}),window.addEventListener(\"DOMContentLoaded\",function(){gform.domLoaded=!0}),gform={domLoaded:!1,scriptsLoaded:!1,themeScriptsLoaded:!1,isFormEditor:()=>\"function\"==typeof InitializeEditor,callIfLoaded:function(o){return!(!gform.domLoaded||!gform.scriptsLoaded||!gform.themeScriptsLoaded&&!gform.isFormEditor()||(gform.isFormEditor()&&console.warn(\"The use of gform.initializeOnLoaded() is deprecated in the form editor context and will be removed in Gravity Forms 3.1.\"),o(),0))},initializeOnLoaded:function(o){gform.callIfLoaded(o)||(document.addEventListener(\"gform_main_scripts_loaded\",()=>{gform.scriptsLoaded=!0,gform.callIfLoaded(o)}),document.addEventListener(\"gform\/theme\/scripts_loaded\",()=>{gform.themeScriptsLoaded=!0,gform.callIfLoaded(o)}),window.addEventListener(\"DOMContentLoaded\",()=>{gform.domLoaded=!0,gform.callIfLoaded(o)}))},hooks:{action:{},filter:{}},addAction:function(o,r,e,t){gform.addHook(\"action\",o,r,e,t)},addFilter:function(o,r,e,t){gform.addHook(\"filter\",o,r,e,t)},doAction:function(o){gform.doHook(\"action\",o,arguments)},applyFilters:function(o){return gform.doHook(\"filter\",o,arguments)},removeAction:function(o,r){gform.removeHook(\"action\",o,r)},removeFilter:function(o,r,e){gform.removeHook(\"filter\",o,r,e)},addHook:function(o,r,e,t,n){null==gform.hooks[o][r]&&(gform.hooks[o][r]=[]);var d=gform.hooks[o][r];null==n&&(n=r+\"_\"+d.length),gform.hooks[o][r].push({tag:n,callable:e,priority:t=null==t?10:t})},doHook:function(r,o,e){var t;if(e=Array.prototype.slice.call(e,1),null!=gform.hooks[r][o]&&((o=gform.hooks[r][o]).sort(function(o,r){return o.priority-r.priority}),o.forEach(function(o){\"function\"!=typeof(t=o.callable)&&(t=window[t]),\"action\"==r?t.apply(null,e):e[0]=t.apply(null,e)})),\"filter\"==r)return e[0]},removeHook:function(o,r,t,n){var e;null!=gform.hooks[o][r]&&(e=(e=gform.hooks[o][r]).filter(function(o,r,e){return!!(null!=n&&n!=o.tag||null!=t&&t!=o.priority)}),gform.hooks[o][r]=e)}});\n\/* ]]> *\/\n<\/script>\n\n                <div class='gf_browser_gecko gform_wrapper gform_legacy_markup_wrapper gform-theme--no-framework' data-form-theme='legacy' data-form-index='0' id='gform_wrapper_1' >\n                        <div class='gform_heading'>\n                            <p class='gform_description'>Formulaire de contact<\/p>\n                        <\/div><form method='post' enctype='multipart\/form-data'  id='gform_1'  action='\/fr\/wp-json\/wp\/v2\/pages\/634' data-formid='1' novalidate>\n                        <div class='gform-body gform_body'><ul id='gform_fields_1' class='gform_fields top_label form_sublabel_below description_below validation_below'><li id=\"field_1_11\" class=\"gfield gfield--type-honeypot gform_validation_container field_sublabel_below gfield--has-description field_description_below field_validation_below gfield_visibility_visible\"  ><label class='gfield_label gform-field-label' for='input_1_11'>Phone<\/label><div class='ginput_container'><input name='input_11' id='input_1_11' type='text' value='' autocomplete='new-password'\/><\/div><div class='gfield_description' id='gfield_description_1_11'>Ce champ n\u2019est utilis\u00e9 qu\u2019\u00e0 des fins de validation et devrait rester inchang\u00e9.<\/div><\/li><li id=\"field_1_1\" class=\"gfield gfield--type-text large-6 columns gfield_contains_required field_sublabel_below gfield--no-description field_description_below field_validation_below gfield_visibility_visible\"  ><label class='gfield_label gform-field-label' for='input_1_1'>Pr\u00e9nom<span class=\"gfield_required\"><span class=\"gfield_required gfield_required_asterisk\">*<\/span><\/span><\/label><div class='ginput_container ginput_container_text'><input name='input_1' id='input_1_1' type='text' value='' class='large'     aria-required=\"true\" aria-invalid=\"false\"   \/><\/div><\/li><li id=\"field_1_2\" class=\"gfield gfield--type-text large-6 columns gfield_contains_required field_sublabel_below gfield--no-description field_description_below field_validation_below gfield_visibility_visible\"  ><label class='gfield_label gform-field-label' for='input_1_2'>Nom de famille<span class=\"gfield_required\"><span class=\"gfield_required gfield_required_asterisk\">*<\/span><\/span><\/label><div class='ginput_container ginput_container_text'><input name='input_2' id='input_1_2' type='text' value='' class='large'     aria-required=\"true\" aria-invalid=\"false\"   \/><\/div><\/li><li id=\"field_1_3\" class=\"gfield gfield--type-email large-6 columns gfield_contains_required field_sublabel_below gfield--no-description field_description_below field_validation_below gfield_visibility_visible\"  ><label class='gfield_label gform-field-label' for='input_1_3'>e-mail<span class=\"gfield_required\"><span class=\"gfield_required gfield_required_asterisk\">*<\/span><\/span><\/label><div class='ginput_container ginput_container_email'>\n                            <input name='input_3' id='input_1_3' type='email' value='' class='large'    aria-required=\"true\" aria-invalid=\"false\"  \/>\n                        <\/div><\/li><li id=\"field_1_5\" class=\"gfield gfield--type-text large-6 columns gfield_contains_required field_sublabel_below gfield--no-description field_description_below field_validation_below gfield_visibility_visible\"  ><label class='gfield_label gform-field-label' for='input_1_5'>T\u00e9l\u00e9phone<span class=\"gfield_required\"><span class=\"gfield_required gfield_required_asterisk\">*<\/span><\/span><\/label><div class='ginput_container ginput_container_text'><input name='input_5' id='input_1_5' type='text' value='' class='large'    placeholder='Format: 123 456 7890' aria-required=\"true\" aria-invalid=\"false\"   \/><\/div><\/li><li id=\"field_1_6\" class=\"gfield gfield--type-select large-12 columns gfield_contains_required field_sublabel_below gfield--no-description field_description_below field_validation_below gfield_visibility_visible\"  ><label class='gfield_label gform-field-label' for='input_1_6'>Indiquez votre pr\u00e9f\u00e9rence d\u2019emplacement<span class=\"gfield_required\"><span class=\"gfield_required gfield_required_asterisk\">*<\/span><\/span><\/label><div class='ginput_container ginput_container_select'><select name='input_6' id='input_1_6' class='large gfield_select'    aria-required=\"true\" aria-invalid=\"false\" ><option value='' selected='selected' class='gf_placeholder'>Choisissez une des options ci-dessous<\/option><optgroup label='\u2013\u2013\u2013'><\/optgroup><optgroup label='Nova Scotia'><option value='Parkland at the Lakes (Dartmouth)' >Parkland at the Lakes (Dartmouth)<\/option><option value='Parkland Truro (Truro)' >Parkland Truro (Truro)<\/option><option value='Parkland Clayton Park (Halifax)' >Parkland Clayton Park (Halifax)<\/option><option value='Parkland at the Gardens (downtown Halifax)' >Parkland at the Gardens (downtown Halifax)<\/option><option value='Parkland at the Common (Quinpool Rd)' >Parkland at the Common (Quinpool Rd)<\/option><option value='Parkland West Bedford (West Bedford)' >Parkland West Bedford (West Bedford)<\/option><option value='Caritas Residence (Halifax)' >Caritas Residence (Halifax)<\/option><option value='Parkland Cape Breton (Sydney)' >Parkland Cape Breton (Sydney)<\/option><option value='Parkland Antigonish (Antigonish)' >Parkland Antigonish (Antigonish)<\/option><option value='Parkland Bedford Square (Bedford Square)' >Parkland Bedford Square (Bedford)<\/option><\/optgroup><optgroup label='New Brunswick'><option value='Parkland Fredericton (Fredericton)' >Parkland Fredericton (Fredericton)<\/option><option value='Parkland on the River (Miramichi)' >Parkland on the River (Miramichi)<\/option><option value='Parkland Riverview (Riverview)' >Parkland Riverview (Riverview)<\/option><option value='Parkland Saint John (Saint John)' >Parkland Saint John (Saint John)<\/option><option value='Faubourg du Mascaret (Moncton)' >Faubourg du Mascaret (Moncton)<\/option><option value='Parkland in the Valley (Quispamsis)' >Parkland in the Valley (Quispamsis)<\/option><option value='Parkland Station Yards (Moncton)' >Parkland Station Yards (Moncton)<\/option><\/optgroup><optgroup label='Ontario'><option value='Parkland on Eglinton West (Etobicoke)' >Parkland on Eglinton West (Etobicoke)<\/option><option value='Parkland on the Glen (Mississauga)' >Parkland on the Glen (Mississauga)<\/option><option value='Parkland Ajax (Durham)' >Parkland Ajax (Durham)<\/option><option value='Parkland Ancaster (Ancaster)' >Parkland Ancaster (Ancaster)<\/option><\/optgroup><optgroup label='\u2013\u2013\u2013'><option value='Unsure' >Unsure<\/option><\/optgroup><\/select><\/div><\/li><li id=\"field_1_7\" class=\"gfield gfield--type-textarea large-12 columns field_sublabel_below gfield--no-description field_description_below field_validation_below gfield_visibility_visible\"  ><label class='gfield_label gform-field-label' for='input_1_7'>Votre message<\/label><div class='ginput_container ginput_container_textarea'><textarea name='input_7' id='input_1_7' class='textarea large'      aria-invalid=\"false\"   rows='10' cols='50'><\/textarea><\/div><\/li><li id=\"field_1_10\" class=\"gfield gfield--type-consent gfield--type-choice gfield--input-type-consent large-12 columns optin-container field_sublabel_below gfield--no-description field_description_below field_validation_below gfield_visibility_visible\"  ><label class='gfield_label gform-field-label screen-reader-text gfield_label_before_complex' ><\/label><div class='ginput_container ginput_container_consent'><input name='input_10.1' id='input_1_10_1' type='checkbox' value='1'    aria-invalid=\"false\"   \/> <label class=\"gform-field-label gform-field-label--type-inline gfield_consent_label\" for='input_1_10_1' >J\u2019aimerais recevoir de Parkland des mises \u00e0 jour par courriel concernant les \u00e9v\u00e9nements locaux, les conseils utiles et les offres promotionnelles. <a href=\"https:\/\/experienceparkland.com\/fr\/privacy-policy\/\">Cliquez ici<\/a> pour lire notre politique de confidentialit\u00e9.<\/label><input type='hidden' name='input_10.2' value='J\u2019aimerais recevoir de Parkland des mises \u00e0 jour par courriel concernant les \u00e9v\u00e9nements locaux, les conseils utiles et les offres promotionnelles. &lt;a href=&quot;https:\/\/experienceparkland.com\/fr\/privacy-policy\/&quot;&gt;Cliquez ici&lt;\/a&gt; pour lire notre politique de confidentialit\u00e9.' class='gform_hidden' \/><input type='hidden' name='input_10.3' value='4' class='gform_hidden' \/><\/div><\/li><li id=\"field_1_8\" class=\"gfield gfield--type-html large-12 columns gfield_html gfield_html_formatted gfield_no_follows_desc field_sublabel_below gfield--no-description field_description_below field_validation_below gfield_visibility_visible\"  ><p>&nbsp;<\/p>\r\n<p>Vous ou votre proche habitez d\u00e9j\u00e0 chez Parkland? Communiquez avec notre <a rel=\"noreferrer noopener\" aria-label=\"Family and Resident Liason. (opens in a new tab)\" href=\"https:\/\/experienceparkland.com\/fr\/about-us\/resident-and-family-liaison\/\" target=\"_blank\">agente de liaison pour les personnes r\u00e9sidentes et leurs familles.<\/a><\/p>\r\n<\/li><li id=\"field_1_9\" class=\"gfield gfield--type-captcha large-12 columns field_sublabel_below gfield--no-description field_description_below hidden_label field_validation_below gfield_visibility_visible\"  ><label class='gfield_label gform-field-label screen-reader-text' for='input_1_9'><\/label><div id='input_1_9' class='ginput_container ginput_recaptcha' data-sitekey='6Lege4orAAAAAONLP8m1-z2xspKGhtBdXJk43nWi'  data-theme='light' data-tabindex='-1' data-size='invisible' data-badge='bottomright'><\/div><\/li><\/ul><\/div>\n        <div class='gform-footer gform_footer top_label'> <input type=\"submit\" id=\"gform_submit_button_1\" class=\"block-button blue-navy\" onclick=\"gform.submission.handleButtonClick(this);\" data-submission-type=\"submit\" value=\"Soumettre\"> \n            <input type='hidden' class='gform_hidden' name='gform_submission_method' data-js='gform_submission_method_1' value='postback' \/>\n            <input type='hidden' class='gform_hidden' name='gform_theme' data-js='gform_theme_1' id='gform_theme_1' value='legacy' \/>\n            <input type='hidden' class='gform_hidden' name='gform_style_settings' data-js='gform_style_settings_1' id='gform_style_settings_1' value='[]' \/>\n            <input type='hidden' class='gform_hidden' name='is_submit_1' value='1' \/>\n            <input type='hidden' class='gform_hidden' name='gform_submit' value='1' \/>\n            \n            <input type='hidden' class='gform_hidden' name='gform_currency' data-currency='CAD' value='m4t7Oa8JpSdtLzV7T00yADZZ0i61Kltqr2VXtRGaDME7h+MMVwu1QpBsZIDr9spe4aUFjMZAv6fD3w+2pU5UIqRmQ6wZX+LJERkogYuK9LE38xI=' \/>\n            <input type='hidden' class='gform_hidden' name='gform_unique_id' value='' \/>\n            <input type='hidden' class='gform_hidden' name='state_1' value='WyJ7XCIxMC4xXCI6XCJmYzI0NDg4MDcyNmQ3Nzg4ZWNmMmFiZTQwODY5ODQwM1wiLFwiMTAuMlwiOlwiZTE0NWNjOWUyY2ZjYzM4YTFiNzU4MzJkZjU3MjJiNGRcIixcIjEwLjNcIjpcImRmMmI0ZDMxNjI5Y2Q4ZmQ4ZTdlYTZjNjEyZGU1MzE4XCJ9IiwiNzVlZTExMTViNDQwNzVlOTE2ODkyMmFhNGUyZjhjYTMiXQ==' \/>\n            <input type='hidden' autocomplete='off' class='gform_hidden' name='gform_target_page_number_1' id='gform_target_page_number_1' value='0' \/>\n            <input type='hidden' autocomplete='off' class='gform_hidden' name='gform_source_page_number_1' id='gform_source_page_number_1' value='1' \/>\n            <input type='hidden' name='gform_field_values' value='' \/>\n            \n        <\/div>\n                        <\/form>\n                        <\/div><script type=\"text\/javascript\">\n\/* <![CDATA[ *\/\n gform.initializeOnLoaded( function() {gformInitSpinner( 1, 'https:\/\/experienceparkland.com\/wp-content\/themes\/parkland\/img\/ajax-spinner.svg', true );jQuery('#gform_ajax_frame_1').on('load',function(){var contents = jQuery(this).contents().find('*').html();var is_postback = contents.indexOf('GF_AJAX_POSTBACK') >= 0;if(!is_postback){return;}var form_content = jQuery(this).contents().find('#gform_wrapper_1');var is_confirmation = jQuery(this).contents().find('#gform_confirmation_wrapper_1').length > 0;var is_redirect = contents.indexOf('gformRedirect(){') >= 0;var is_form = form_content.length > 0 && ! is_redirect && ! is_confirmation;var mt = parseInt(jQuery('html').css('margin-top'), 10) + parseInt(jQuery('body').css('margin-top'), 10) + 100;if(is_form){jQuery('#gform_wrapper_1').html(form_content.html());if(form_content.hasClass('gform_validation_error')){jQuery('#gform_wrapper_1').addClass('gform_validation_error');} else {jQuery('#gform_wrapper_1').removeClass('gform_validation_error');}setTimeout( function() { \/* delay the scroll by 50 milliseconds to fix a bug in chrome *\/  }, 50 );if(window['gformInitDatepicker']) {gformInitDatepicker();}if(window['gformInitPriceFields']) {gformInitPriceFields();}var current_page = jQuery('#gform_source_page_number_1').val();gformInitSpinner( 1, 'https:\/\/experienceparkland.com\/wp-content\/themes\/parkland\/img\/ajax-spinner.svg', true );jQuery(document).trigger('gform_page_loaded', [1, current_page]);window['gf_submitting_1'] = false;}else if(!is_redirect){var confirmation_content = jQuery(this).contents().find('.GF_AJAX_POSTBACK').html();if(!confirmation_content){confirmation_content = contents;}jQuery('#gform_wrapper_1').replaceWith(confirmation_content);jQuery(document).trigger('gform_confirmation_loaded', [1]);window['gf_submitting_1'] = false;wp.a11y.speak(jQuery('#gform_confirmation_message_1').text());}else{jQuery('#gform_1').append(contents);if(window['gformRedirect']) {gformRedirect();}}jQuery(document).trigger(\"gform_pre_post_render\", [{ formId: \"1\", currentPage: \"current_page\", abort: function() { this.preventDefault(); } }]);        if (event && event.defaultPrevented) {                return;        }        const gformWrapperDiv = document.getElementById( \"gform_wrapper_1\" );        if ( gformWrapperDiv ) {            const visibilitySpan = document.createElement( \"span\" );            visibilitySpan.id = \"gform_visibility_test_1\";            gformWrapperDiv.insertAdjacentElement( \"afterend\", visibilitySpan );        }        const visibilityTestDiv = document.getElementById( \"gform_visibility_test_1\" );        let postRenderFired = false;        function triggerPostRender() {            if ( postRenderFired ) {                return;            }            postRenderFired = true;            gform.core.triggerPostRenderEvents( 1, current_page );            if ( visibilityTestDiv ) {                visibilityTestDiv.parentNode.removeChild( visibilityTestDiv );            }        }        function debounce( func, wait, immediate ) {            var timeout;            return function() {                var context = this, args = arguments;                var later = function() {                    timeout = null;                    if ( !immediate ) func.apply( context, args );                };                var callNow = immediate && !timeout;                clearTimeout( timeout );                timeout = setTimeout( later, wait );                if ( callNow ) func.apply( context, args );            };        }        const debouncedTriggerPostRender = debounce( function() {            triggerPostRender();        }, 200 );        if ( visibilityTestDiv && visibilityTestDiv.offsetParent === null ) {            const observer = new MutationObserver( ( mutations ) => {                mutations.forEach( ( mutation ) => {                    if ( mutation.type === 'attributes' && visibilityTestDiv.offsetParent !== null ) {                        debouncedTriggerPostRender();                        observer.disconnect();                    }                });            });            observer.observe( document.body, {                attributes: true,                childList: false,                subtree: true,                attributeFilter: [ 'style', 'class' ],            });        } else {            triggerPostRender();        }    } );} ); \n\/* ]]> *\/\n<\/script>\n\n","protected":false},"excerpt":{"rendered":"<p>Vous \u00eates d\u00e9j\u00e0 une personne r\u00e9sidente ou un proche d&rsquo;une personne r\u00e9sidente ? Communiquez avec notre agente de liaison avec les personnes r\u00e9sidentes et leurs familles.<\/p>\n","protected":false},"author":51,"featured_media":0,"parent":0,"menu_order":0,"comment_status":"closed","ping_status":"closed","template":"page-contact.php","meta":{"_acf_changed":false,"footnotes":""},"class_list":["post-634","page","type-page","status-publish","hentry"],"acf":[],"featured_image_src":null,"yoast_head":"<!-- This site is optimized with the Yoast SEO plugin v27.4 - https:\/\/yoast.com\/product\/yoast-seo-wordpress\/ -->\n<title>Contact Us - Parkland Retirement Living<\/title>\n<meta name=\"description\" content=\"Want to learn more about life at Parkland? Contact us today for more information about the services and lifestyle offered.\" \/>\n<meta name=\"robots\" content=\"index, follow, max-snippet:-1, max-image-preview:large, max-video-preview:-1\" \/>\n<link rel=\"canonical\" href=\"https:\/\/experienceparkland.com\/fr\/contact\/\" \/>\n<meta property=\"og:locale\" content=\"fr_FR\" \/>\n<meta property=\"og:type\" content=\"article\" \/>\n<meta property=\"og:title\" content=\"Contact Us - Parkland Retirement Living\" \/>\n<meta property=\"og:description\" content=\"Want to learn more about life at Parkland? Contact us today for more information about the services and lifestyle offered.\" \/>\n<meta property=\"og:url\" content=\"https:\/\/experienceparkland.com\/fr\/contact\/\" \/>\n<meta property=\"og:site_name\" content=\"Parkland Retirement Living\" \/>\n<meta property=\"article:modified_time\" content=\"2023-06-19T18:25:12+00:00\" \/>\n<meta name=\"twitter:card\" content=\"summary_large_image\" \/>\n<meta name=\"twitter:label1\" content=\"Est. reading time\" \/>\n\t<meta name=\"twitter:data1\" content=\"1 minute\" \/>\n<script type=\"application\/ld+json\" class=\"yoast-schema-graph\">{\"@context\":\"https:\\\/\\\/schema.org\",\"@graph\":[{\"@type\":\"WebPage\",\"@id\":\"https:\\\/\\\/experienceparkland.com\\\/fr\\\/contact\\\/\",\"url\":\"https:\\\/\\\/experienceparkland.com\\\/fr\\\/contact\\\/\",\"name\":\"Contact Us - Parkland Retirement Living\",\"isPartOf\":{\"@id\":\"https:\\\/\\\/experienceparkland.com\\\/fr\\\/#website\"},\"datePublished\":\"2019-04-03T14:38:44+00:00\",\"dateModified\":\"2023-06-19T18:25:12+00:00\",\"description\":\"Want to learn more about life at Parkland? Contact us today for more information about the services and lifestyle offered.\",\"breadcrumb\":{\"@id\":\"https:\\\/\\\/experienceparkland.com\\\/fr\\\/contact\\\/#breadcrumb\"},\"inLanguage\":\"fr-FR\",\"potentialAction\":[{\"@type\":\"ReadAction\",\"target\":[\"https:\\\/\\\/experienceparkland.com\\\/fr\\\/contact\\\/\"]}]},{\"@type\":\"BreadcrumbList\",\"@id\":\"https:\\\/\\\/experienceparkland.com\\\/fr\\\/contact\\\/#breadcrumb\",\"itemListElement\":[{\"@type\":\"ListItem\",\"position\":1,\"name\":\"Home\",\"item\":\"https:\\\/\\\/experienceparkland.com\\\/fr\\\/\"},{\"@type\":\"ListItem\",\"position\":2,\"name\":\"Contact\"}]},{\"@type\":\"WebSite\",\"@id\":\"https:\\\/\\\/experienceparkland.com\\\/fr\\\/#website\",\"url\":\"https:\\\/\\\/experienceparkland.com\\\/fr\\\/\",\"name\":\"Parkland Retirement Living\",\"description\":\"\",\"potentialAction\":[{\"@type\":\"SearchAction\",\"target\":{\"@type\":\"EntryPoint\",\"urlTemplate\":\"https:\\\/\\\/experienceparkland.com\\\/fr\\\/?s={search_term_string}\"},\"query-input\":{\"@type\":\"PropertyValueSpecification\",\"valueRequired\":true,\"valueName\":\"search_term_string\"}}],\"inLanguage\":\"fr-FR\"}]}<\/script>\n<!-- \/ Yoast SEO plugin. -->","yoast_head_json":{"title":"Contact Us - Parkland Retirement Living","description":"Want to learn more about life at Parkland? Contact us today for more information about the services and lifestyle offered.","robots":{"index":"index","follow":"follow","max-snippet":"max-snippet:-1","max-image-preview":"max-image-preview:large","max-video-preview":"max-video-preview:-1"},"canonical":"https:\/\/experienceparkland.com\/fr\/contact\/","og_locale":"fr_FR","og_type":"article","og_title":"Contact Us - Parkland Retirement Living","og_description":"Want to learn more about life at Parkland? Contact us today for more information about the services and lifestyle offered.","og_url":"https:\/\/experienceparkland.com\/fr\/contact\/","og_site_name":"Parkland Retirement Living","article_modified_time":"2023-06-19T18:25:12+00:00","twitter_card":"summary_large_image","twitter_misc":{"Est. reading time":"1 minute"},"schema":{"@context":"https:\/\/schema.org","@graph":[{"@type":"WebPage","@id":"https:\/\/experienceparkland.com\/fr\/contact\/","url":"https:\/\/experienceparkland.com\/fr\/contact\/","name":"Contact Us - Parkland Retirement Living","isPartOf":{"@id":"https:\/\/experienceparkland.com\/fr\/#website"},"datePublished":"2019-04-03T14:38:44+00:00","dateModified":"2023-06-19T18:25:12+00:00","description":"Want to learn more about life at Parkland? Contact us today for more information about the services and lifestyle offered.","breadcrumb":{"@id":"https:\/\/experienceparkland.com\/fr\/contact\/#breadcrumb"},"inLanguage":"fr-FR","potentialAction":[{"@type":"ReadAction","target":["https:\/\/experienceparkland.com\/fr\/contact\/"]}]},{"@type":"BreadcrumbList","@id":"https:\/\/experienceparkland.com\/fr\/contact\/#breadcrumb","itemListElement":[{"@type":"ListItem","position":1,"name":"Home","item":"https:\/\/experienceparkland.com\/fr\/"},{"@type":"ListItem","position":2,"name":"Contact"}]},{"@type":"WebSite","@id":"https:\/\/experienceparkland.com\/fr\/#website","url":"https:\/\/experienceparkland.com\/fr\/","name":"Parkland Retirement Living","description":"","potentialAction":[{"@type":"SearchAction","target":{"@type":"EntryPoint","urlTemplate":"https:\/\/experienceparkland.com\/fr\/?s={search_term_string}"},"query-input":{"@type":"PropertyValueSpecification","valueRequired":true,"valueName":"search_term_string"}}],"inLanguage":"fr-FR"}]}},"_links":{"self":[{"href":"https:\/\/experienceparkland.com\/fr\/wp-json\/wp\/v2\/pages\/634","targetHints":{"allow":["GET"]}}],"collection":[{"href":"https:\/\/experienceparkland.com\/fr\/wp-json\/wp\/v2\/pages"}],"about":[{"href":"https:\/\/experienceparkland.com\/fr\/wp-json\/wp\/v2\/types\/page"}],"author":[{"embeddable":true,"href":"https:\/\/experienceparkland.com\/fr\/wp-json\/wp\/v2\/users\/51"}],"replies":[{"embeddable":true,"href":"https:\/\/experienceparkland.com\/fr\/wp-json\/wp\/v2\/comments?post=634"}],"version-history":[{"count":0,"href":"https:\/\/experienceparkland.com\/fr\/wp-json\/wp\/v2\/pages\/634\/revisions"}],"wp:attachment":[{"href":"https:\/\/experienceparkland.com\/fr\/wp-json\/wp\/v2\/media?parent=634"}],"curies":[{"name":"wp","href":"https:\/\/api.w.org\/{rel}","templated":true}]}}