{"id":581,"date":"2019-04-02T10:39:34","date_gmt":"2019-04-02T14:39:34","guid":{"rendered":"https:\/\/experienceparkland.com\/homefrench\/"},"modified":"2021-12-08T15:47:57","modified_gmt":"2021-12-08T20:47:57","slug":"home","status":"publish","type":"page","link":"https:\/\/experienceparkland.com\/fr\/","title":{"rendered":"Home"},"content":{"rendered":"\n<p> <\/p>\n","protected":false},"excerpt":{"rendered":"","protected":false},"author":51,"featured_media":0,"parent":0,"menu_order":0,"comment_status":"closed","ping_status":"closed","template":"page-home.php","meta":{"_acf_changed":false,"footnotes":""},"class_list":["post-581","page","type-page","status-publish","hentry"],"acf":[],"featured_image_src":null,"yoast_head":"<!-- This site is optimized with the Yoast SEO plugin v27.4 - https:\/\/yoast.com\/product\/yoast-seo-wordpress\/ -->\n<title>Home - Parkland Retirement Living<\/title>\n<meta name=\"description\" content=\"Parkland propose des appartements de vie de retraite et des services de soutien de premi\u00e8re qualit\u00e9 aux personnes a\u00een\u00e9es en Nouvelle-\u00c9cosse, au Nouveau-Brunswick et en Ontario.\" \/>\n<meta name=\"robots\" content=\"index, follow, max-snippet:-1, max-image-preview:large, max-video-preview:-1\" \/>\n<link rel=\"canonical\" href=\"https:\/\/experienceparkland.com\/fr\/\" \/>\n<meta property=\"og:locale\" content=\"fr_FR\" \/>\n<meta property=\"og:type\" content=\"article\" \/>\n<meta property=\"og:title\" content=\"Home - Parkland Retirement Living\" \/>\n<meta property=\"og:description\" content=\"Parkland propose des appartements de vie de retraite et des services de soutien de premi\u00e8re qualit\u00e9 aux personnes a\u00een\u00e9es en Nouvelle-\u00c9cosse, au Nouveau-Brunswick et en Ontario.\" \/>\n<meta property=\"og:url\" content=\"https:\/\/experienceparkland.com\/fr\/\" \/>\n<meta property=\"og:site_name\" content=\"Parkland Retirement Living\" \/>\n<meta property=\"article:modified_time\" content=\"2021-12-08T20:47:57+00:00\" \/>\n<meta name=\"twitter:card\" content=\"summary_large_image\" \/>\n<script type=\"application\/ld+json\" class=\"yoast-schema-graph\">{\"@context\":\"https:\\\/\\\/schema.org\",\"@graph\":[{\"@type\":\"WebPage\",\"@id\":\"https:\\\/\\\/experienceparkland.com\\\/fr\\\/\",\"url\":\"https:\\\/\\\/experienceparkland.com\\\/fr\\\/\",\"name\":\"Home - Parkland Retirement Living\",\"isPartOf\":{\"@id\":\"https:\\\/\\\/experienceparkland.com\\\/fr\\\/#website\"},\"datePublished\":\"2019-04-02T14:39:34+00:00\",\"dateModified\":\"2021-12-08T20:47:57+00:00\",\"description\":\"Parkland propose des appartements de vie de retraite et des services de soutien de premi\u00e8re qualit\u00e9 aux personnes a\u00een\u00e9es en Nouvelle-\u00c9cosse, au Nouveau-Brunswick et en Ontario.\",\"breadcrumb\":{\"@id\":\"https:\\\/\\\/experienceparkland.com\\\/fr\\\/#breadcrumb\"},\"inLanguage\":\"fr-FR\",\"potentialAction\":[{\"@type\":\"ReadAction\",\"target\":[\"https:\\\/\\\/experienceparkland.com\\\/fr\\\/\"]}]},{\"@type\":\"BreadcrumbList\",\"@id\":\"https:\\\/\\\/experienceparkland.com\\\/fr\\\/#breadcrumb\",\"itemListElement\":[{\"@type\":\"ListItem\",\"position\":1,\"name\":\"Home\",\"item\":\"https:\\\/\\\/experienceparkland.com\\\/fr\\\/\"},{\"@type\":\"ListItem\",\"position\":2,\"name\":\"Home\"}]},{\"@type\":\"WebSite\",\"@id\":\"https:\\\/\\\/experienceparkland.com\\\/fr\\\/#website\",\"url\":\"https:\\\/\\\/experienceparkland.com\\\/fr\\\/\",\"name\":\"Parkland Retirement Living\",\"description\":\"\",\"potentialAction\":[{\"@type\":\"SearchAction\",\"target\":{\"@type\":\"EntryPoint\",\"urlTemplate\":\"https:\\\/\\\/experienceparkland.com\\\/fr\\\/?s={search_term_string}\"},\"query-input\":{\"@type\":\"PropertyValueSpecification\",\"valueRequired\":true,\"valueName\":\"search_term_string\"}}],\"inLanguage\":\"fr-FR\"}]}<\/script>\n<!-- \/ Yoast SEO plugin. -->","yoast_head_json":{"title":"Home - Parkland Retirement Living","description":"Parkland propose des appartements de vie de retraite et des services de soutien de premi\u00e8re qualit\u00e9 aux personnes a\u00een\u00e9es en Nouvelle-\u00c9cosse, au Nouveau-Brunswick et en Ontario.","robots":{"index":"index","follow":"follow","max-snippet":"max-snippet:-1","max-image-preview":"max-image-preview:large","max-video-preview":"max-video-preview:-1"},"canonical":"https:\/\/experienceparkland.com\/fr\/","og_locale":"fr_FR","og_type":"article","og_title":"Home - Parkland Retirement Living","og_description":"Parkland propose des appartements de vie de retraite et des services de soutien de premi\u00e8re qualit\u00e9 aux personnes a\u00een\u00e9es en Nouvelle-\u00c9cosse, au Nouveau-Brunswick et en Ontario.","og_url":"https:\/\/experienceparkland.com\/fr\/","og_site_name":"Parkland Retirement Living","article_modified_time":"2021-12-08T20:47:57+00:00","twitter_card":"summary_large_image","schema":{"@context":"https:\/\/schema.org","@graph":[{"@type":"WebPage","@id":"https:\/\/experienceparkland.com\/fr\/","url":"https:\/\/experienceparkland.com\/fr\/","name":"Home - Parkland Retirement Living","isPartOf":{"@id":"https:\/\/experienceparkland.com\/fr\/#website"},"datePublished":"2019-04-02T14:39:34+00:00","dateModified":"2021-12-08T20:47:57+00:00","description":"Parkland propose des appartements de vie de retraite et des services de soutien de premi\u00e8re qualit\u00e9 aux personnes a\u00een\u00e9es en Nouvelle-\u00c9cosse, au Nouveau-Brunswick et en Ontario.","breadcrumb":{"@id":"https:\/\/experienceparkland.com\/fr\/#breadcrumb"},"inLanguage":"fr-FR","potentialAction":[{"@type":"ReadAction","target":["https:\/\/experienceparkland.com\/fr\/"]}]},{"@type":"BreadcrumbList","@id":"https:\/\/experienceparkland.com\/fr\/#breadcrumb","itemListElement":[{"@type":"ListItem","position":1,"name":"Home","item":"https:\/\/experienceparkland.com\/fr\/"},{"@type":"ListItem","position":2,"name":"Home"}]},{"@type":"WebSite","@id":"https:\/\/experienceparkland.com\/fr\/#website","url":"https:\/\/experienceparkland.com\/fr\/","name":"Parkland Retirement Living","description":"","potentialAction":[{"@type":"SearchAction","target":{"@type":"EntryPoint","urlTemplate":"https:\/\/experienceparkland.com\/fr\/?s={search_term_string}"},"query-input":{"@type":"PropertyValueSpecification","valueRequired":true,"valueName":"search_term_string"}}],"inLanguage":"fr-FR"}]}},"_links":{"self":[{"href":"https:\/\/experienceparkland.com\/fr\/wp-json\/wp\/v2\/pages\/581","targetHints":{"allow":["GET"]}}],"collection":[{"href":"https:\/\/experienceparkland.com\/fr\/wp-json\/wp\/v2\/pages"}],"about":[{"href":"https:\/\/experienceparkland.com\/fr\/wp-json\/wp\/v2\/types\/page"}],"author":[{"embeddable":true,"href":"https:\/\/experienceparkland.com\/fr\/wp-json\/wp\/v2\/users\/51"}],"replies":[{"embeddable":true,"href":"https:\/\/experienceparkland.com\/fr\/wp-json\/wp\/v2\/comments?post=581"}],"version-history":[{"count":0,"href":"https:\/\/experienceparkland.com\/fr\/wp-json\/wp\/v2\/pages\/581\/revisions"}],"wp:attachment":[{"href":"https:\/\/experienceparkland.com\/fr\/wp-json\/wp\/v2\/media?parent=581"}],"curies":[{"name":"wp","href":"https:\/\/api.w.org\/{rel}","templated":true}]}}