{"id":4428,"date":"2020-03-25T08:43:58","date_gmt":"2020-03-25T12:43:58","guid":{"rendered":"https:\/\/experienceparkland.com\/fan-votre-proche-reside-dans-une-communaute-de-vie-de-retraite-parkland-ou-faubourg\/"},"modified":"2025-07-02T10:58:05","modified_gmt":"2025-07-02T13:58:05","slug":"fan-votre-proche-reside-dans-une-communaute-de-vie-de-retraite-parkland-ou-faubourg","status":"publish","type":"page","link":"https:\/\/experienceparkland.com\/fr\/fan-votre-proche-reside-dans-une-communaute-de-vie-de-retraite-parkland-ou-faubourg\/","title":{"rendered":"FAQ \u2013 Votre proche r\u00e9side dans une communaut\u00e9 de vie de retraite Parkland ou Faubourg"},"content":{"rendered":"\n<p>Chez Parkland et Faubourg, notre plus haute priorit\u00e9 est de cr\u00e9er une tranquillit\u00e9 d\u2019esprit pour les personnes r\u00e9sidentes et leurs familles ainsi qu\u2019un lieu de travail s\u00e9curitaire pour le personnel. En conformit\u00e9 avec les recommandations des autorit\u00e9s f\u00e9d\u00e9rales et provinciales en mati\u00e8re de la COVID-19, nous n\u2019acceptons plus de visites dans nos communaut\u00e9s, avec de rares exceptions. Cette directive est fond\u00e9e sur les informations re\u00e7ues de l\u2019Organisation mondiale de la sant\u00e9, de l\u2019Agence de la sant\u00e9 publique du Canada et des organismes provinciaux de la sant\u00e9 publique.<\/p>\n\n\n\n<p>Dans cette p\u00e9riode d\u2019incertitude, nous voulons rassurer les familles que les services, le soutien et les soins que nous offrons \u00e0 vos proches sont fournis dans un environnement s\u00e9curitaire. Nous nous vouons \u00e0 vous informer et \u00e0 vous pr\u00e9parer tout au cours de cette situation en constante \u00e9volution. Afin de fournir les derni\u00e8res informations aux personnes r\u00e9sidentes, au personnel et aux b\u00e9n\u00e9voles, nous avons dress\u00e9 la foire aux questions suivante.<\/p>\n\n\n\n<p><a href=\"https:\/\/www.shannex.com\/fr\/faqs-for-residents-and-families\/\"><span class=\"eop\"><b><span lang=\"FR-CA\">Renseignements g\u00e9n\u00e9raux sur la COVID-19<\/span><\/b><\/span><\/a><\/p>\n\n\n\n<p><strong>Q : Est-ce s\u00e9curitaire de vivre dans une communaut\u00e9 de soins de longue dur\u00e9e Shannex ou de vie de retraite Parkland ou Faubourg? <\/strong><\/p>\n\n\n\n<p>Oui. Le plan de pand\u00e9mie de Shannex s\u2019applique \u00e0 toutes les provinces dans lesquelles nous op\u00e9rons et \u00e0 toutes les options de mode de vie, et ce, en conformit\u00e9 avec les lois sur la sant\u00e9 et la s\u00e9curit\u00e9. Notre plan oriente nos communications et les actions de notre personnel et des personnes r\u00e9sidentes afin d\u2019assurer la s\u00e9curit\u00e9 de nos communaut\u00e9s. Pour toute question, veuillez communiquer avec la direction de votre \u00e9tablissement.<\/p>\n\n\n\n<p><strong>Q&nbsp;: Est-ce que ma famille et mes proches peuvent venir me rendre visite? <\/strong><\/p>\n\n\n\n<p>En conformit\u00e9 avec les directives de sant\u00e9 publique, nous avons mis en place des processus permettant l\u2019accueil s\u00e9curitaire de visites dans toutes nos communaut\u00e9s Shannex, Parkland et Faubourg au Nouveau-Brunswick et en Nouvelle-\u00c9cosse. Pour le moment, nos communaut\u00e9s en Ontario demeurent ferm\u00e9es aux visites. Pour plus de d\u00e9tails sur comment organiser une visite avec votre proche, veuillez communiquer avec l\u2019\u00e9quipe de direction dans votre communaut\u00e9.<\/p>\n\n\n\n<p><strong>Q : Je vis dans une communaut\u00e9 de vie de retraite et je reviens de voyage. Puis-je rentrer chez moi? <\/strong><\/p>\n\n\n\n<p>Oui. Cela \u00e9tant dit, \u00e0 partir du 13 mars 2020, toute personne arrivant au Canada de destinations internationales doit s\u2019auto-isoler et s\u2019auto-surveiller pour les sympt\u00f4mes de la COVID-19 pendant 14 jours suivant son retour au Canada.<\/p>\n\n\n\n<p>Aussi, toute personne r\u00e9sidente dans nos communaut\u00e9s n\u00e9o-\u00e9cossaises et n\u00e9o-brunswickoises arrivant d\u2019une autre province doivent aussi s\u2019auto-isoler et s\u2019auto-surveiller pour les sympt\u00f4mes de la COVID-19 pendant 14 jours suivant leur retour au Canada.<\/p>\n\n\n\n<p>Veuillez aviser la direction de votre \u00e9tablissement de votre retour au Canada et si vous d\u00e9sirez que notre \u00e9quipe de soins de sant\u00e9 vous aide \u00e0 vous surveiller pour les sympt\u00f4mes. Si vous commencez \u00e0 manifester des sympt\u00f4mes, vous devez en aviser l\u2019\u00e9quipe de soins de sant\u00e9 Shannex\/Parkland\/Faubourg et communiquer avec la sant\u00e9 publique ou le 811 pour recevoir des directives suppl\u00e9mentaires.<\/p>\n\n\n\n<p><p class=\"paragraph\"><span class=\"normaltextrun\"><b><span lang=\"FR-CA\">Q :\u00a0Les personnes r\u00e9sidentes peuvent-elles quitter les lieux de Parkland ou Faubourg?<\/span><\/b><\/span><span class=\"eop\"><span lang=\"FR-CA\">\u00a0<\/span><\/span><\/p><\/p>\n\n\n\n<p>Il est fortement recommand\u00e9 que les personnes r\u00e9sidentes autonomes quittent seulement les lieux quand c\u2019est absolument essentiel. Si une personne r\u00e9sidente quitte les lieux, elle devra suivre la proc\u00e9dure de d\u00e9pistage d\u00e8s son retour. Plusieurs denr\u00e9es essentielles, dont le lait, les \u0153ufs et le pain, sont disponibles sur demande dans les cuisines de production de Parkland et Faubourg.<\/p>\n\n\n\n<p><p class=\"paragraph\"><span class=\"normaltextrun\"><b><span lang=\"FR-CA\">Q :\u00a0Les personnes r\u00e9sidentes peuvent-elles quitter les lieux de Parkland ou Faubourg?<\/span><\/b><\/span><span class=\"eop\"><span lang=\"FR-CA\">\u00a0<\/span><\/span><\/p><\/p>\n\n\n\n<p>Il est fortement recommand\u00e9 que les personnes r\u00e9sidentes autonomes quittent seulement les lieux quand c\u2019est absolument essentiel. Si une personne r\u00e9sidente quitte les lieux, elle devra suivre la proc\u00e9dure de d\u00e9pistage d\u00e8s son retour. Plusieurs denr\u00e9es essentielles, dont le lait, les \u0153ufs et le pain, sont disponibles sur demande dans les cuisines de production de Parkland et Faubourg.<\/p>\n\n\n\n<p><strong>Q&nbsp;: Les services essentiels sont-ils toujours offerts \u00e0 mon proche? <\/strong><\/p>\n\n\n\n<p>Oui. Nous tenons \u00e0 vous assurer que tous les services essentiels pour les personnes r\u00e9sidentes, dont l\u2019administration des m\u00e9dicaments, se poursuivent pendant cette p\u00e9riode difficile. <\/p>\n\n\n\n<p><p class=\"paragraph\"><span class=\"normaltextrun\"><b><span lang=\"FR-CA\">Q : Les activit\u00e9s de loisirs sont-elles toujours offertes dans les communaut\u00e9s Parkland et Faubourg?<\/span><\/b><\/span><\/p><\/p>\n\n\n\n<p>Nous comprenons que maintenir l\u2019activit\u00e9 et le bien-\u00eatre physiques et mentaux est important; c\u2019est une des raisons pour lesquelles plusieurs viennent vivre chez nous. En raison de la pand\u00e9mie actuelle, les activit\u00e9s en grands groupes sont annul\u00e9es afin de favoriser l\u2019\u00e9loignement social. Cela \u00e9tant dit, les activit\u00e9s en petits groupes poursuivront. Nos \u00e9quipes des loisirs travaillent en \u00e9troite collaboration avec les personnes r\u00e9sidentes pour assurer l\u2019acc\u00e8s aux activit\u00e9s stimulantes, dont les suivantes : <\/p>\n\n\n\n<ul class=\"wp-block-list\"><li>Appels vid\u00e9o avec leurs familles<\/li><li>Cahiers d\u2019activit\u00e9s<\/li><li>Activit\u00e9s physiques dans les appartements<\/li><li>Affichage l\u2019horaire des films pour que les personnes r\u00e9sidentes puissent les \u00e9couter dans leur appartement<\/li><\/ul>\n\n\n\n<p><\/p>\n\n\n\n<p>Chez Parkland et Faubourg, il y a de nombreuses activit\u00e9s organis\u00e9es par les b\u00e9n\u00e9voles, et les b\u00e9n\u00e9voles offrent un soutien inestimable aux personnes r\u00e9sidentes. Cela \u00e9tant dit, en conformit\u00e9 avec les recommandations des autorit\u00e9s f\u00e9d\u00e9rales et provinciales, nous n\u2019acceptons plus de visites dans nos communaut\u00e9s, dont celles des b\u00e9n\u00e9voles. <\/p>\n\n\n\n<p><strong>Q : Puis-je livrer des colis pour mon proche? <\/strong><\/p>\n\n\n\n<p>Dans le cadre de notre r\u00e9ponse en \u00e9volution, nous traitons et surveillons de pr\u00e8s nos livraisons de mani\u00e8re \u00e0 assurer le respect des pratiques de contr\u00f4le des infections et la protection des personnes r\u00e9sidentes et du personnel. Pour plus de d\u00e9tails sur comment organiser une livraison dans votre \u00e9tablissement, veuillez communiquer avec l\u2019\u00e9quipe de gestion.<\/p>\n\n\n\n<p><p class=\"paragraph\"><span class=\"normaltextrun\"><b><span lang=\"FR-CA\">Q :\u00a0Parfois je fais la lessive de mon proche. Puis-je apporter sa lessive avec quelques autres articles essentiels?<\/span><\/b><\/span><\/p><\/p>\n\n\n\n<p>Pour le moment, il n\u2019est pas permis d\u2019apporter ou de sortir la lessive sale des \u00e9difices. Parkland et Faubourg travailleront avec les personnes r\u00e9sidentes et leurs familles pour assurer leur acc\u00e8s aux services comme la lessive.<\/p>\n","protected":false},"excerpt":{"rendered":"<p>Chez Parkland et Faubourg, notre plus haute priorit\u00e9 est de cr\u00e9er une tranquillit\u00e9 d\u2019esprit pour les personnes r\u00e9sidentes et leurs familles ainsi qu\u2019un lieu de travail s\u00e9curitaire pour le personnel. En conformit\u00e9 avec les recommandations des autorit\u00e9s f\u00e9d\u00e9rales et provinciales en mati\u00e8re de la COVID-19, nous n\u2019acceptons plus de visites dans nos communaut\u00e9s, avec de&#8230; <a class=\"read_more\" title=\"FAQ \u2013 Votre proche r\u00e9side dans une communaut\u00e9 de vie de retraite Parkland ou Faubourg\" href=\"https:\/\/experienceparkland.com\/fr\/fan-votre-proche-reside-dans-une-communaute-de-vie-de-retraite-parkland-ou-faubourg\/\">Read more<\/a><\/p>\n","protected":false},"author":19,"featured_media":0,"parent":0,"menu_order":0,"comment_status":"closed","ping_status":"closed","template":"page-about-us.php","meta":{"_acf_changed":false,"footnotes":""},"class_list":["post-4428","page","type-page","status-publish","hentry"],"acf":[],"featured_image_src":null,"yoast_head":"<!-- This site is optimized with the Yoast SEO plugin v27.3 - https:\/\/yoast.com\/product\/yoast-seo-wordpress\/ -->\n<title>FAQ: Votre proche vit chez Parkland ou Faubourg<\/title>\n<meta name=\"description\" content=\"Votre proche r\u00e9side dans une communaut\u00e9 de vie de retraite Parkland ou Faubourg.\" \/>\n<meta name=\"robots\" content=\"index, follow, max-snippet:-1, max-image-preview:large, max-video-preview:-1\" \/>\n<link rel=\"canonical\" href=\"https:\/\/experienceparkland.com\/fr\/fan-votre-proche-reside-dans-une-communaute-de-vie-de-retraite-parkland-ou-faubourg\/\" \/>\n<meta property=\"og:locale\" content=\"fr_FR\" \/>\n<meta property=\"og:type\" content=\"article\" \/>\n<meta property=\"og:title\" content=\"FAQ: Votre proche vit chez Parkland ou Faubourg\" \/>\n<meta property=\"og:description\" content=\"Votre proche r\u00e9side dans une communaut\u00e9 de vie de retraite Parkland ou Faubourg.\" \/>\n<meta property=\"og:url\" content=\"https:\/\/experienceparkland.com\/fr\/fan-votre-proche-reside-dans-une-communaute-de-vie-de-retraite-parkland-ou-faubourg\/\" \/>\n<meta property=\"og:site_name\" content=\"Parkland Retirement Living\" \/>\n<meta property=\"article:modified_time\" content=\"2025-07-02T13:58:05+00:00\" \/>\n<meta name=\"twitter:card\" content=\"summary_large_image\" \/>\n<meta name=\"twitter:label1\" content=\"Est. reading time\" \/>\n\t<meta name=\"twitter:data1\" content=\"5 minutes\" \/>\n<script type=\"application\/ld+json\" class=\"yoast-schema-graph\">{\"@context\":\"https:\\\/\\\/schema.org\",\"@graph\":[{\"@type\":\"WebPage\",\"@id\":\"https:\\\/\\\/experienceparkland.com\\\/fr\\\/fan-votre-proche-reside-dans-une-communaute-de-vie-de-retraite-parkland-ou-faubourg\\\/\",\"url\":\"https:\\\/\\\/experienceparkland.com\\\/fr\\\/fan-votre-proche-reside-dans-une-communaute-de-vie-de-retraite-parkland-ou-faubourg\\\/\",\"name\":\"FAQ: Votre proche vit chez Parkland ou Faubourg\",\"isPartOf\":{\"@id\":\"https:\\\/\\\/experienceparkland.com\\\/fr\\\/#website\"},\"datePublished\":\"2020-03-25T12:43:58+00:00\",\"dateModified\":\"2025-07-02T13:58:05+00:00\",\"description\":\"Votre proche r\u00e9side dans une communaut\u00e9 de vie de retraite Parkland ou Faubourg.\",\"breadcrumb\":{\"@id\":\"https:\\\/\\\/experienceparkland.com\\\/fr\\\/fan-votre-proche-reside-dans-une-communaute-de-vie-de-retraite-parkland-ou-faubourg\\\/#breadcrumb\"},\"inLanguage\":\"fr-FR\",\"potentialAction\":[{\"@type\":\"ReadAction\",\"target\":[\"https:\\\/\\\/experienceparkland.com\\\/fr\\\/fan-votre-proche-reside-dans-une-communaute-de-vie-de-retraite-parkland-ou-faubourg\\\/\"]}]},{\"@type\":\"BreadcrumbList\",\"@id\":\"https:\\\/\\\/experienceparkland.com\\\/fr\\\/fan-votre-proche-reside-dans-une-communaute-de-vie-de-retraite-parkland-ou-faubourg\\\/#breadcrumb\",\"itemListElement\":[{\"@type\":\"ListItem\",\"position\":1,\"name\":\"Home\",\"item\":\"https:\\\/\\\/experienceparkland.com\\\/fr\\\/\"},{\"@type\":\"ListItem\",\"position\":2,\"name\":\"FAQ \u2013 Votre proche r\u00e9side dans une communaut\u00e9 de vie de retraite Parkland ou Faubourg\"}]},{\"@type\":\"WebSite\",\"@id\":\"https:\\\/\\\/experienceparkland.com\\\/fr\\\/#website\",\"url\":\"https:\\\/\\\/experienceparkland.com\\\/fr\\\/\",\"name\":\"Parkland Retirement Living\",\"description\":\"\",\"potentialAction\":[{\"@type\":\"SearchAction\",\"target\":{\"@type\":\"EntryPoint\",\"urlTemplate\":\"https:\\\/\\\/experienceparkland.com\\\/fr\\\/?s={search_term_string}\"},\"query-input\":{\"@type\":\"PropertyValueSpecification\",\"valueRequired\":true,\"valueName\":\"search_term_string\"}}],\"inLanguage\":\"fr-FR\"}]}<\/script>\n<!-- \/ Yoast SEO plugin. -->","yoast_head_json":{"title":"FAQ: Votre proche vit chez Parkland ou Faubourg","description":"Votre proche r\u00e9side dans une communaut\u00e9 de vie de retraite Parkland ou Faubourg.","robots":{"index":"index","follow":"follow","max-snippet":"max-snippet:-1","max-image-preview":"max-image-preview:large","max-video-preview":"max-video-preview:-1"},"canonical":"https:\/\/experienceparkland.com\/fr\/fan-votre-proche-reside-dans-une-communaute-de-vie-de-retraite-parkland-ou-faubourg\/","og_locale":"fr_FR","og_type":"article","og_title":"FAQ: Votre proche vit chez Parkland ou Faubourg","og_description":"Votre proche r\u00e9side dans une communaut\u00e9 de vie de retraite Parkland ou Faubourg.","og_url":"https:\/\/experienceparkland.com\/fr\/fan-votre-proche-reside-dans-une-communaute-de-vie-de-retraite-parkland-ou-faubourg\/","og_site_name":"Parkland Retirement Living","article_modified_time":"2025-07-02T13:58:05+00:00","twitter_card":"summary_large_image","twitter_misc":{"Est. reading time":"5 minutes"},"schema":{"@context":"https:\/\/schema.org","@graph":[{"@type":"WebPage","@id":"https:\/\/experienceparkland.com\/fr\/fan-votre-proche-reside-dans-une-communaute-de-vie-de-retraite-parkland-ou-faubourg\/","url":"https:\/\/experienceparkland.com\/fr\/fan-votre-proche-reside-dans-une-communaute-de-vie-de-retraite-parkland-ou-faubourg\/","name":"FAQ: Votre proche vit chez Parkland ou Faubourg","isPartOf":{"@id":"https:\/\/experienceparkland.com\/fr\/#website"},"datePublished":"2020-03-25T12:43:58+00:00","dateModified":"2025-07-02T13:58:05+00:00","description":"Votre proche r\u00e9side dans une communaut\u00e9 de vie de retraite Parkland ou Faubourg.","breadcrumb":{"@id":"https:\/\/experienceparkland.com\/fr\/fan-votre-proche-reside-dans-une-communaute-de-vie-de-retraite-parkland-ou-faubourg\/#breadcrumb"},"inLanguage":"fr-FR","potentialAction":[{"@type":"ReadAction","target":["https:\/\/experienceparkland.com\/fr\/fan-votre-proche-reside-dans-une-communaute-de-vie-de-retraite-parkland-ou-faubourg\/"]}]},{"@type":"BreadcrumbList","@id":"https:\/\/experienceparkland.com\/fr\/fan-votre-proche-reside-dans-une-communaute-de-vie-de-retraite-parkland-ou-faubourg\/#breadcrumb","itemListElement":[{"@type":"ListItem","position":1,"name":"Home","item":"https:\/\/experienceparkland.com\/fr\/"},{"@type":"ListItem","position":2,"name":"FAQ \u2013 Votre proche r\u00e9side dans une communaut\u00e9 de vie de retraite Parkland ou Faubourg"}]},{"@type":"WebSite","@id":"https:\/\/experienceparkland.com\/fr\/#website","url":"https:\/\/experienceparkland.com\/fr\/","name":"Parkland Retirement Living","description":"","potentialAction":[{"@type":"SearchAction","target":{"@type":"EntryPoint","urlTemplate":"https:\/\/experienceparkland.com\/fr\/?s={search_term_string}"},"query-input":{"@type":"PropertyValueSpecification","valueRequired":true,"valueName":"search_term_string"}}],"inLanguage":"fr-FR"}]}},"_links":{"self":[{"href":"https:\/\/experienceparkland.com\/fr\/wp-json\/wp\/v2\/pages\/4428","targetHints":{"allow":["GET"]}}],"collection":[{"href":"https:\/\/experienceparkland.com\/fr\/wp-json\/wp\/v2\/pages"}],"about":[{"href":"https:\/\/experienceparkland.com\/fr\/wp-json\/wp\/v2\/types\/page"}],"author":[{"embeddable":true,"href":"https:\/\/experienceparkland.com\/fr\/wp-json\/wp\/v2\/users\/19"}],"replies":[{"embeddable":true,"href":"https:\/\/experienceparkland.com\/fr\/wp-json\/wp\/v2\/comments?post=4428"}],"version-history":[{"count":0,"href":"https:\/\/experienceparkland.com\/fr\/wp-json\/wp\/v2\/pages\/4428\/revisions"}],"wp:attachment":[{"href":"https:\/\/experienceparkland.com\/fr\/wp-json\/wp\/v2\/media?parent=4428"}],"curies":[{"name":"wp","href":"https:\/\/api.w.org\/{rel}","templated":true}]}}