{"id":4384,"date":"2020-03-20T09:33:50","date_gmt":"2020-03-20T13:33:50","guid":{"rendered":"https:\/\/experienceparkland.com\/favoriser-lengagement-des-personnes-residentes\/"},"modified":"2025-07-02T10:58:28","modified_gmt":"2025-07-02T13:58:28","slug":"favoriser-lengagement-des-personnes-residentes","status":"publish","type":"page","link":"https:\/\/experienceparkland.com\/fr\/favoriser-lengagement-des-personnes-residentes\/","title":{"rendered":"Favoriser l\u2019engagement des personnes r\u00e9sidentes"},"content":{"rendered":"\n<h2 class=\"wp-block-heading\">Renseignements sur les activit\u00e9s de loisirs<\/h2>\n\n\n\n<p>Nous comprenons que les restrictions des visites et l\u2019annulation des activit\u00e9s de groupe en raison de la COVID-19 peuvent causer de l\u2019anxi\u00e9t\u00e9 et de l\u2019incertitude. Nous voulons vous rassurer que malgr\u00e9 le fait que nous n\u2019offrons plus d\u2019activit\u00e9s en grand groupe, nos \u00e9quipes des loisirs continuent de travailler fort pour que les personnes r\u00e9sidentes puissent b\u00e9n\u00e9ficier d\u2019activit\u00e9s individualis\u00e9es pour favoriser leur engagement et maintenir leur niveau d\u2019activit\u00e9.<\/p>\n\n\n\n<p>Vous trouverez ci-dessous des renseignements \u00e0 l\u2019intention des personnes r\u00e9sidentes et leurs familles pour favoriser les liens sociaux et pour mitiger les sentiments de solitude pendant cette p\u00e9riode difficile.<\/p>\n\n\n\n<p>Nous vous remercions de votre soutien continu. C\u2019est la solidarit\u00e9 qui fait la force, et nos \u00e9quipes de personnes exceptionnelles font tout en leur possible pour assurer la sant\u00e9 et la s\u00e9curit\u00e9 des personnes r\u00e9sidentes.<\/p>\n\n\n\n<div style=\"height:50px\" aria-hidden=\"true\" class=\"wp-block-spacer\"><\/div>\n\n\n\n<h2 class=\"wp-block-heading\">Mise \u00e0 jour sur les activit\u00e9s de loisirs :  <\/h2>\n\n\n\n<ul class=\"wp-block-list\"><li>Nous sommes en train d\u2019augmenter notre personnel de loisirs, de prolonger les heures des activit\u00e9s et d\u2019ajouter des activit\u00e9s pendant les soir\u00e9es et les fins de semaine.<\/li><li>Nous savons que l\u2019activit\u00e9 physique est importante. Par cons\u00e9quent, nous encourageons les personnes r\u00e9sidentes de continuer de marcher et de faire des activit\u00e9s physiques tout en respectant les principes de l\u2019\u00e9loignement physique.<\/li><li>Pour la s\u00e9curit\u00e9 des personnes r\u00e9sidentes et pour \u00e9viter la propagation des infections, le partage d\u2019\u00e9quipements et les activit\u00e9s avec de la nourriture sont suspendus.<\/li><li>Pour le moment, les prestations par les personnes venant de l\u2019ext\u00e9rieur de la communaut\u00e9 ne sont permises dans aucune de nos communaut\u00e9s.<\/li><li>Toute activit\u00e9 de loisir est men\u00e9e en conformit\u00e9 avec tous les principes de l\u2019\u00e9loignement physique, c\u2019est-\u00e0-dire les petits groupes, une distance appropri\u00e9e entre les personnes participantes et aucun contact physique direct.<\/li><li>La participation aux activit\u00e9s de groupe favorise les liens communautaires. Autant que possible, nous avons adapt\u00e9 les activit\u00e9s de groupe les plus populaires. Nous offrons, par exemple, des activit\u00e9s comme le bingo et les chants en c\u0153ur dans les corridors. Les personnes r\u00e9sidentes peuvent rester dans leurs chambres tout en profitant d\u2019activit\u00e9s populaires et en respectant les protocoles de l\u2019\u00e9loignement physique.<\/li><li>Nous offrirons plus d\u2019activit\u00e9s dans les appartements des personnes r\u00e9sidentes. Nos \u00e9quipes des loisirs ont cr\u00e9\u00e9 des trousses d\u2019activit\u00e9s avec des livres \u00e0 colorier pour adultes, des mots-crois\u00e9s, des mots cach\u00e9s, et plus encore. Nous encourageons l\u2019apprentissage de nouveaux passe-temps, comme le tricot ou la peinture, et notre personnel se fait un plaisir de faciliter le processus.<\/li><\/ul>\n\n\n\n<div style=\"height:50px\" aria-hidden=\"true\" class=\"wp-block-spacer\"><\/div>\n\n\n\n<h2 class=\"wp-block-heading\">\u00c0 l\u2019intention des membres de la famille :<\/h2>\n\n\n\n<p>Nous comprenons qu\u2019il peut \u00eatre difficile de ne pas pouvoir visiter ses proches, mais il existe d\u2019autres fa\u00e7ons de garder le contact. <\/p>\n\n\n\n<ul class=\"wp-block-list\"><li>Nous vous encourageons d\u2019appeler souvent vos proches, et nos \u00e9quipes se feront un plaisir de vous aider avec les appels vid\u00e9o pour vous permettre de garder le contact.<\/li><li>Les livraisons peuvent \u00eatre arrang\u00e9es. Nous faisons notre possible pour limiter les livraisons.&nbsp;<strong>Communaut\u00e9 de soins de longue dur\u00e9e \u2013<\/strong>&nbsp;Nous permettons aux proches de d\u00e9poser des articles pour les personnes r\u00e9sidentes \u00e0 (non pas \u00e0 l\u2019int\u00e9rieur de) la porte principale. Veuillez communiquer avec la direction de votre communaut\u00e9 pour plus de d\u00e9tails.&nbsp;<strong>Communaut\u00e9 de vie de retraite<\/strong>&nbsp;\u2013 Les proches sont invit\u00e9s \u00e0 d\u00e9poser les articles de premi\u00e8re n\u00e9cessit\u00e9 seulement (\u00e9picerie et pharmacie) pour les r\u00e9sidents \u00e0 la porte d&rsquo;entr\u00e9e (et non \u00e0 l&rsquo;int\u00e9rieur). Les articles doivent \u00eatre mis dans un double sac.<\/li><li>Les messages envoy\u00e9s par courriel peuvent \u00eatre imprim\u00e9s et livr\u00e9s par notre \u00e9quipe! Vous pouvez envoyer des messages, des vid\u00e9os et des photos \u00e0 notre \u00e9quipe de gestion, qui se fera un plaisir de les livrer.<\/li><li>Les \u00e9quipes des loisirs interagissent avec les personnes r\u00e9sidentes tous les jours, et sont heureuses de transmettre des messages d\u2019amour et de meilleurs v\u0153ux de la part des personnes r\u00e9sidentes ou de leurs familles.<\/li><\/ul>\n\n\n\n<div style=\"height:50px\" aria-hidden=\"true\" class=\"wp-block-spacer\"><\/div>\n\n\n\n<h2 class=\"wp-block-heading\">Restriction des visites dans toutes les communaut\u00e9s Shannex, Parkland et Faubourg<\/h2>\n\n\n\n<ul class=\"wp-block-list\"><li>Aucune visite n\u2019est permise dans aucune de nos communaut\u00e9s, exception faite de visites aux personnes r\u00e9sidentes qui re\u00e7oivent des soins palliatifs ou en cas d\u2019autres circonstances exceptionnelles. <\/li><li>Les personnes permises de visiter en cas de circonstances exceptionnelles doivent suivre le processus d\u2019auto-d\u00e9pistage en vigueur. Selon le r\u00e9sultat, la personne doit porter un masque en tout temps et doit visiter la personne r\u00e9sidente uniquement dans l\u2019appartement de cette derni\u00e8re.   <\/li><li>Certains fournisseurs\/entrepreneurs\/personnel de soins doivent entrer dans la communaut\u00e9. Ces personnes pourront entrer apr\u00e8s avoir suivi le processus de d\u00e9pistage. Si elles peuvent entrer, elles doivent porter un masque en tout temps.<\/li><\/ul>\n\n\n\n<div style=\"height:50px\" aria-hidden=\"true\" class=\"wp-block-spacer\"><\/div>\n\n\n\n<h2 class=\"wp-block-heading\">Livraisons<\/h2>\n\n\n\n<p>Nous faisons notre possible pour limiter les livraisons.&nbsp;<strong>Communaut\u00e9 de soins de longue dur\u00e9e \u2013<\/strong>&nbsp;Nous permettons aux proches de d\u00e9poser des articles pour les personnes r\u00e9sidentes \u00e0 (non pas \u00e0 l\u2019int\u00e9rieur de) la porte principale. Veuillez communiquer avec la direction de votre communaut\u00e9 pour plus de d\u00e9tails.&nbsp;<strong>Communaut\u00e9 de vie de retraite<\/strong>&nbsp;\u2013 Les proches sont invit\u00e9s \u00e0 d\u00e9poser les articles de premi\u00e8re n\u00e9cessit\u00e9 seulement (\u00e9picerie et pharmacie) pour les r\u00e9sidents \u00e0 la porte d&rsquo;entr\u00e9e (et non \u00e0 l&rsquo;int\u00e9rieur). Les articles doivent \u00eatre mis dans un double sac.<\/p>\n\n\n\n<div style=\"height:50px\" aria-hidden=\"true\" class=\"wp-block-spacer\"><\/div>\n\n\n\n<h2 class=\"wp-block-heading\">Services Culinaires <\/h2>\n\n\n\n<p>Chaque communaut\u00e9 a modifi\u00e9 son syst\u00e8me de service des repas afin d\u2019en assurer la conformit\u00e9 aux principes de l\u2019\u00e9loignement physique. Nous avons agrandi la salle \u00e0 manger et augment\u00e9 l\u2019espace entre les personnes \u00e0 table et offrons temporairement deux services distincts pour chaque repas. Nous utilisons des serviettes jetables et avons aussi retir\u00e9 tous les condiments, les assaisonnements et les nappes des tables afin de mieux d\u00e9sinfecter les surfaces.<\/p>\n\n\n\n<p>Dans les communaut\u00e9s de vie de retraite, nous adoptons un syst\u00e8me de livraison des repas aux appartements des personnes r\u00e9sidentes et cessons de servir les repas dans les salles \u00e0 manger. Cette d\u00e9cision n\u2019a pas \u00e9t\u00e9 facile, mais nous croyons fermement que cette mesure cr\u00e9e un niveau de protection suppl\u00e9mentaire et assure une meilleure conformit\u00e9 aux directives relatives \u00e0 l\u2019\u00e9loignement physique. Ce changement entra\u00eene aussi une modification temporaire au menu et au processus de s\u00e9lection de plats.<\/p>\n\n\n\n<p>Pour les fins de s\u00e9curit\u00e9, les plats seront dress\u00e9s dans la cuisine avec une vaisselle jetable et livr\u00e9s par chariot de livraison. Nous vous demandons de placer votre plateau dans le corridor pas plus d\u2019une heure apr\u00e8s la livraison du repas. Pour les personnes en auto-isolement ou en isolement, les plats seront aussi dress\u00e9s dans la cuisine et livr\u00e9s conform\u00e9ment au protocole pour la livraison s\u00e9curitaire des repas.<\/p>\n\n\n\n<p>Nous savons que l\u2019utilisation de vaisselle jetable peut \u00eatre d\u00e9cevant pour vous, comme pour nous, mais il s\u2019agit d\u2019une mesure temporaire n\u00e9cessaire. Nous recommencerons \u00e0 utiliser la vaisselle en porcelaine aussit\u00f4t que possible.<\/p>\n\n\n\n<div style=\"height:50px\" aria-hidden=\"true\" class=\"wp-block-spacer\"><\/div>\n\n\n\n<h2 class=\"wp-block-heading\">Salons de coiffure<\/h2>\n\n\n\n<p>Les salons de coiffure et les spas dans toutes nos communaut\u00e9s sont ferm\u00e9s. <\/p>\n\n\n\n<div style=\"height:50px\" aria-hidden=\"true\" class=\"wp-block-spacer\"><\/div>\n\n\n\n<h2 class=\"wp-block-heading\">Les personnes r\u00e9sidentes qui quittent leur communaut\u00e9<\/h2>\n\n\n\n<p><strong>Soins de longue dur\u00e9e&nbsp;:&nbsp;<\/strong>Il se peut qu\u2019une personne r\u00e9sidente ait besoin de quitter un de nos foyers de soins agr\u00e9\u00e9s en raison d\u2019une urgence m\u00e9dicale. Les personnes r\u00e9sidentes ne sont pas permises de quitter les lieux pour les visites sociales. Si une personne r\u00e9sidente quitte la r\u00e9sidence pour une raison autre qu\u2019une urgence m\u00e9dicale, elle sera seulement permise de retourner dans la communaut\u00e9 lorsque cette derni\u00e8re accepte de nouveau les visites. Nous tenons \u00e0 vous remercier de votre soutien pour prendre toutes les pr\u00e9cautions n\u00e9cessaires pour prot\u00e9ger la sant\u00e9 et le bien-\u00eatre des personnes r\u00e9sidentes et du personnel.<\/p>\n\n\n\n<p><strong>Vie de retraite&nbsp;:&nbsp;<\/strong>Bien que les personnes r\u00e9sidentes soient permises de quitter les lieux, il est <strong>fortement recommand\u00e9<\/strong>de quitter uniquement quand c\u2019est absolument essentiel. Les personnes r\u00e9sidentes auront \u00e0 effectuer un d\u00e9pistage imm\u00e9diatement lors de leur retour.<\/p>\n\n\n\n<p>Nous limitons la circulation des personnes r\u00e9sidentes entre les \u00e9difices au sein d\u2019une m\u00eame communaut\u00e9.<\/p>\n\n\n\n<p>Pour les personnes r\u00e9sidentes dont la famille fait normalement la lessive, le personnel s\u2019en chargera pour le moment.  <\/p>\n\n\n\n<div style=\"height:50px\" aria-hidden=\"true\" class=\"wp-block-spacer\"><\/div>\n\n\n\n<h2 class=\"wp-block-heading\">Visites guid\u00e9es des communaut\u00e9s Parkland et Faubourg<\/h2>\n\n\n\n<p>Nous nous ferons un plaisir de vous pr\u00e9senter une communaut\u00e9 Parkland ou Faubourg, mais virtuellement. Pour le moment, nous n\u2019offrons aucune visite en personne de nos complexes de vie de retraite.<\/p>\n\n\n\n<div style=\"height:50px\" aria-hidden=\"true\" class=\"wp-block-spacer\"><\/div>\n\n\n\n<h2 class=\"wp-block-heading\">Admissions et emm\u00e9nagements<\/h2>\n\n\n\n<p>Nous continuons d\u2019accepter les nouvelles personnes r\u00e9sidentes dans toutes nos communaut\u00e9s, mais appliquons des protocoles avanc\u00e9s pour assurer le respect des restrictions des visites et du processus de d\u00e9pistage.<\/p>\n\n\n\n<div style=\"height:50px\" aria-hidden=\"true\" class=\"wp-block-spacer\"><\/div>\n\n\n\n<h2 class=\"wp-block-heading\">\u00c9loignement physique (social)<\/h2>\n\n\n\n<p>Les mesures d\u2019\u00e9loignement physique sont des strat\u00e9gies pour minimiser la transmission de la COVID-19 dans la communaut\u00e9, notamment la restriction du contact direct avec les autres pendant une \u00e9closion. Nous assurons le respect des principes de l\u2019\u00e9loignement physique tout en tenant compte du bien-\u00eatre de nos personnes r\u00e9sidentes. Pour ce faire, nous imposons des restrictions aux visites dans toutes nos communaut\u00e9s, nous adaptons nos activit\u00e9s aux petits groupes et de mani\u00e8re \u00e0 assurer un espace appropri\u00e9 et \u00e0 \u00e9liminer le contact physique entre personnes. Nous ajoutons aussi des heures de service de repas et agrandissons l\u2019aire des salles \u00e0 manger.<\/p>\n\n\n\n<div style=\"height:50px\" aria-hidden=\"true\" class=\"wp-block-spacer\"><\/div>\n\n\n\n<h2 class=\"wp-block-heading\">Circonstances personnelles urgentes <\/h2>\n\n\n\n<p>Nous comprenons qu\u2019il sera parfois urgent de faire livrer quelque chose \u00e0 votre proche. Veuillez communiquer avec nous pour en organiser la livraison. Nous vous demandons aussi de nous faire part de services critiques que vous fournissez \u00e0 votre proche. <\/p>\n","protected":false},"excerpt":{"rendered":"<p>Renseignements sur les activit\u00e9s de loisirs Nous comprenons que les restrictions des visites et l\u2019annulation des activit\u00e9s de groupe en raison de la COVID-19 peuvent causer de l\u2019anxi\u00e9t\u00e9 et de l\u2019incertitude. Nous voulons vous rassurer que malgr\u00e9 le fait que nous n\u2019offrons plus d\u2019activit\u00e9s en grand groupe, nos \u00e9quipes des loisirs continuent de travailler fort&#8230; <a class=\"read_more\" title=\"Favoriser l\u2019engagement des personnes r\u00e9sidentes\" href=\"https:\/\/experienceparkland.com\/fr\/favoriser-lengagement-des-personnes-residentes\/\">Read more<\/a><\/p>\n","protected":false},"author":19,"featured_media":0,"parent":0,"menu_order":0,"comment_status":"closed","ping_status":"closed","template":"page-about-us.php","meta":{"_acf_changed":false,"footnotes":""},"class_list":["post-4384","page","type-page","status-publish","hentry"],"acf":[],"featured_image_src":null,"yoast_head":"<!-- This site is optimized with the Yoast SEO plugin v27.4 - https:\/\/yoast.com\/product\/yoast-seo-wordpress\/ -->\n<title>Favoriser l\u2019engagement des r\u00e9sidents<\/title>\n<meta name=\"description\" content=\"Renseignements sur les activit\u00e9s de loisirs.\" \/>\n<meta name=\"robots\" content=\"index, follow, max-snippet:-1, max-image-preview:large, max-video-preview:-1\" \/>\n<link rel=\"canonical\" href=\"https:\/\/experienceparkland.com\/fr\/favoriser-lengagement-des-personnes-residentes\/\" \/>\n<meta property=\"og:locale\" content=\"fr_FR\" \/>\n<meta property=\"og:type\" content=\"article\" \/>\n<meta property=\"og:title\" content=\"Favoriser l\u2019engagement des r\u00e9sidents\" \/>\n<meta property=\"og:description\" content=\"Renseignements sur les activit\u00e9s de loisirs.\" \/>\n<meta property=\"og:url\" content=\"https:\/\/experienceparkland.com\/fr\/favoriser-lengagement-des-personnes-residentes\/\" \/>\n<meta property=\"og:site_name\" content=\"Parkland Retirement Living\" \/>\n<meta property=\"article:modified_time\" content=\"2025-07-02T13:58:28+00:00\" \/>\n<meta name=\"twitter:card\" content=\"summary_large_image\" \/>\n<meta name=\"twitter:label1\" content=\"Est. reading time\" \/>\n\t<meta name=\"twitter:data1\" content=\"7 minutes\" \/>\n<script type=\"application\/ld+json\" class=\"yoast-schema-graph\">{\"@context\":\"https:\\\/\\\/schema.org\",\"@graph\":[{\"@type\":\"WebPage\",\"@id\":\"https:\\\/\\\/experienceparkland.com\\\/fr\\\/favoriser-lengagement-des-personnes-residentes\\\/\",\"url\":\"https:\\\/\\\/experienceparkland.com\\\/fr\\\/favoriser-lengagement-des-personnes-residentes\\\/\",\"name\":\"Favoriser l\u2019engagement des r\u00e9sidents\",\"isPartOf\":{\"@id\":\"https:\\\/\\\/experienceparkland.com\\\/fr\\\/#website\"},\"datePublished\":\"2020-03-20T13:33:50+00:00\",\"dateModified\":\"2025-07-02T13:58:28+00:00\",\"description\":\"Renseignements sur les activit\u00e9s de loisirs.\",\"breadcrumb\":{\"@id\":\"https:\\\/\\\/experienceparkland.com\\\/fr\\\/favoriser-lengagement-des-personnes-residentes\\\/#breadcrumb\"},\"inLanguage\":\"fr-FR\",\"potentialAction\":[{\"@type\":\"ReadAction\",\"target\":[\"https:\\\/\\\/experienceparkland.com\\\/fr\\\/favoriser-lengagement-des-personnes-residentes\\\/\"]}]},{\"@type\":\"BreadcrumbList\",\"@id\":\"https:\\\/\\\/experienceparkland.com\\\/fr\\\/favoriser-lengagement-des-personnes-residentes\\\/#breadcrumb\",\"itemListElement\":[{\"@type\":\"ListItem\",\"position\":1,\"name\":\"Home\",\"item\":\"https:\\\/\\\/experienceparkland.com\\\/fr\\\/\"},{\"@type\":\"ListItem\",\"position\":2,\"name\":\"Favoriser l\u2019engagement des personnes r\u00e9sidentes\"}]},{\"@type\":\"WebSite\",\"@id\":\"https:\\\/\\\/experienceparkland.com\\\/fr\\\/#website\",\"url\":\"https:\\\/\\\/experienceparkland.com\\\/fr\\\/\",\"name\":\"Parkland Retirement Living\",\"description\":\"\",\"potentialAction\":[{\"@type\":\"SearchAction\",\"target\":{\"@type\":\"EntryPoint\",\"urlTemplate\":\"https:\\\/\\\/experienceparkland.com\\\/fr\\\/?s={search_term_string}\"},\"query-input\":{\"@type\":\"PropertyValueSpecification\",\"valueRequired\":true,\"valueName\":\"search_term_string\"}}],\"inLanguage\":\"fr-FR\"}]}<\/script>\n<!-- \/ Yoast SEO plugin. -->","yoast_head_json":{"title":"Favoriser l\u2019engagement des r\u00e9sidents","description":"Renseignements sur les activit\u00e9s de loisirs.","robots":{"index":"index","follow":"follow","max-snippet":"max-snippet:-1","max-image-preview":"max-image-preview:large","max-video-preview":"max-video-preview:-1"},"canonical":"https:\/\/experienceparkland.com\/fr\/favoriser-lengagement-des-personnes-residentes\/","og_locale":"fr_FR","og_type":"article","og_title":"Favoriser l\u2019engagement des r\u00e9sidents","og_description":"Renseignements sur les activit\u00e9s de loisirs.","og_url":"https:\/\/experienceparkland.com\/fr\/favoriser-lengagement-des-personnes-residentes\/","og_site_name":"Parkland Retirement Living","article_modified_time":"2025-07-02T13:58:28+00:00","twitter_card":"summary_large_image","twitter_misc":{"Est. reading time":"7 minutes"},"schema":{"@context":"https:\/\/schema.org","@graph":[{"@type":"WebPage","@id":"https:\/\/experienceparkland.com\/fr\/favoriser-lengagement-des-personnes-residentes\/","url":"https:\/\/experienceparkland.com\/fr\/favoriser-lengagement-des-personnes-residentes\/","name":"Favoriser l\u2019engagement des r\u00e9sidents","isPartOf":{"@id":"https:\/\/experienceparkland.com\/fr\/#website"},"datePublished":"2020-03-20T13:33:50+00:00","dateModified":"2025-07-02T13:58:28+00:00","description":"Renseignements sur les activit\u00e9s de loisirs.","breadcrumb":{"@id":"https:\/\/experienceparkland.com\/fr\/favoriser-lengagement-des-personnes-residentes\/#breadcrumb"},"inLanguage":"fr-FR","potentialAction":[{"@type":"ReadAction","target":["https:\/\/experienceparkland.com\/fr\/favoriser-lengagement-des-personnes-residentes\/"]}]},{"@type":"BreadcrumbList","@id":"https:\/\/experienceparkland.com\/fr\/favoriser-lengagement-des-personnes-residentes\/#breadcrumb","itemListElement":[{"@type":"ListItem","position":1,"name":"Home","item":"https:\/\/experienceparkland.com\/fr\/"},{"@type":"ListItem","position":2,"name":"Favoriser l\u2019engagement des personnes r\u00e9sidentes"}]},{"@type":"WebSite","@id":"https:\/\/experienceparkland.com\/fr\/#website","url":"https:\/\/experienceparkland.com\/fr\/","name":"Parkland Retirement Living","description":"","potentialAction":[{"@type":"SearchAction","target":{"@type":"EntryPoint","urlTemplate":"https:\/\/experienceparkland.com\/fr\/?s={search_term_string}"},"query-input":{"@type":"PropertyValueSpecification","valueRequired":true,"valueName":"search_term_string"}}],"inLanguage":"fr-FR"}]}},"_links":{"self":[{"href":"https:\/\/experienceparkland.com\/fr\/wp-json\/wp\/v2\/pages\/4384","targetHints":{"allow":["GET"]}}],"collection":[{"href":"https:\/\/experienceparkland.com\/fr\/wp-json\/wp\/v2\/pages"}],"about":[{"href":"https:\/\/experienceparkland.com\/fr\/wp-json\/wp\/v2\/types\/page"}],"author":[{"embeddable":true,"href":"https:\/\/experienceparkland.com\/fr\/wp-json\/wp\/v2\/users\/19"}],"replies":[{"embeddable":true,"href":"https:\/\/experienceparkland.com\/fr\/wp-json\/wp\/v2\/comments?post=4384"}],"version-history":[{"count":0,"href":"https:\/\/experienceparkland.com\/fr\/wp-json\/wp\/v2\/pages\/4384\/revisions"}],"wp:attachment":[{"href":"https:\/\/experienceparkland.com\/fr\/wp-json\/wp\/v2\/media?parent=4384"}],"curies":[{"name":"wp","href":"https:\/\/api.w.org\/{rel}","templated":true}]}}