{"id":4002,"date":"2020-02-21T11:19:32","date_gmt":"2020-02-21T16:19:32","guid":{"rendered":"https:\/\/experienceparkland.com\/bedfordsouth\/"},"modified":"2020-02-21T11:19:33","modified_gmt":"2020-02-21T16:19:33","slug":"bedfordsouth","status":"publish","type":"page","link":"https:\/\/experienceparkland.com\/fr\/bedfordsouth\/","title":{"rendered":"Rejoignez l&rsquo;\u00e9quipe d&rsquo;engagement communautaire de Parkland"},"content":{"rendered":"\n<blockquote style=\"text-align:left\" class=\"wp-block-quote is-layout-flow wp-block-quote-is-layout-flow\"><p>Les membres de l\u2019\u00e9quipe d\u2019engagement communautaire participeront \u00e0 un \u00e9v\u00e9nement en novembre.<\/p><\/blockquote>\n\n<div class=\"wp-block-image\"><figure class=\"aligncenter\"><img loading=\"lazy\" decoding=\"async\" width=\"950\" height=\"300\" src=\"https:\/\/experienceparkland.com\/wp-content\/uploads\/2019\/10\/BedfordSouth_1.jpg\" alt=\"\" class=\"wp-image-3475\" srcset=\"https:\/\/experienceparkland.com\/wp-content\/uploads\/2019\/10\/BedfordSouth_1.jpg 950w, https:\/\/experienceparkland.com\/wp-content\/uploads\/2019\/10\/BedfordSouth_1-300x95.jpg 300w, https:\/\/experienceparkland.com\/wp-content\/uploads\/2019\/10\/BedfordSouth_1-768x243.jpg 768w\" sizes=\"auto, (max-width: 950px) 100vw, 950px\" \/><\/figure><\/div>\n<script type=\"text\/javascript\">\n\/* <![CDATA[ *\/\nvar gform;gform||(document.addEventListener(\"gform_main_scripts_loaded\",function(){gform.scriptsLoaded=!0}),document.addEventListener(\"gform\/theme\/scripts_loaded\",function(){gform.themeScriptsLoaded=!0}),window.addEventListener(\"DOMContentLoaded\",function(){gform.domLoaded=!0}),gform={domLoaded:!1,scriptsLoaded:!1,themeScriptsLoaded:!1,isFormEditor:()=>\"function\"==typeof InitializeEditor,callIfLoaded:function(o){return!(!gform.domLoaded||!gform.scriptsLoaded||!gform.themeScriptsLoaded&&!gform.isFormEditor()||(gform.isFormEditor()&&console.warn(\"The use of gform.initializeOnLoaded() is deprecated in the form editor context and will be removed in Gravity Forms 3.1.\"),o(),0))},initializeOnLoaded:function(o){gform.callIfLoaded(o)||(document.addEventListener(\"gform_main_scripts_loaded\",()=>{gform.scriptsLoaded=!0,gform.callIfLoaded(o)}),document.addEventListener(\"gform\/theme\/scripts_loaded\",()=>{gform.themeScriptsLoaded=!0,gform.callIfLoaded(o)}),window.addEventListener(\"DOMContentLoaded\",()=>{gform.domLoaded=!0,gform.callIfLoaded(o)}))},hooks:{action:{},filter:{}},addAction:function(o,r,e,t){gform.addHook(\"action\",o,r,e,t)},addFilter:function(o,r,e,t){gform.addHook(\"filter\",o,r,e,t)},doAction:function(o){gform.doHook(\"action\",o,arguments)},applyFilters:function(o){return gform.doHook(\"filter\",o,arguments)},removeAction:function(o,r){gform.removeHook(\"action\",o,r)},removeFilter:function(o,r,e){gform.removeHook(\"filter\",o,r,e)},addHook:function(o,r,e,t,n){null==gform.hooks[o][r]&&(gform.hooks[o][r]=[]);var d=gform.hooks[o][r];null==n&&(n=r+\"_\"+d.length),gform.hooks[o][r].push({tag:n,callable:e,priority:t=null==t?10:t})},doHook:function(r,o,e){var t;if(e=Array.prototype.slice.call(e,1),null!=gform.hooks[r][o]&&((o=gform.hooks[r][o]).sort(function(o,r){return o.priority-r.priority}),o.forEach(function(o){\"function\"!=typeof(t=o.callable)&&(t=window[t]),\"action\"==r?t.apply(null,e):e[0]=t.apply(null,e)})),\"filter\"==r)return e[0]},removeHook:function(o,r,t,n){var e;null!=gform.hooks[o][r]&&(e=(e=gform.hooks[o][r]).filter(function(o,r,e){return!!(null!=n&&n!=o.tag||null!=t&&t!=o.priority)}),gform.hooks[o][r]=e)}});\n\/* ]]> *\/\n<\/script>\n\n                <div class='gf_browser_gecko gform_wrapper gform_legacy_markup_wrapper gform-theme--no-framework' data-form-theme='legacy' data-form-index='0' id='gform_wrapper_3' >\n                        <div class='gform_heading'>\n                            <p class='gform_description'><\/p>\n                        <\/div><form method='post' enctype='multipart\/form-data'  id='gform_3'  action='\/fr\/wp-json\/wp\/v2\/pages\/4002' data-formid='3' novalidate>\n                        <div class='gform-body gform_body'><ul id='gform_fields_3' class='gform_fields top_label form_sublabel_below description_below validation_below'><li id=\"field_3_10\" class=\"gfield gfield--type-text large-6 columns gfield_contains_required field_sublabel_below gfield--no-description field_description_below field_validation_below gfield_visibility_visible\"  ><label class='gfield_label gform-field-label' for='input_3_10'>Pr\u00e9nom<span class=\"gfield_required\"><span class=\"gfield_required gfield_required_asterisk\">*<\/span><\/span><\/label><div class='ginput_container ginput_container_text'><input name='input_10' id='input_3_10' type='text' value='' class='large'     aria-required=\"true\" aria-invalid=\"false\"   \/><\/div><\/li><li id=\"field_3_3\" class=\"gfield gfield--type-email large-6 columns field_sublabel_below gfield--no-description field_description_below field_validation_below gfield_visibility_visible\"  ><label class='gfield_label gform-field-label' for='input_3_3'>Courriel<\/label><div class='ginput_container ginput_container_email'>\n                            <input name='input_3' id='input_3_3' type='email' value='' class='large'     aria-invalid=\"false\"  \/>\n                        <\/div><\/li><li id=\"field_3_5\" class=\"gfield gfield--type-phone large-6 columns gfield_contains_required field_sublabel_below gfield--no-description field_description_below field_validation_below gfield_visibility_visible\"  ><label class='gfield_label gform-field-label' for='input_3_5'>T\u00e9l\u00e9phone<span class=\"gfield_required\"><span class=\"gfield_required gfield_required_asterisk\">*<\/span><\/span><\/label><div class='ginput_container ginput_container_phone'><input name='input_5' id='input_3_5' type='tel' value='' class='large'   aria-required=\"true\" aria-invalid=\"false\"   \/><\/div><\/li><li id=\"field_3_9\" class=\"gfield gfield--type-text large-6 columns gfield_contains_required field_sublabel_below gfield--no-description field_description_below field_validation_below gfield_visibility_visible\"  ><label class='gfield_label gform-field-label' for='input_3_9'>Adresse<span class=\"gfield_required\"><span class=\"gfield_required gfield_required_asterisk\">*<\/span><\/span><\/label><div class='ginput_container ginput_container_text'><input name='input_9' id='input_3_9' type='text' value='' class='large'     aria-required=\"true\" aria-invalid=\"false\"   \/><\/div><\/li><li id=\"field_3_8\" class=\"gfield gfield--type-text large-6 columns gfield_contains_required field_sublabel_below gfield--no-description field_description_below field_validation_below gfield_visibility_visible\"  ><label class='gfield_label gform-field-label' for='input_3_8'>\u00c2ge<span class=\"gfield_required\"><span class=\"gfield_required gfield_required_asterisk\">*<\/span><\/span><\/label><div class='ginput_container ginput_container_text'><input name='input_8' id='input_3_8' type='text' value='' class='large'     aria-required=\"true\" aria-invalid=\"false\"   \/><\/div><\/li><li id=\"field_3_7\" class=\"gfield gfield--type-select large-6 columns gfield_contains_required field_sublabel_below gfield--no-description field_description_below field_validation_below gfield_visibility_visible\"  ><label class='gfield_label gform-field-label' for='input_3_7'>Current Living Situation<span class=\"gfield_required\"><span class=\"gfield_required gfield_required_asterisk\">*<\/span><\/span><\/label><div class='ginput_container ginput_container_select'><select name='input_7' id='input_3_7' class='large gfield_select'    aria-required=\"true\" aria-invalid=\"false\" ><option value='Condo' >Condo<\/option><option value='Maison' >Maison<\/option><option value='Loyer' >Loyer<\/option><\/select><\/div><\/li><\/ul><\/div>\n        <div class='gform-footer gform_footer top_label'> <input type=\"submit\" id=\"gform_submit_button_3\" class=\"block-button blue-navy\" onclick=\"gform.submission.handleButtonClick(this);\" data-submission-type=\"submit\" value=\"Soumission\"> \n            <input type='hidden' class='gform_hidden' name='gform_submission_method' data-js='gform_submission_method_3' value='postback' \/>\n            <input type='hidden' class='gform_hidden' name='gform_theme' data-js='gform_theme_3' id='gform_theme_3' value='legacy' \/>\n            <input type='hidden' class='gform_hidden' name='gform_style_settings' data-js='gform_style_settings_3' id='gform_style_settings_3' value='[]' \/>\n            <input type='hidden' class='gform_hidden' name='is_submit_3' value='1' \/>\n            <input type='hidden' class='gform_hidden' name='gform_submit' value='3' \/>\n            \n            <input type='hidden' class='gform_hidden' name='gform_currency' data-currency='CAD' value='Kx2XN2QP4O6jRnJVWcu0qsS\/NZDVmBPctuPBiwx1YsF5EPWBd8RYwZxvGrgfuKIlN9pB1+ECOVJb0QCiSX9sAeDDvZbuz7dus7xX4WPitm2cGhQ=' \/>\n            <input type='hidden' class='gform_hidden' name='gform_unique_id' value='' \/>\n            <input type='hidden' class='gform_hidden' name='state_3' value='WyJbXSIsIjI5NGI1NmJhNDcwOTRkNWIwYmMxYWFlMzcwYjMwZmFjIl0=' \/>\n            <input type='hidden' autocomplete='off' class='gform_hidden' name='gform_target_page_number_3' id='gform_target_page_number_3' value='0' \/>\n            <input type='hidden' autocomplete='off' class='gform_hidden' name='gform_source_page_number_3' id='gform_source_page_number_3' value='1' \/>\n            <input type='hidden' name='gform_field_values' value='' \/>\n            \n        <\/div>\n                        <\/form>\n                        <\/div><script type=\"text\/javascript\">\n\/* <![CDATA[ *\/\n gform.initializeOnLoaded( function() {gformInitSpinner( 3, 'https:\/\/experienceparkland.com\/wp-content\/themes\/parkland\/img\/ajax-spinner.svg', true );jQuery('#gform_ajax_frame_3').on('load',function(){var contents = jQuery(this).contents().find('*').html();var is_postback = contents.indexOf('GF_AJAX_POSTBACK') >= 0;if(!is_postback){return;}var form_content = jQuery(this).contents().find('#gform_wrapper_3');var is_confirmation = jQuery(this).contents().find('#gform_confirmation_wrapper_3').length > 0;var is_redirect = contents.indexOf('gformRedirect(){') >= 0;var is_form = form_content.length > 0 && ! is_redirect && ! is_confirmation;var mt = parseInt(jQuery('html').css('margin-top'), 10) + parseInt(jQuery('body').css('margin-top'), 10) + 100;if(is_form){jQuery('#gform_wrapper_3').html(form_content.html());if(form_content.hasClass('gform_validation_error')){jQuery('#gform_wrapper_3').addClass('gform_validation_error');} else {jQuery('#gform_wrapper_3').removeClass('gform_validation_error');}setTimeout( function() { \/* delay the scroll by 50 milliseconds to fix a bug in chrome *\/  }, 50 );if(window['gformInitDatepicker']) {gformInitDatepicker();}if(window['gformInitPriceFields']) {gformInitPriceFields();}var current_page = jQuery('#gform_source_page_number_3').val();gformInitSpinner( 3, 'https:\/\/experienceparkland.com\/wp-content\/themes\/parkland\/img\/ajax-spinner.svg', true );jQuery(document).trigger('gform_page_loaded', [3, current_page]);window['gf_submitting_3'] = false;}else if(!is_redirect){var confirmation_content = jQuery(this).contents().find('.GF_AJAX_POSTBACK').html();if(!confirmation_content){confirmation_content = contents;}jQuery('#gform_wrapper_3').replaceWith(confirmation_content);jQuery(document).trigger('gform_confirmation_loaded', [3]);window['gf_submitting_3'] = false;wp.a11y.speak(jQuery('#gform_confirmation_message_3').text());}else{jQuery('#gform_3').append(contents);if(window['gformRedirect']) {gformRedirect();}}jQuery(document).trigger(\"gform_pre_post_render\", [{ formId: \"3\", currentPage: \"current_page\", abort: function() { this.preventDefault(); } }]);        if (event && event.defaultPrevented) {                return;        }        const gformWrapperDiv = document.getElementById( \"gform_wrapper_3\" );        if ( gformWrapperDiv ) {            const visibilitySpan = document.createElement( \"span\" );            visibilitySpan.id = \"gform_visibility_test_3\";            gformWrapperDiv.insertAdjacentElement( \"afterend\", visibilitySpan );        }        const visibilityTestDiv = document.getElementById( \"gform_visibility_test_3\" );        let postRenderFired = false;        function triggerPostRender() {            if ( postRenderFired ) {                return;            }            postRenderFired = true;            gform.core.triggerPostRenderEvents( 3, current_page );            if ( visibilityTestDiv ) {                visibilityTestDiv.parentNode.removeChild( visibilityTestDiv );            }        }        function debounce( func, wait, immediate ) {            var timeout;            return function() {                var context = this, args = arguments;                var later = function() {                    timeout = null;                    if ( !immediate ) func.apply( context, args );                };                var callNow = immediate && !timeout;                clearTimeout( timeout );                timeout = setTimeout( later, wait );                if ( callNow ) func.apply( context, args );            };        }        const debouncedTriggerPostRender = debounce( function() {            triggerPostRender();        }, 200 );        if ( visibilityTestDiv && visibilityTestDiv.offsetParent === null ) {            const observer = new MutationObserver( ( mutations ) => {                mutations.forEach( ( mutation ) => {                    if ( mutation.type === 'attributes' && visibilityTestDiv.offsetParent !== null ) {                        debouncedTriggerPostRender();                        observer.disconnect();                    }                });            });            observer.observe( document.body, {                attributes: true,                childList: false,                subtree: true,                attributeFilter: [ 'style', 'class' ],            });        } else {            triggerPostRender();        }    } );} ); \n\/* ]]> *\/\n<\/script>\n\n\n<div class=\"wp-block-image\"><figure class=\"aligncenter\"><img loading=\"lazy\" decoding=\"async\" width=\"950\" height=\"300\" src=\"https:\/\/experienceparkland.com\/wp-content\/uploads\/2019\/10\/BedfordSouth_2.jpg\" alt=\"\" class=\"wp-image-3478\" srcset=\"https:\/\/experienceparkland.com\/wp-content\/uploads\/2019\/10\/BedfordSouth_2.jpg 950w, https:\/\/experienceparkland.com\/wp-content\/uploads\/2019\/10\/BedfordSouth_2-300x95.jpg 300w, https:\/\/experienceparkland.com\/wp-content\/uploads\/2019\/10\/BedfordSouth_2-768x243.jpg 768w\" sizes=\"auto, (max-width: 950px) 100vw, 950px\" \/><\/figure><\/div>\n\n<p>Merci d\u2019avance pour votre participation. Veuillez noter que les personnes participantes seront choisies d\u2019avance. Seules les personnes ayant soumis une candidature seront consid\u00e9r\u00e9es. <\/p>\n\n<p>Pour plus de renseignements, veuillez communiquer avec Kristina Comuzzi-Reader au <strong>902-446-8493<\/strong>.<\/p>\n\n<hr class=\"wp-block-separator\"\/>\n\n<p><\/p>\n\n<p>Nous collaborerons avec l\u2019\u00e9quipe d\u2019engagement communautaire de Parkland pour planifier notre nouvelle communaut\u00e9 durable de classe mondiale \u00e0 Bedford. Vos perspectives sur les sujets suivants assureront l\u2019offre d\u2019un style de vie de qualit\u00e9 sup\u00e9rieure : <\/p>\n\n<p><ul><li>Maisons en rang\u00e9e et appartements<\/li>&#13;\n \t<li>Espaces d\u2019agr\u00e9ment<\/li>&#13;\n \t<li>Services culinaires et de restauration<\/li>&#13;\n \t<li>Boutiques et services<\/li>&#13;\n \t<li>Commodit\u00e9s pertinentes pour vous<\/li>&#13;\n \t<li>Consid\u00e9rations environnementales<\/li>&#13;\n<\/ul><\/p>\n<p><!--EndFragment--><\/p>\n","protected":false},"excerpt":{"rendered":"<p>Les membres de l\u2019\u00e9quipe d\u2019engagement communautaire participeront \u00e0 un \u00e9v\u00e9nement en novembre. Merci d\u2019avance pour votre participation. Veuillez noter que les personnes participantes seront choisies d\u2019avance. Seules les personnes ayant soumis une candidature seront consid\u00e9r\u00e9es. Pour plus de renseignements, veuillez communiquer avec Kristina Comuzzi-Reader au 902-446-8493. Nous collaborerons avec l\u2019\u00e9quipe d\u2019engagement communautaire de Parkland pour&#8230; <a class=\"read_more\" title=\"Rejoignez l&rsquo;\u00e9quipe d&rsquo;engagement communautaire de Parkland\" href=\"https:\/\/experienceparkland.com\/fr\/bedfordsouth\/\">Read more<\/a><\/p>\n","protected":false},"author":51,"featured_media":0,"parent":0,"menu_order":0,"comment_status":"closed","ping_status":"closed","template":"page-contact.php","meta":{"_acf_changed":false,"footnotes":""},"class_list":["post-4002","page","type-page","status-publish","hentry"],"acf":[],"featured_image_src":null,"yoast_head":"<!-- This site is optimized with the Yoast SEO plugin v27.6 - https:\/\/yoast.com\/product\/yoast-seo-wordpress\/ -->\n<title>Rejoignez l&#039;\u00e9quipe d&#039;engagement communautaire de Parkland - Parkland Retirement Living<\/title>\n<meta name=\"robots\" content=\"index, follow, max-snippet:-1, max-image-preview:large, max-video-preview:-1\" \/>\n<link rel=\"canonical\" href=\"https:\/\/experienceparkland.com\/fr\/bedfordsouth\/\" \/>\n<meta property=\"og:locale\" content=\"fr_FR\" \/>\n<meta property=\"og:type\" content=\"article\" \/>\n<meta property=\"og:title\" content=\"Rejoignez l&#039;\u00e9quipe d&#039;engagement communautaire de Parkland - Parkland Retirement Living\" \/>\n<meta property=\"og:description\" content=\"Les membres de l\u2019\u00e9quipe d\u2019engagement communautaire participeront \u00e0 un \u00e9v\u00e9nement en novembre. Merci d\u2019avance pour votre participation. Veuillez noter que les personnes participantes seront choisies d\u2019avance. Seules les personnes ayant soumis une candidature seront consid\u00e9r\u00e9es. Pour plus de renseignements, veuillez communiquer avec Kristina Comuzzi-Reader au 902-446-8493. Nous collaborerons avec l\u2019\u00e9quipe d\u2019engagement communautaire de Parkland pour... Read more\" \/>\n<meta property=\"og:url\" content=\"https:\/\/experienceparkland.com\/fr\/bedfordsouth\/\" \/>\n<meta property=\"og:site_name\" content=\"Parkland Retirement Living\" \/>\n<meta property=\"article:modified_time\" content=\"2020-02-21T16:19:33+00:00\" \/>\n<meta property=\"og:image\" content=\"https:\/\/experienceparkland.com\/wp-content\/uploads\/2019\/10\/BedfordSouth_1.jpg\" \/>\n<meta name=\"twitter:card\" content=\"summary_large_image\" \/>\n<meta name=\"twitter:label1\" content=\"Est. reading time\" \/>\n\t<meta name=\"twitter:data1\" content=\"1 minute\" \/>\n<script type=\"application\/ld+json\" class=\"yoast-schema-graph\">{\"@context\":\"https:\\\/\\\/schema.org\",\"@graph\":[{\"@type\":\"WebPage\",\"@id\":\"https:\\\/\\\/experienceparkland.com\\\/fr\\\/bedfordsouth\\\/\",\"url\":\"https:\\\/\\\/experienceparkland.com\\\/fr\\\/bedfordsouth\\\/\",\"name\":\"Rejoignez l'\u00e9quipe d'engagement communautaire de Parkland - Parkland Retirement Living\",\"isPartOf\":{\"@id\":\"https:\\\/\\\/experienceparkland.com\\\/fr\\\/#website\"},\"primaryImageOfPage\":{\"@id\":\"https:\\\/\\\/experienceparkland.com\\\/fr\\\/bedfordsouth\\\/#primaryimage\"},\"image\":{\"@id\":\"https:\\\/\\\/experienceparkland.com\\\/fr\\\/bedfordsouth\\\/#primaryimage\"},\"thumbnailUrl\":\"https:\\\/\\\/experienceparkland.com\\\/wp-content\\\/uploads\\\/2019\\\/10\\\/BedfordSouth_1.jpg\",\"datePublished\":\"2020-02-21T16:19:32+00:00\",\"dateModified\":\"2020-02-21T16:19:33+00:00\",\"breadcrumb\":{\"@id\":\"https:\\\/\\\/experienceparkland.com\\\/fr\\\/bedfordsouth\\\/#breadcrumb\"},\"inLanguage\":\"fr-FR\",\"potentialAction\":[{\"@type\":\"ReadAction\",\"target\":[\"https:\\\/\\\/experienceparkland.com\\\/fr\\\/bedfordsouth\\\/\"]}]},{\"@type\":\"ImageObject\",\"inLanguage\":\"fr-FR\",\"@id\":\"https:\\\/\\\/experienceparkland.com\\\/fr\\\/bedfordsouth\\\/#primaryimage\",\"url\":\"https:\\\/\\\/experienceparkland.com\\\/wp-content\\\/uploads\\\/2019\\\/10\\\/BedfordSouth_1.jpg\",\"contentUrl\":\"https:\\\/\\\/experienceparkland.com\\\/wp-content\\\/uploads\\\/2019\\\/10\\\/BedfordSouth_1.jpg\"},{\"@type\":\"BreadcrumbList\",\"@id\":\"https:\\\/\\\/experienceparkland.com\\\/fr\\\/bedfordsouth\\\/#breadcrumb\",\"itemListElement\":[{\"@type\":\"ListItem\",\"position\":1,\"name\":\"Home\",\"item\":\"https:\\\/\\\/experienceparkland.com\\\/fr\\\/\"},{\"@type\":\"ListItem\",\"position\":2,\"name\":\"Rejoignez l&#8217;\u00e9quipe d&#8217;engagement communautaire de Parkland\"}]},{\"@type\":\"WebSite\",\"@id\":\"https:\\\/\\\/experienceparkland.com\\\/fr\\\/#website\",\"url\":\"https:\\\/\\\/experienceparkland.com\\\/fr\\\/\",\"name\":\"Parkland Retirement Living\",\"description\":\"\",\"potentialAction\":[{\"@type\":\"SearchAction\",\"target\":{\"@type\":\"EntryPoint\",\"urlTemplate\":\"https:\\\/\\\/experienceparkland.com\\\/fr\\\/?s={search_term_string}\"},\"query-input\":{\"@type\":\"PropertyValueSpecification\",\"valueRequired\":true,\"valueName\":\"search_term_string\"}}],\"inLanguage\":\"fr-FR\"}]}<\/script>\n<!-- \/ Yoast SEO plugin. -->","yoast_head_json":{"title":"Rejoignez l'\u00e9quipe d'engagement communautaire de Parkland - Parkland Retirement Living","robots":{"index":"index","follow":"follow","max-snippet":"max-snippet:-1","max-image-preview":"max-image-preview:large","max-video-preview":"max-video-preview:-1"},"canonical":"https:\/\/experienceparkland.com\/fr\/bedfordsouth\/","og_locale":"fr_FR","og_type":"article","og_title":"Rejoignez l'\u00e9quipe d'engagement communautaire de Parkland - Parkland Retirement Living","og_description":"Les membres de l\u2019\u00e9quipe d\u2019engagement communautaire participeront \u00e0 un \u00e9v\u00e9nement en novembre. Merci d\u2019avance pour votre participation. Veuillez noter que les personnes participantes seront choisies d\u2019avance. Seules les personnes ayant soumis une candidature seront consid\u00e9r\u00e9es. Pour plus de renseignements, veuillez communiquer avec Kristina Comuzzi-Reader au 902-446-8493. Nous collaborerons avec l\u2019\u00e9quipe d\u2019engagement communautaire de Parkland pour... Read more","og_url":"https:\/\/experienceparkland.com\/fr\/bedfordsouth\/","og_site_name":"Parkland Retirement Living","article_modified_time":"2020-02-21T16:19:33+00:00","og_image":[{"url":"https:\/\/experienceparkland.com\/wp-content\/uploads\/2019\/10\/BedfordSouth_1.jpg","type":"","width":"","height":""}],"twitter_card":"summary_large_image","twitter_misc":{"Est. reading time":"1 minute"},"schema":{"@context":"https:\/\/schema.org","@graph":[{"@type":"WebPage","@id":"https:\/\/experienceparkland.com\/fr\/bedfordsouth\/","url":"https:\/\/experienceparkland.com\/fr\/bedfordsouth\/","name":"Rejoignez l'\u00e9quipe d'engagement communautaire de Parkland - Parkland Retirement Living","isPartOf":{"@id":"https:\/\/experienceparkland.com\/fr\/#website"},"primaryImageOfPage":{"@id":"https:\/\/experienceparkland.com\/fr\/bedfordsouth\/#primaryimage"},"image":{"@id":"https:\/\/experienceparkland.com\/fr\/bedfordsouth\/#primaryimage"},"thumbnailUrl":"https:\/\/experienceparkland.com\/wp-content\/uploads\/2019\/10\/BedfordSouth_1.jpg","datePublished":"2020-02-21T16:19:32+00:00","dateModified":"2020-02-21T16:19:33+00:00","breadcrumb":{"@id":"https:\/\/experienceparkland.com\/fr\/bedfordsouth\/#breadcrumb"},"inLanguage":"fr-FR","potentialAction":[{"@type":"ReadAction","target":["https:\/\/experienceparkland.com\/fr\/bedfordsouth\/"]}]},{"@type":"ImageObject","inLanguage":"fr-FR","@id":"https:\/\/experienceparkland.com\/fr\/bedfordsouth\/#primaryimage","url":"https:\/\/experienceparkland.com\/wp-content\/uploads\/2019\/10\/BedfordSouth_1.jpg","contentUrl":"https:\/\/experienceparkland.com\/wp-content\/uploads\/2019\/10\/BedfordSouth_1.jpg"},{"@type":"BreadcrumbList","@id":"https:\/\/experienceparkland.com\/fr\/bedfordsouth\/#breadcrumb","itemListElement":[{"@type":"ListItem","position":1,"name":"Home","item":"https:\/\/experienceparkland.com\/fr\/"},{"@type":"ListItem","position":2,"name":"Rejoignez l&#8217;\u00e9quipe d&#8217;engagement communautaire de Parkland"}]},{"@type":"WebSite","@id":"https:\/\/experienceparkland.com\/fr\/#website","url":"https:\/\/experienceparkland.com\/fr\/","name":"Parkland Retirement Living","description":"","potentialAction":[{"@type":"SearchAction","target":{"@type":"EntryPoint","urlTemplate":"https:\/\/experienceparkland.com\/fr\/?s={search_term_string}"},"query-input":{"@type":"PropertyValueSpecification","valueRequired":true,"valueName":"search_term_string"}}],"inLanguage":"fr-FR"}]}},"_links":{"self":[{"href":"https:\/\/experienceparkland.com\/fr\/wp-json\/wp\/v2\/pages\/4002","targetHints":{"allow":["GET"]}}],"collection":[{"href":"https:\/\/experienceparkland.com\/fr\/wp-json\/wp\/v2\/pages"}],"about":[{"href":"https:\/\/experienceparkland.com\/fr\/wp-json\/wp\/v2\/types\/page"}],"author":[{"embeddable":true,"href":"https:\/\/experienceparkland.com\/fr\/wp-json\/wp\/v2\/users\/51"}],"replies":[{"embeddable":true,"href":"https:\/\/experienceparkland.com\/fr\/wp-json\/wp\/v2\/comments?post=4002"}],"version-history":[{"count":0,"href":"https:\/\/experienceparkland.com\/fr\/wp-json\/wp\/v2\/pages\/4002\/revisions"}],"wp:attachment":[{"href":"https:\/\/experienceparkland.com\/fr\/wp-json\/wp\/v2\/media?parent=4002"}],"curies":[{"name":"wp","href":"https:\/\/api.w.org\/{rel}","templated":true}]}}