{"id":3997,"date":"2020-02-21T11:00:21","date_gmt":"2020-02-21T16:00:21","guid":{"rendered":"https:\/\/experienceparkland.com\/health-and-wellness\/"},"modified":"2020-02-21T11:01:20","modified_gmt":"2020-02-21T16:01:20","slug":"health-and-wellness","status":"publish","type":"page","link":"https:\/\/experienceparkland.com\/fr\/health-and-wellness\/","title":{"rendered":"Sant\u00e9 et bien-\u00eatre"},"content":{"rendered":"\n<h3 class=\"wp-block-heading\">Programme de bien-\u00eatre Harmonie de Parkland<\/h3>\n\n<p>Chez Parkland, nous comprenons que le bien-\u00eatre joue un r\u00f4le cl\u00e9 pour aider les personnes r\u00e9sidentes \u00e0 vivre la vie \u00e0 son meilleur. La vie \u00e0 Parkland vous permettra de participer aux activit\u00e9s et aux programmes con\u00e7us pour vous stimuler esprit, corps et \u00e2me. Parkland vous offre bien plus qu\u2019un appartement, vous y trouverez une communaut\u00e9. Ici vous rirez avec les voisins, passerez des soir\u00e9es entre amis et, par-dessus tout, favorisez votre sant\u00e9 gr\u00e2ce aux activit\u00e9s et programmes adapt\u00e9s \u00e0 vos besoins pr\u00e9cis.<\/p>\n\n<figure class=\"wp-block-gallery columns-3 is-cropped aligncenter wp-block-gallery-1 is-layout-flex wp-block-gallery-is-layout-flex\"><ul class=\"blocks-gallery-grid\"><li class=\"blocks-gallery-item\"><figure><img loading=\"lazy\" decoding=\"async\" width=\"395\" height=\"263\" src=\"https:\/\/experienceparkland.com\/wp-content\/uploads\/2019\/05\/Seminar.jpg\" alt=\"\" data-id=\"2488\" data-link=\"https:\/\/experienceparkland.com\/?attachment_id=2488\" class=\"wp-image-2489\" srcset=\"https:\/\/experienceparkland.com\/wp-content\/uploads\/2019\/05\/Seminar.jpg 395w, https:\/\/experienceparkland.com\/wp-content\/uploads\/2019\/05\/Seminar-300x200.jpg 300w\" sizes=\"auto, (max-width: 395px) 100vw, 395px\" \/><figcaption class=\"blocks-gallery-item__caption\">S\u00e9minaires et s\u00e9ances d\u2019information<\/figcaption><\/figure><\/li><li class=\"blocks-gallery-item\"><figure><img loading=\"lazy\" decoding=\"async\" width=\"395\" height=\"263\" src=\"https:\/\/experienceparkland.com\/wp-content\/uploads\/2019\/05\/outing.jpg\" alt=\"\" data-id=\"2486\" data-link=\"https:\/\/experienceparkland.com\/?attachment_id=2486\" class=\"wp-image-2487\" srcset=\"https:\/\/experienceparkland.com\/wp-content\/uploads\/2019\/05\/outing.jpg 395w, https:\/\/experienceparkland.com\/wp-content\/uploads\/2019\/05\/outing-300x200.jpg 300w\" sizes=\"auto, (max-width: 395px) 100vw, 395px\" \/><figcaption class=\"blocks-gallery-item__caption\">Calendrier de sorties aux destinations voisines<\/figcaption><\/figure><\/li><li class=\"blocks-gallery-item\"><figure><img loading=\"lazy\" decoding=\"async\" width=\"395\" height=\"263\" src=\"https:\/\/experienceparkland.com\/wp-content\/uploads\/2019\/05\/FitnessClass.jpg\" alt=\"\" data-id=\"2484\" data-link=\"https:\/\/experienceparkland.com\/?attachment_id=2484\" class=\"wp-image-2485\" srcset=\"https:\/\/experienceparkland.com\/wp-content\/uploads\/2019\/05\/FitnessClass.jpg 395w, https:\/\/experienceparkland.com\/wp-content\/uploads\/2019\/05\/FitnessClass-300x200.jpg 300w\" sizes=\"auto, (max-width: 395px) 100vw, 395px\" \/><figcaption class=\"blocks-gallery-item__caption\">Calendrier de cours de conditionnement physique<\/figcaption><\/figure><\/li><\/ul><\/figure>\n<p>Chez Parkland, les personnes r\u00e9sidentes b\u00e9n\u00e9ficient des avantages suivants de notre programme de bien-\u00eatre Harmonie :<\/p>\n\n<ul class=\"wp-block-list\"><li>Calendrier d\u2019\u00e9v\u00e9nements et d\u2019activit\u00e9s sociales sur les lieux comme les spectacles, les 5 \u00e0 7, les cours de conditionnement physique, les s\u00e9minaires, les sorties et bien plus encore.<\/li><li>Nos conseillers en bien-\u00eatre professionnels travaillent directement avec les personnes r\u00e9sidentes pour comprendre leurs int\u00e9r\u00eats, leurs objectifs et leurs pr\u00e9f\u00e9rences en mati\u00e8re de bien-\u00eatre et d\u2019activit\u00e9s sociales.<\/li><li>Les personnes r\u00e9sidentes peuvent proposer leurs propres activit\u00e9s de bien-\u00eatre comme les groupes de lecture ou les r\u00e9unions ou s\u00e9minaires externes afin d\u2019encourager la participation de leurs nouvelles voisines et nouveaux voisins.<\/li><li>Les personnes r\u00e9sidentes sont invit\u00e9es \u00e0 utiliser le centre de conditionnement physique \u00e0 leur gr\u00e9 ou, si elles pr\u00e9f\u00e8rent, participer \u00e0 l\u2019un des nombreux cours de conditionnement physique d\u00e9j\u00e0 \u00e0 l\u2019horaire.<\/li><li>Il est \u00e9galement possible de r\u00e9server certaines aires communes pour tenir des \u00e9v\u00e9nements priv\u00e9s avec ses proches.<\/li><\/ul>\n<p><\/p>\n\n<p>Chez Parkland, nous sommes l\u00e0 pour vous aider \u00e0 vivre la vie \u00e0 son meilleur.<\/p>\n<iframe loading=\"lazy\" src=\"https:\/\/www.youtube.com\/embed\/COdtr67-Zqo?rel=0\" width=\"560\" height=\"315\" frameborder=\"0\" allowfullscreen=\"allowfullscreen\"><\/iframe>\n<p><span style=\"font-weight: 400;\">Cliquez ici pour voir un exemple de calendrier d\u2019activit\u00e9s.<\/span><\/p>\n\n<figure class=\"wp-block-image is-resized\"><img loading=\"lazy\" decoding=\"async\" src=\"https:\/\/experienceparkland.com\/wp-content\/uploads\/2019\/05\/Harmony-Logo-1024x410.png\" alt=\"\" class=\"wp-image-2565\" width=\"344\" height=\"138\" srcset=\"https:\/\/experienceparkland.com\/wp-content\/uploads\/2019\/05\/Harmony-Logo-1024x410.png 1024w, https:\/\/experienceparkland.com\/wp-content\/uploads\/2019\/05\/Harmony-Logo-300x120.png 300w, https:\/\/experienceparkland.com\/wp-content\/uploads\/2019\/05\/Harmony-Logo-768x307.png 768w, https:\/\/experienceparkland.com\/wp-content\/uploads\/2019\/05\/Harmony-Logo.png 1500w\" sizes=\"auto, (max-width: 344px) 100vw, 344px\" \/><\/figure>","protected":false},"excerpt":{"rendered":"<p>Programme de bien-\u00eatre Harmonie de Parkland Chez Parkland, nous comprenons que le bien-\u00eatre joue un r\u00f4le cl\u00e9 pour aider les personnes r\u00e9sidentes \u00e0 vivre la vie \u00e0 son meilleur. La vie \u00e0 Parkland vous permettra de participer aux activit\u00e9s et aux programmes con\u00e7us pour vous stimuler esprit, corps et \u00e2me. Parkland vous offre bien plus&#8230; <a class=\"read_more\" title=\"Sant\u00e9 et bien-\u00eatre\" href=\"https:\/\/experienceparkland.com\/fr\/health-and-wellness\/\">Read more<\/a><\/p>\n","protected":false},"author":51,"featured_media":0,"parent":0,"menu_order":0,"comment_status":"closed","ping_status":"closed","template":"page-getting-started.php","meta":{"_acf_changed":false,"footnotes":""},"class_list":["post-3997","page","type-page","status-publish","hentry"],"acf":[],"featured_image_src":null,"yoast_head":"<!-- This site is optimized with the Yoast SEO plugin v27.5 - https:\/\/yoast.com\/product\/yoast-seo-wordpress\/ -->\n<title>Sant\u00e9 et bien-\u00eatre - Parkland Retirement Living<\/title>\n<meta name=\"description\" content=\"Le programme exclusif de bien-\u00eatre Harmonie propose une programmation d\u2019activit\u00e9s physiques et sociales con\u00e7ue pour stimuler le corps, l\u2019\u00e2me et l\u2019esprit.\" \/>\n<meta name=\"robots\" content=\"index, follow, max-snippet:-1, max-image-preview:large, max-video-preview:-1\" \/>\n<link rel=\"canonical\" href=\"https:\/\/experienceparkland.com\/fr\/health-and-wellness\/\" \/>\n<meta property=\"og:locale\" content=\"fr_FR\" \/>\n<meta property=\"og:type\" content=\"article\" \/>\n<meta property=\"og:title\" content=\"Sant\u00e9 et bien-\u00eatre - Parkland Retirement Living\" \/>\n<meta property=\"og:description\" content=\"Le programme exclusif de bien-\u00eatre Harmonie propose une programmation d\u2019activit\u00e9s physiques et sociales con\u00e7ue pour stimuler le corps, l\u2019\u00e2me et l\u2019esprit.\" \/>\n<meta property=\"og:url\" content=\"https:\/\/experienceparkland.com\/fr\/health-and-wellness\/\" \/>\n<meta property=\"og:site_name\" content=\"Parkland Retirement Living\" \/>\n<meta property=\"article:modified_time\" content=\"2020-02-21T16:01:20+00:00\" \/>\n<meta property=\"og:image\" content=\"https:\/\/experienceparkland.com\/wp-content\/uploads\/2019\/05\/Seminar.jpg\" \/>\n<meta name=\"twitter:card\" content=\"summary_large_image\" \/>\n<meta name=\"twitter:label1\" content=\"Est. reading time\" \/>\n\t<meta name=\"twitter:data1\" content=\"2 minutes\" \/>\n<script type=\"application\/ld+json\" class=\"yoast-schema-graph\">{\"@context\":\"https:\\\/\\\/schema.org\",\"@graph\":[{\"@type\":\"WebPage\",\"@id\":\"https:\\\/\\\/experienceparkland.com\\\/fr\\\/health-and-wellness\\\/\",\"url\":\"https:\\\/\\\/experienceparkland.com\\\/fr\\\/health-and-wellness\\\/\",\"name\":\"Sant\u00e9 et bien-\u00eatre - Parkland Retirement Living\",\"isPartOf\":{\"@id\":\"https:\\\/\\\/experienceparkland.com\\\/fr\\\/#website\"},\"primaryImageOfPage\":{\"@id\":\"https:\\\/\\\/experienceparkland.com\\\/fr\\\/health-and-wellness\\\/#primaryimage\"},\"image\":{\"@id\":\"https:\\\/\\\/experienceparkland.com\\\/fr\\\/health-and-wellness\\\/#primaryimage\"},\"thumbnailUrl\":\"https:\\\/\\\/experienceparkland.com\\\/wp-content\\\/uploads\\\/2019\\\/05\\\/Seminar.jpg\",\"datePublished\":\"2020-02-21T16:00:21+00:00\",\"dateModified\":\"2020-02-21T16:01:20+00:00\",\"description\":\"Le programme exclusif de bien-\u00eatre Harmonie propose une programmation d\u2019activit\u00e9s physiques et sociales con\u00e7ue pour stimuler le corps, l\u2019\u00e2me et l\u2019esprit.\",\"breadcrumb\":{\"@id\":\"https:\\\/\\\/experienceparkland.com\\\/fr\\\/health-and-wellness\\\/#breadcrumb\"},\"inLanguage\":\"fr-FR\",\"potentialAction\":[{\"@type\":\"ReadAction\",\"target\":[\"https:\\\/\\\/experienceparkland.com\\\/fr\\\/health-and-wellness\\\/\"]}]},{\"@type\":\"ImageObject\",\"inLanguage\":\"fr-FR\",\"@id\":\"https:\\\/\\\/experienceparkland.com\\\/fr\\\/health-and-wellness\\\/#primaryimage\",\"url\":\"https:\\\/\\\/experienceparkland.com\\\/wp-content\\\/uploads\\\/2019\\\/05\\\/Seminar.jpg\",\"contentUrl\":\"https:\\\/\\\/experienceparkland.com\\\/wp-content\\\/uploads\\\/2019\\\/05\\\/Seminar.jpg\"},{\"@type\":\"BreadcrumbList\",\"@id\":\"https:\\\/\\\/experienceparkland.com\\\/fr\\\/health-and-wellness\\\/#breadcrumb\",\"itemListElement\":[{\"@type\":\"ListItem\",\"position\":1,\"name\":\"Home\",\"item\":\"https:\\\/\\\/experienceparkland.com\\\/fr\\\/\"},{\"@type\":\"ListItem\",\"position\":2,\"name\":\"Sant\u00e9 et bien-\u00eatre\"}]},{\"@type\":\"WebSite\",\"@id\":\"https:\\\/\\\/experienceparkland.com\\\/fr\\\/#website\",\"url\":\"https:\\\/\\\/experienceparkland.com\\\/fr\\\/\",\"name\":\"Parkland Retirement Living\",\"description\":\"\",\"potentialAction\":[{\"@type\":\"SearchAction\",\"target\":{\"@type\":\"EntryPoint\",\"urlTemplate\":\"https:\\\/\\\/experienceparkland.com\\\/fr\\\/?s={search_term_string}\"},\"query-input\":{\"@type\":\"PropertyValueSpecification\",\"valueRequired\":true,\"valueName\":\"search_term_string\"}}],\"inLanguage\":\"fr-FR\"}]}<\/script>\n<!-- \/ Yoast SEO plugin. -->","yoast_head_json":{"title":"Sant\u00e9 et bien-\u00eatre - Parkland Retirement Living","description":"Le programme exclusif de bien-\u00eatre Harmonie propose une programmation d\u2019activit\u00e9s physiques et sociales con\u00e7ue pour stimuler le corps, l\u2019\u00e2me et l\u2019esprit.","robots":{"index":"index","follow":"follow","max-snippet":"max-snippet:-1","max-image-preview":"max-image-preview:large","max-video-preview":"max-video-preview:-1"},"canonical":"https:\/\/experienceparkland.com\/fr\/health-and-wellness\/","og_locale":"fr_FR","og_type":"article","og_title":"Sant\u00e9 et bien-\u00eatre - Parkland Retirement Living","og_description":"Le programme exclusif de bien-\u00eatre Harmonie propose une programmation d\u2019activit\u00e9s physiques et sociales con\u00e7ue pour stimuler le corps, l\u2019\u00e2me et l\u2019esprit.","og_url":"https:\/\/experienceparkland.com\/fr\/health-and-wellness\/","og_site_name":"Parkland Retirement Living","article_modified_time":"2020-02-21T16:01:20+00:00","og_image":[{"url":"https:\/\/experienceparkland.com\/wp-content\/uploads\/2019\/05\/Seminar.jpg","type":"","width":"","height":""}],"twitter_card":"summary_large_image","twitter_misc":{"Est. reading time":"2 minutes"},"schema":{"@context":"https:\/\/schema.org","@graph":[{"@type":"WebPage","@id":"https:\/\/experienceparkland.com\/fr\/health-and-wellness\/","url":"https:\/\/experienceparkland.com\/fr\/health-and-wellness\/","name":"Sant\u00e9 et bien-\u00eatre - Parkland Retirement Living","isPartOf":{"@id":"https:\/\/experienceparkland.com\/fr\/#website"},"primaryImageOfPage":{"@id":"https:\/\/experienceparkland.com\/fr\/health-and-wellness\/#primaryimage"},"image":{"@id":"https:\/\/experienceparkland.com\/fr\/health-and-wellness\/#primaryimage"},"thumbnailUrl":"https:\/\/experienceparkland.com\/wp-content\/uploads\/2019\/05\/Seminar.jpg","datePublished":"2020-02-21T16:00:21+00:00","dateModified":"2020-02-21T16:01:20+00:00","description":"Le programme exclusif de bien-\u00eatre Harmonie propose une programmation d\u2019activit\u00e9s physiques et sociales con\u00e7ue pour stimuler le corps, l\u2019\u00e2me et l\u2019esprit.","breadcrumb":{"@id":"https:\/\/experienceparkland.com\/fr\/health-and-wellness\/#breadcrumb"},"inLanguage":"fr-FR","potentialAction":[{"@type":"ReadAction","target":["https:\/\/experienceparkland.com\/fr\/health-and-wellness\/"]}]},{"@type":"ImageObject","inLanguage":"fr-FR","@id":"https:\/\/experienceparkland.com\/fr\/health-and-wellness\/#primaryimage","url":"https:\/\/experienceparkland.com\/wp-content\/uploads\/2019\/05\/Seminar.jpg","contentUrl":"https:\/\/experienceparkland.com\/wp-content\/uploads\/2019\/05\/Seminar.jpg"},{"@type":"BreadcrumbList","@id":"https:\/\/experienceparkland.com\/fr\/health-and-wellness\/#breadcrumb","itemListElement":[{"@type":"ListItem","position":1,"name":"Home","item":"https:\/\/experienceparkland.com\/fr\/"},{"@type":"ListItem","position":2,"name":"Sant\u00e9 et bien-\u00eatre"}]},{"@type":"WebSite","@id":"https:\/\/experienceparkland.com\/fr\/#website","url":"https:\/\/experienceparkland.com\/fr\/","name":"Parkland Retirement Living","description":"","potentialAction":[{"@type":"SearchAction","target":{"@type":"EntryPoint","urlTemplate":"https:\/\/experienceparkland.com\/fr\/?s={search_term_string}"},"query-input":{"@type":"PropertyValueSpecification","valueRequired":true,"valueName":"search_term_string"}}],"inLanguage":"fr-FR"}]}},"_links":{"self":[{"href":"https:\/\/experienceparkland.com\/fr\/wp-json\/wp\/v2\/pages\/3997","targetHints":{"allow":["GET"]}}],"collection":[{"href":"https:\/\/experienceparkland.com\/fr\/wp-json\/wp\/v2\/pages"}],"about":[{"href":"https:\/\/experienceparkland.com\/fr\/wp-json\/wp\/v2\/types\/page"}],"author":[{"embeddable":true,"href":"https:\/\/experienceparkland.com\/fr\/wp-json\/wp\/v2\/users\/51"}],"replies":[{"embeddable":true,"href":"https:\/\/experienceparkland.com\/fr\/wp-json\/wp\/v2\/comments?post=3997"}],"version-history":[{"count":0,"href":"https:\/\/experienceparkland.com\/fr\/wp-json\/wp\/v2\/pages\/3997\/revisions"}],"wp:attachment":[{"href":"https:\/\/experienceparkland.com\/fr\/wp-json\/wp\/v2\/media?parent=3997"}],"curies":[{"name":"wp","href":"https:\/\/api.w.org\/{rel}","templated":true}]}}