{"id":3978,"date":"2020-02-21T10:43:01","date_gmt":"2020-02-21T15:43:01","guid":{"rendered":"https:\/\/experienceparkland.com\/caa\/"},"modified":"2020-02-21T10:43:01","modified_gmt":"2020-02-21T15:43:01","slug":"caa","status":"publish","type":"page","link":"https:\/\/experienceparkland.com\/fr\/caa\/","title":{"rendered":"OFFRE EXCLUSIVE : LES MEMBRES DE LA CAA \u00c9CONOMISENT 1000 $!*"},"content":{"rendered":"\n<figure class=\"wp-block-image is-resized\"><img loading=\"lazy\" decoding=\"async\" src=\"https:\/\/experienceparkland.com\/wp-content\/uploads\/2019\/05\/CAA-1.png\" alt=\"\" class=\"wp-image-2668\" width=\"195\" height=\"195\" srcset=\"https:\/\/experienceparkland.com\/wp-content\/uploads\/2019\/05\/CAA-1.png 195w, https:\/\/experienceparkland.com\/wp-content\/uploads\/2019\/05\/CAA-1-150x150.png 150w\" sizes=\"auto, (max-width: 195px) 100vw, 195px\" \/><\/figure>\n<p><p id=\"tw-target-text\" class=\"tw-data-text tw-text-large tw-ta\" dir=\"ltr\" data-placeholder=\"Translation\"><span lang=\"fr\">Les membres CAA qui signent un bail admissible ** avec Parkland Retirement Living ou le Faubourg du Mascaret recevront un rabais de 1 000 $ * sur leur contrat de location.<\/span><\/p><\/p>\n\n<p> Remplissez le formulaire ci-dessous et l&rsquo;un de nos consultants en mode de vie vous contactera pour planifier une visite personnalis\u00e9e et un d\u00e9jeuner, sur nous!<\/p>\n<p>[contact-form-7 id=\u00a0\u00bb2672&Prime; title=\u00a0\u00bbCAA Contact Form\u00a0\u00bb]<\/p>\n\n<p><span style=\"font-weight: 400;\">Vous n\u2019\u00eates pas membre de la CAA? <\/span><b>CLIQUEZ ICI<\/b><span style=\"font-weight: 400;\"> pour vous inscrire en ligne d\u00e8s aujourd\u2019hui.<\/span><\/p>\n\n<p><span style=\"font-weight: 400;\">*Cette offre d\u2019applique aux nouvelles ententes de location de r\u00e9sidence permanente dans un complexe Parkland Retirement Living en Nouvelle-\u00c9cosse ou au Nouveau-Brunswick conclues en date du 15 janvier 2019 ou plus tard. Pour \u00eatre admissible \u00e0 cette offre, la ou le locataire, ou un membre de sa famille imm\u00e9diate, doit avoir un num\u00e9ro de membre de la CAA en r\u00e8gle au moment de la signature de l\u2019entente de location. Cette offre s\u2019applique uniquement aux complexes Parkland Retirement Living en Nouvelle-\u00c9cosse et au Nouveau-Brunswick, selon les disponibilit\u00e9s dans les complexes en question. Cette offre ne s\u2019applique pas aux ententes de location avec Parkland Retirement Living pour les s\u00e9jours d\u2019hiver, de r\u00e9pit ou de courte dur\u00e9e, ni aux modifications apport\u00e9es aux options de service relatives aux ententes de location d\u00e9j\u00e0 en vigueur. Cette offre ne s\u2019applique pas aux ententes de location avec les complexes de soins de longue dur\u00e9e, les foyers de soins ou Care at Home.\u00a0 <\/span><\/p>\n\n<p><span style=\"font-weight: 400;\">*Cette offre est valide du 15 janvier 2019 au 14 janvier 2020 uniquement et peut \u00eatre utilis\u00e9e une seule fois. Cette offre ne peut pas \u00eatre jumel\u00e9e \u00e0 aucune autre offre de Parkland Retirement Living, dont les incitatifs d\u2019emm\u00e9nagement, les soldes, les promotions, les rabais ou toute autre offre.<\/span><\/p>\n","protected":false},"excerpt":{"rendered":"<p>Les membres CAA qui signent un bail admissible ** avec Parkland Retirement Living ou le Faubourg du Mascaret recevront un rabais de 1 000 $ * sur leur contrat de location. Remplissez le formulaire ci-dessous et l&rsquo;un de nos consultants en mode de vie vous contactera pour planifier une visite personnalis\u00e9e et un d\u00e9jeuner, sur&#8230; <a class=\"read_more\" title=\"OFFRE EXCLUSIVE : LES MEMBRES DE LA CAA \u00c9CONOMISENT 1000 $!*\" href=\"https:\/\/experienceparkland.com\/fr\/caa\/\">Read more<\/a><\/p>\n","protected":false},"author":51,"featured_media":0,"parent":0,"menu_order":0,"comment_status":"closed","ping_status":"closed","template":"page-contact.php","meta":{"_acf_changed":false,"footnotes":""},"class_list":["post-3978","page","type-page","status-publish","hentry"],"acf":[],"featured_image_src":null,"yoast_head":"<!-- This site is optimized with the Yoast SEO plugin v27.4 - https:\/\/yoast.com\/product\/yoast-seo-wordpress\/ -->\n<title>Parkland Retirement Living : Offre r\u00e9serv\u00e9e aux membres de la CAA.<\/title>\n<meta name=\"description\" content=\"Les membres de la CAA avec une carte CAA en r\u00e8gle b\u00e9n\u00e9ficient de rabais sp\u00e9ciaux dans nos communaut\u00e9s.\" \/>\n<meta name=\"robots\" content=\"index, follow, max-snippet:-1, max-image-preview:large, max-video-preview:-1\" \/>\n<link rel=\"canonical\" href=\"https:\/\/experienceparkland.com\/fr\/caa\/\" \/>\n<meta property=\"og:locale\" content=\"fr_FR\" \/>\n<meta property=\"og:type\" content=\"article\" \/>\n<meta property=\"og:title\" content=\"Parkland Retirement Living : Offre r\u00e9serv\u00e9e aux membres de la CAA.\" \/>\n<meta property=\"og:description\" content=\"Les membres de la CAA avec une carte CAA en r\u00e8gle b\u00e9n\u00e9ficient de rabais sp\u00e9ciaux dans nos communaut\u00e9s.\" \/>\n<meta property=\"og:url\" content=\"https:\/\/experienceparkland.com\/fr\/caa\/\" \/>\n<meta property=\"og:site_name\" content=\"Parkland Retirement Living\" \/>\n<meta property=\"og:image\" content=\"https:\/\/experienceparkland.com\/wp-content\/uploads\/2019\/05\/CAA-1.png\" \/>\n<meta name=\"twitter:card\" content=\"summary_large_image\" \/>\n<meta name=\"twitter:label1\" content=\"Est. reading time\" \/>\n\t<meta name=\"twitter:data1\" content=\"1 minute\" \/>\n<script type=\"application\/ld+json\" class=\"yoast-schema-graph\">{\"@context\":\"https:\\\/\\\/schema.org\",\"@graph\":[{\"@type\":\"WebPage\",\"@id\":\"https:\\\/\\\/experienceparkland.com\\\/fr\\\/caa\\\/\",\"url\":\"https:\\\/\\\/experienceparkland.com\\\/fr\\\/caa\\\/\",\"name\":\"Parkland Retirement Living : Offre r\u00e9serv\u00e9e aux membres de la CAA.\",\"isPartOf\":{\"@id\":\"https:\\\/\\\/experienceparkland.com\\\/fr\\\/#website\"},\"primaryImageOfPage\":{\"@id\":\"https:\\\/\\\/experienceparkland.com\\\/fr\\\/caa\\\/#primaryimage\"},\"image\":{\"@id\":\"https:\\\/\\\/experienceparkland.com\\\/fr\\\/caa\\\/#primaryimage\"},\"thumbnailUrl\":\"https:\\\/\\\/experienceparkland.com\\\/wp-content\\\/uploads\\\/2019\\\/05\\\/CAA-1.png\",\"datePublished\":\"2020-02-21T15:43:01+00:00\",\"description\":\"Les membres de la CAA avec une carte CAA en r\u00e8gle b\u00e9n\u00e9ficient de rabais sp\u00e9ciaux dans nos communaut\u00e9s.\",\"breadcrumb\":{\"@id\":\"https:\\\/\\\/experienceparkland.com\\\/fr\\\/caa\\\/#breadcrumb\"},\"inLanguage\":\"fr-FR\",\"potentialAction\":[{\"@type\":\"ReadAction\",\"target\":[\"https:\\\/\\\/experienceparkland.com\\\/fr\\\/caa\\\/\"]}]},{\"@type\":\"ImageObject\",\"inLanguage\":\"fr-FR\",\"@id\":\"https:\\\/\\\/experienceparkland.com\\\/fr\\\/caa\\\/#primaryimage\",\"url\":\"https:\\\/\\\/experienceparkland.com\\\/wp-content\\\/uploads\\\/2019\\\/05\\\/CAA-1.png\",\"contentUrl\":\"https:\\\/\\\/experienceparkland.com\\\/wp-content\\\/uploads\\\/2019\\\/05\\\/CAA-1.png\"},{\"@type\":\"BreadcrumbList\",\"@id\":\"https:\\\/\\\/experienceparkland.com\\\/fr\\\/caa\\\/#breadcrumb\",\"itemListElement\":[{\"@type\":\"ListItem\",\"position\":1,\"name\":\"Home\",\"item\":\"https:\\\/\\\/experienceparkland.com\\\/fr\\\/\"},{\"@type\":\"ListItem\",\"position\":2,\"name\":\"OFFRE EXCLUSIVE : LES MEMBRES DE LA CAA \u00c9CONOMISENT 1000 $!*\"}]},{\"@type\":\"WebSite\",\"@id\":\"https:\\\/\\\/experienceparkland.com\\\/fr\\\/#website\",\"url\":\"https:\\\/\\\/experienceparkland.com\\\/fr\\\/\",\"name\":\"Parkland Retirement Living\",\"description\":\"\",\"potentialAction\":[{\"@type\":\"SearchAction\",\"target\":{\"@type\":\"EntryPoint\",\"urlTemplate\":\"https:\\\/\\\/experienceparkland.com\\\/fr\\\/?s={search_term_string}\"},\"query-input\":{\"@type\":\"PropertyValueSpecification\",\"valueRequired\":true,\"valueName\":\"search_term_string\"}}],\"inLanguage\":\"fr-FR\"}]}<\/script>\n<!-- \/ Yoast SEO plugin. -->","yoast_head_json":{"title":"Parkland Retirement Living : Offre r\u00e9serv\u00e9e aux membres de la CAA.","description":"Les membres de la CAA avec une carte CAA en r\u00e8gle b\u00e9n\u00e9ficient de rabais sp\u00e9ciaux dans nos communaut\u00e9s.","robots":{"index":"index","follow":"follow","max-snippet":"max-snippet:-1","max-image-preview":"max-image-preview:large","max-video-preview":"max-video-preview:-1"},"canonical":"https:\/\/experienceparkland.com\/fr\/caa\/","og_locale":"fr_FR","og_type":"article","og_title":"Parkland Retirement Living : Offre r\u00e9serv\u00e9e aux membres de la CAA.","og_description":"Les membres de la CAA avec une carte CAA en r\u00e8gle b\u00e9n\u00e9ficient de rabais sp\u00e9ciaux dans nos communaut\u00e9s.","og_url":"https:\/\/experienceparkland.com\/fr\/caa\/","og_site_name":"Parkland Retirement Living","og_image":[{"url":"https:\/\/experienceparkland.com\/wp-content\/uploads\/2019\/05\/CAA-1.png","type":"","width":"","height":""}],"twitter_card":"summary_large_image","twitter_misc":{"Est. reading time":"1 minute"},"schema":{"@context":"https:\/\/schema.org","@graph":[{"@type":"WebPage","@id":"https:\/\/experienceparkland.com\/fr\/caa\/","url":"https:\/\/experienceparkland.com\/fr\/caa\/","name":"Parkland Retirement Living : Offre r\u00e9serv\u00e9e aux membres de la CAA.","isPartOf":{"@id":"https:\/\/experienceparkland.com\/fr\/#website"},"primaryImageOfPage":{"@id":"https:\/\/experienceparkland.com\/fr\/caa\/#primaryimage"},"image":{"@id":"https:\/\/experienceparkland.com\/fr\/caa\/#primaryimage"},"thumbnailUrl":"https:\/\/experienceparkland.com\/wp-content\/uploads\/2019\/05\/CAA-1.png","datePublished":"2020-02-21T15:43:01+00:00","description":"Les membres de la CAA avec une carte CAA en r\u00e8gle b\u00e9n\u00e9ficient de rabais sp\u00e9ciaux dans nos communaut\u00e9s.","breadcrumb":{"@id":"https:\/\/experienceparkland.com\/fr\/caa\/#breadcrumb"},"inLanguage":"fr-FR","potentialAction":[{"@type":"ReadAction","target":["https:\/\/experienceparkland.com\/fr\/caa\/"]}]},{"@type":"ImageObject","inLanguage":"fr-FR","@id":"https:\/\/experienceparkland.com\/fr\/caa\/#primaryimage","url":"https:\/\/experienceparkland.com\/wp-content\/uploads\/2019\/05\/CAA-1.png","contentUrl":"https:\/\/experienceparkland.com\/wp-content\/uploads\/2019\/05\/CAA-1.png"},{"@type":"BreadcrumbList","@id":"https:\/\/experienceparkland.com\/fr\/caa\/#breadcrumb","itemListElement":[{"@type":"ListItem","position":1,"name":"Home","item":"https:\/\/experienceparkland.com\/fr\/"},{"@type":"ListItem","position":2,"name":"OFFRE EXCLUSIVE : LES MEMBRES DE LA CAA \u00c9CONOMISENT 1000 $!*"}]},{"@type":"WebSite","@id":"https:\/\/experienceparkland.com\/fr\/#website","url":"https:\/\/experienceparkland.com\/fr\/","name":"Parkland Retirement Living","description":"","potentialAction":[{"@type":"SearchAction","target":{"@type":"EntryPoint","urlTemplate":"https:\/\/experienceparkland.com\/fr\/?s={search_term_string}"},"query-input":{"@type":"PropertyValueSpecification","valueRequired":true,"valueName":"search_term_string"}}],"inLanguage":"fr-FR"}]}},"_links":{"self":[{"href":"https:\/\/experienceparkland.com\/fr\/wp-json\/wp\/v2\/pages\/3978","targetHints":{"allow":["GET"]}}],"collection":[{"href":"https:\/\/experienceparkland.com\/fr\/wp-json\/wp\/v2\/pages"}],"about":[{"href":"https:\/\/experienceparkland.com\/fr\/wp-json\/wp\/v2\/types\/page"}],"author":[{"embeddable":true,"href":"https:\/\/experienceparkland.com\/fr\/wp-json\/wp\/v2\/users\/51"}],"replies":[{"embeddable":true,"href":"https:\/\/experienceparkland.com\/fr\/wp-json\/wp\/v2\/comments?post=3978"}],"version-history":[{"count":0,"href":"https:\/\/experienceparkland.com\/fr\/wp-json\/wp\/v2\/pages\/3978\/revisions"}],"wp:attachment":[{"href":"https:\/\/experienceparkland.com\/fr\/wp-json\/wp\/v2\/media?parent=3978"}],"curies":[{"name":"wp","href":"https:\/\/api.w.org\/{rel}","templated":true}]}}