{"id":3976,"date":"2020-02-21T10:41:01","date_gmt":"2020-02-21T15:41:01","guid":{"rendered":"https:\/\/experienceparkland.com\/winterstays\/"},"modified":"2020-02-21T10:41:01","modified_gmt":"2020-02-21T15:41:01","slug":"winterstays","status":"publish","type":"page","link":"https:\/\/experienceparkland.com\/fr\/winterstays\/","title":{"rendered":"D\u00e9couvrez les s\u00e9jours d&rsquo;hiver \u00e0 Parkland"},"content":{"rendered":"\n<p>Lib\u00e9rez-vous des petits ennuis d\u2019hiver et profitez d\u2019un appartement priv\u00e9 enti\u00e8rement \u00e9quip\u00e9 situ\u00e9 dans une communaut\u00e9 con\u00e7ue pour la vie agr\u00e9able et sans soucis.<\/p>\n\n<div class=\"wp-block-button\"><a class=\"wp-block-button__link has-text-color has-very-dark-gray-color has-background\" href=\"https:\/\/experienceparkland.com\/fr\/contact\/\" style=\"background-color:#deb23a\">Communiquez avec nous d\u00e8s aujourd\u2019hui pour vous y inscrire.<\/a><\/div>\n\n<div class=\"wp-block-image\"><figure class=\"alignright\"><img loading=\"lazy\" decoding=\"async\" width=\"395\" height=\"263\" src=\"https:\/\/experienceparkland.com\/wp-content\/uploads\/2019\/08\/WinterStay.jpg\" alt=\"\" class=\"wp-image-3002\" srcset=\"https:\/\/experienceparkland.com\/wp-content\/uploads\/2019\/08\/WinterStay.jpg 395w, https:\/\/experienceparkland.com\/wp-content\/uploads\/2019\/08\/WinterStay-300x200.jpg 300w\" sizes=\"auto, (max-width: 395px) 100vw, 395px\" \/><\/figure><\/div>\n\n<ul class=\"wp-block-list\"><li>Vivez l\u2019accueil chaleureux de notre personnel professionnel disponible 24 heures par jour et la s\u00e9curit\u00e9 du syst\u00e8me d\u2019intervention d\u2019urgence 24 heures.<\/li><li>Repas chauds et savoureux fra\u00eechement pr\u00e9par\u00e9s tous les jours et servis dans notre magnifique salle \u00e0 manger. <\/li><li>D\u00e9cidez du niveau d\u2019activit\u00e9 qui vous convient. Notre \u00e9quipe de bien-\u00eatre veille \u00e0 ce que les calendriers d\u2019activit\u00e9s soient bien remplis tout l\u2019hiver. Que vous pr\u00e9f\u00e9riez \u00e9couter un film entre amis dans la salle de cin\u00e9ma, fr\u00e9quenter un club de bridge ou de jardinage ou encore rencontrer de nouvelles personnes dans un 5 \u00e0 7, \u00e0 vous de d\u00e9cider comment structurer votre journ\u00e9e.<\/li><li>Acc\u00e9dez \u00e0 une vari\u00e9t\u00e9 de commodit\u00e9s sur les lieux, dont un spa, une salle de jeux, un centre d\u2019entra\u00eenement physique et bien plus encore. <\/li><li>En cas de panne d\u2019\u00e9lectricit\u00e9, les g\u00e9n\u00e9ratrices alimentent le complexe au complet.<\/li><li>Fini les soucis de transport, le pelletage de neige et le d\u00e9neigement. Notre chauffeur se fera un plaisir de vous transporter aux activit\u00e9s et aux rendez-vous.   <\/li><li>Ne vous souciez plus du co\u00fbt croissant des services publics. Tout est inclus dans seule facture mensuelle (chauffage, eau chaude et \u00e9lectricit\u00e9\/hydro). <\/li><li>Choisissez parmi une s\u00e9lection de types d\u2019appartement meubl\u00e9s ou non : studio, une chambre \u00e0 coucher ou deux chambres \u00e0 coucher*.<\/li><\/ul>\n<p><\/p>\n\n<h3 class=\"wp-block-heading\">Venez pour un s\u00e9jour d\u2019hiver et votre premi\u00e8re semaine est GRATUITE. <\/h3>\n\n<p><\/p>\n\n<p><em>* Selon les disponibilit\u00e9s. Certaines modalit\u00e9s s\u2019appliquent. Pour plus de renseignements, communiquez avec la conseill\u00e8re en mode de vie dans la communaut\u00e9 le plus pr\u00e8s de chez vous.<\/em><\/p>\n\n<p><em>**Des modalit\u00e9s d\u2019appliquent. S\u00e9jour d\u2019un minimum de trois semaines. Offre valable du 1<sup>er<\/sup> septembre 2019 au 31 janvier 2020.<\/em><\/p>\n","protected":false},"excerpt":{"rendered":"<p>Lib\u00e9rez-vous des petits ennuis d\u2019hiver et profitez d\u2019un appartement priv\u00e9 enti\u00e8rement \u00e9quip\u00e9 situ\u00e9 dans une communaut\u00e9 con\u00e7ue pour la vie agr\u00e9able et sans soucis. Vivez l\u2019accueil chaleureux de notre personnel professionnel disponible 24 heures par jour et la s\u00e9curit\u00e9 du syst\u00e8me d\u2019intervention d\u2019urgence 24 heures. Repas chauds et savoureux fra\u00eechement pr\u00e9par\u00e9s tous les jours et&#8230; <a class=\"read_more\" title=\"D\u00e9couvrez les s\u00e9jours d&rsquo;hiver \u00e0 Parkland\" href=\"https:\/\/experienceparkland.com\/fr\/winterstays\/\">Read more<\/a><\/p>\n","protected":false},"author":51,"featured_media":0,"parent":0,"menu_order":0,"comment_status":"closed","ping_status":"closed","template":"page-getting-started.php","meta":{"_acf_changed":false,"footnotes":""},"class_list":["post-3976","page","type-page","status-publish","hentry"],"acf":[],"featured_image_src":null,"yoast_head":"<!-- This site is optimized with the Yoast SEO plugin v27.4 - https:\/\/yoast.com\/product\/yoast-seo-wordpress\/ -->\n<title>D\u00e9couvrez les s\u00e9jours d&#039;hiver \u00e0 Parkland - Parkland Retirement Living<\/title>\n<meta name=\"description\" content=\"Parkland propose des s\u00e9jours d\u2019hiver. En savoir plus sur la vie de retraite et comment \u00e9changer les petits ennuis d\u2019hiver pour un magnifique appartement et la vie sans soucis.\" \/>\n<meta name=\"robots\" content=\"index, follow, max-snippet:-1, max-image-preview:large, max-video-preview:-1\" \/>\n<link rel=\"canonical\" href=\"https:\/\/experienceparkland.com\/fr\/winterstays\/\" \/>\n<meta property=\"og:locale\" content=\"fr_FR\" \/>\n<meta property=\"og:type\" content=\"article\" \/>\n<meta property=\"og:title\" content=\"D\u00e9couvrez les s\u00e9jours d&#039;hiver \u00e0 Parkland - Parkland Retirement Living\" \/>\n<meta property=\"og:description\" content=\"Parkland propose des s\u00e9jours d\u2019hiver. En savoir plus sur la vie de retraite et comment \u00e9changer les petits ennuis d\u2019hiver pour un magnifique appartement et la vie sans soucis.\" \/>\n<meta property=\"og:url\" content=\"https:\/\/experienceparkland.com\/fr\/winterstays\/\" \/>\n<meta property=\"og:site_name\" content=\"Parkland Retirement Living\" \/>\n<meta property=\"og:image\" content=\"https:\/\/experienceparkland.com\/wp-content\/uploads\/2019\/08\/WinterStay.jpg\" \/>\n<meta name=\"twitter:card\" content=\"summary_large_image\" \/>\n<meta name=\"twitter:label1\" content=\"Est. reading time\" \/>\n\t<meta name=\"twitter:data1\" content=\"2 minutes\" \/>\n<script type=\"application\/ld+json\" class=\"yoast-schema-graph\">{\"@context\":\"https:\\\/\\\/schema.org\",\"@graph\":[{\"@type\":\"WebPage\",\"@id\":\"https:\\\/\\\/experienceparkland.com\\\/fr\\\/winterstays\\\/\",\"url\":\"https:\\\/\\\/experienceparkland.com\\\/fr\\\/winterstays\\\/\",\"name\":\"D\u00e9couvrez les s\u00e9jours d'hiver \u00e0 Parkland - Parkland Retirement Living\",\"isPartOf\":{\"@id\":\"https:\\\/\\\/experienceparkland.com\\\/fr\\\/#website\"},\"primaryImageOfPage\":{\"@id\":\"https:\\\/\\\/experienceparkland.com\\\/fr\\\/winterstays\\\/#primaryimage\"},\"image\":{\"@id\":\"https:\\\/\\\/experienceparkland.com\\\/fr\\\/winterstays\\\/#primaryimage\"},\"thumbnailUrl\":\"https:\\\/\\\/experienceparkland.com\\\/wp-content\\\/uploads\\\/2019\\\/08\\\/WinterStay.jpg\",\"datePublished\":\"2020-02-21T15:41:01+00:00\",\"description\":\"Parkland propose des s\u00e9jours d\u2019hiver. En savoir plus sur la vie de retraite et comment \u00e9changer les petits ennuis d\u2019hiver pour un magnifique appartement et la vie sans soucis.\",\"breadcrumb\":{\"@id\":\"https:\\\/\\\/experienceparkland.com\\\/fr\\\/winterstays\\\/#breadcrumb\"},\"inLanguage\":\"fr-FR\",\"potentialAction\":[{\"@type\":\"ReadAction\",\"target\":[\"https:\\\/\\\/experienceparkland.com\\\/fr\\\/winterstays\\\/\"]}]},{\"@type\":\"ImageObject\",\"inLanguage\":\"fr-FR\",\"@id\":\"https:\\\/\\\/experienceparkland.com\\\/fr\\\/winterstays\\\/#primaryimage\",\"url\":\"https:\\\/\\\/experienceparkland.com\\\/wp-content\\\/uploads\\\/2019\\\/08\\\/WinterStay.jpg\",\"contentUrl\":\"https:\\\/\\\/experienceparkland.com\\\/wp-content\\\/uploads\\\/2019\\\/08\\\/WinterStay.jpg\"},{\"@type\":\"BreadcrumbList\",\"@id\":\"https:\\\/\\\/experienceparkland.com\\\/fr\\\/winterstays\\\/#breadcrumb\",\"itemListElement\":[{\"@type\":\"ListItem\",\"position\":1,\"name\":\"Home\",\"item\":\"https:\\\/\\\/experienceparkland.com\\\/fr\\\/\"},{\"@type\":\"ListItem\",\"position\":2,\"name\":\"D\u00e9couvrez les s\u00e9jours d&#8217;hiver \u00e0 Parkland\"}]},{\"@type\":\"WebSite\",\"@id\":\"https:\\\/\\\/experienceparkland.com\\\/fr\\\/#website\",\"url\":\"https:\\\/\\\/experienceparkland.com\\\/fr\\\/\",\"name\":\"Parkland Retirement Living\",\"description\":\"\",\"potentialAction\":[{\"@type\":\"SearchAction\",\"target\":{\"@type\":\"EntryPoint\",\"urlTemplate\":\"https:\\\/\\\/experienceparkland.com\\\/fr\\\/?s={search_term_string}\"},\"query-input\":{\"@type\":\"PropertyValueSpecification\",\"valueRequired\":true,\"valueName\":\"search_term_string\"}}],\"inLanguage\":\"fr-FR\"}]}<\/script>\n<!-- \/ Yoast SEO plugin. -->","yoast_head_json":{"title":"D\u00e9couvrez les s\u00e9jours d'hiver \u00e0 Parkland - Parkland Retirement Living","description":"Parkland propose des s\u00e9jours d\u2019hiver. En savoir plus sur la vie de retraite et comment \u00e9changer les petits ennuis d\u2019hiver pour un magnifique appartement et la vie sans soucis.","robots":{"index":"index","follow":"follow","max-snippet":"max-snippet:-1","max-image-preview":"max-image-preview:large","max-video-preview":"max-video-preview:-1"},"canonical":"https:\/\/experienceparkland.com\/fr\/winterstays\/","og_locale":"fr_FR","og_type":"article","og_title":"D\u00e9couvrez les s\u00e9jours d'hiver \u00e0 Parkland - Parkland Retirement Living","og_description":"Parkland propose des s\u00e9jours d\u2019hiver. En savoir plus sur la vie de retraite et comment \u00e9changer les petits ennuis d\u2019hiver pour un magnifique appartement et la vie sans soucis.","og_url":"https:\/\/experienceparkland.com\/fr\/winterstays\/","og_site_name":"Parkland Retirement Living","og_image":[{"url":"https:\/\/experienceparkland.com\/wp-content\/uploads\/2019\/08\/WinterStay.jpg","type":"","width":"","height":""}],"twitter_card":"summary_large_image","twitter_misc":{"Est. reading time":"2 minutes"},"schema":{"@context":"https:\/\/schema.org","@graph":[{"@type":"WebPage","@id":"https:\/\/experienceparkland.com\/fr\/winterstays\/","url":"https:\/\/experienceparkland.com\/fr\/winterstays\/","name":"D\u00e9couvrez les s\u00e9jours d'hiver \u00e0 Parkland - Parkland Retirement Living","isPartOf":{"@id":"https:\/\/experienceparkland.com\/fr\/#website"},"primaryImageOfPage":{"@id":"https:\/\/experienceparkland.com\/fr\/winterstays\/#primaryimage"},"image":{"@id":"https:\/\/experienceparkland.com\/fr\/winterstays\/#primaryimage"},"thumbnailUrl":"https:\/\/experienceparkland.com\/wp-content\/uploads\/2019\/08\/WinterStay.jpg","datePublished":"2020-02-21T15:41:01+00:00","description":"Parkland propose des s\u00e9jours d\u2019hiver. En savoir plus sur la vie de retraite et comment \u00e9changer les petits ennuis d\u2019hiver pour un magnifique appartement et la vie sans soucis.","breadcrumb":{"@id":"https:\/\/experienceparkland.com\/fr\/winterstays\/#breadcrumb"},"inLanguage":"fr-FR","potentialAction":[{"@type":"ReadAction","target":["https:\/\/experienceparkland.com\/fr\/winterstays\/"]}]},{"@type":"ImageObject","inLanguage":"fr-FR","@id":"https:\/\/experienceparkland.com\/fr\/winterstays\/#primaryimage","url":"https:\/\/experienceparkland.com\/wp-content\/uploads\/2019\/08\/WinterStay.jpg","contentUrl":"https:\/\/experienceparkland.com\/wp-content\/uploads\/2019\/08\/WinterStay.jpg"},{"@type":"BreadcrumbList","@id":"https:\/\/experienceparkland.com\/fr\/winterstays\/#breadcrumb","itemListElement":[{"@type":"ListItem","position":1,"name":"Home","item":"https:\/\/experienceparkland.com\/fr\/"},{"@type":"ListItem","position":2,"name":"D\u00e9couvrez les s\u00e9jours d&#8217;hiver \u00e0 Parkland"}]},{"@type":"WebSite","@id":"https:\/\/experienceparkland.com\/fr\/#website","url":"https:\/\/experienceparkland.com\/fr\/","name":"Parkland Retirement Living","description":"","potentialAction":[{"@type":"SearchAction","target":{"@type":"EntryPoint","urlTemplate":"https:\/\/experienceparkland.com\/fr\/?s={search_term_string}"},"query-input":{"@type":"PropertyValueSpecification","valueRequired":true,"valueName":"search_term_string"}}],"inLanguage":"fr-FR"}]}},"_links":{"self":[{"href":"https:\/\/experienceparkland.com\/fr\/wp-json\/wp\/v2\/pages\/3976","targetHints":{"allow":["GET"]}}],"collection":[{"href":"https:\/\/experienceparkland.com\/fr\/wp-json\/wp\/v2\/pages"}],"about":[{"href":"https:\/\/experienceparkland.com\/fr\/wp-json\/wp\/v2\/types\/page"}],"author":[{"embeddable":true,"href":"https:\/\/experienceparkland.com\/fr\/wp-json\/wp\/v2\/users\/51"}],"replies":[{"embeddable":true,"href":"https:\/\/experienceparkland.com\/fr\/wp-json\/wp\/v2\/comments?post=3976"}],"version-history":[{"count":0,"href":"https:\/\/experienceparkland.com\/fr\/wp-json\/wp\/v2\/pages\/3976\/revisions"}],"wp:attachment":[{"href":"https:\/\/experienceparkland.com\/fr\/wp-json\/wp\/v2\/media?parent=3976"}],"curies":[{"name":"wp","href":"https:\/\/api.w.org\/{rel}","templated":true}]}}