{"id":3971,"date":"2020-02-21T10:33:24","date_gmt":"2020-02-21T15:33:24","guid":{"rendered":"https:\/\/experienceparkland.com\/discover-the-flavours-of-parkland\/"},"modified":"2020-08-19T13:40:31","modified_gmt":"2020-08-19T17:40:31","slug":"discover-the-flavours-of-parkland","status":"publish","type":"page","link":"https:\/\/experienceparkland.com\/fr\/discover-the-flavours-of-parkland\/","title":{"rendered":"D\u00e9couvrez les saveurs de Parkland"},"content":{"rendered":"\n<p>Dining at Parkland is a social occasion <\/p>\n\n<div class=\"wp-block-image\"><figure class=\"alignright is-resized\"><img loading=\"lazy\" decoding=\"async\" src=\"https:\/\/experienceparkland.com\/wp-content\/uploads\/2019\/05\/@RILEYSMITHPHOTO-05835-1024x683.jpg\" alt=\"\" class=\"wp-image-3974\" width=\"395\" height=\"263\" srcset=\"https:\/\/experienceparkland.com\/wp-content\/uploads\/2019\/05\/@RILEYSMITHPHOTO-05835-1024x683.jpg 1024w, https:\/\/experienceparkland.com\/wp-content\/uploads\/2019\/05\/@RILEYSMITHPHOTO-05835-300x200.jpg 300w, https:\/\/experienceparkland.com\/wp-content\/uploads\/2019\/05\/@RILEYSMITHPHOTO-05835-768x512.jpg 768w\" sizes=\"auto, (max-width: 395px) 100vw, 395px\" \/><\/figure><\/div>\n\n<ul class=\"wp-block-list\"><li>Vivez l\u2019exp\u00e9rience de repas gastronomiques \u00e0 trois services offerts dans nos restaurants \u00e9l\u00e9gants sur les lieux<\/li><li>Chez Parkland, les repas sont des occasions sp\u00e9ciales. \u00c0 vous de d\u00e9cider si vous voulez prendre vos repas avec de nouveaux amis ou avec vos proches, qui sont toujours les bienvenus<\/li><li>Le ma\u00eetre d\u2019h\u00f4tel vous accueillera \u00e0 chaque repas pour vous accompagner \u00e0 la table de votre choix.<\/li><li> La salle \u00e0 manger priv\u00e9e est \u00e9galement disponible pour les occasions sp\u00e9ciales et les c\u00e9l\u00e9brations. Notre chef de cuisine se fera un plaisir de vous pr\u00e9parer quelque chose de d\u00e9licieux.<\/li><\/ul>\n<p><\/p>\n\n<p>R\u00e9galez-vous tous les jours de repas exceptionnels. <\/p>\n\n<ul class=\"wp-block-list\"><li>Nos chefs pr\u00e9parent tous les repas sur les lieux avec des ingr\u00e9dients locaux.<\/li><li>Vous n\u2019aimez pas la coriandre? Aucun probl\u00e8me! Chez Parkland, les chefs de cuisine se font un plaisir de personnaliser vos repas selon vos pr\u00e9f\u00e9rences. <\/li><li>Gr\u00e2ce aux menus d\u2019inspiration saisonni\u00e8re et toujours changeants, vous aurez toujours quelque chose de nouveau dans votre assiette.<\/li><li>Les personnes r\u00e9sidentes sont invit\u00e9es \u00e0 participer aux r\u00e9unions mensuelles et offrir leurs perspectives sur les repas qu\u2019elles aimeraient voir dans le menu.  <\/li><\/ul>\n<div style=\"height:28px\" aria-hidden=\"true\" class=\"wp-block-spacer\"><\/div>\n<iframe loading=\"lazy\" src=\" https:\/\/www.youtube.com\/embed\/lrmjQnlEmvQ?rel=0\" width=\"560\" height=\"315\" frameborder=\"0\" allowfullscreen=\"allowfullscreen\"><\/iframe>\n<p><\/p>\n\n<p><strong><a href=\"https:\/\/experienceparkland.com\/wp-content\/uploads\/2019\/07\/Sample_Menu_2019_WEB.pdf\" target=\"_blank\" rel=\"noreferrer noopener\" aria-label=\"Check out our sample menu (opens in a new tab)\">Voir un exemple de notre menu<\/a><\/strong><\/p>\n\n<h2 class=\"wp-block-heading\">Recettes vedettes \u00e0 essayer<\/h2>\n\n<p><\/p>\n","protected":false},"excerpt":{"rendered":"<p>Dining at Parkland is a social occasion Vivez l\u2019exp\u00e9rience de repas gastronomiques \u00e0 trois services offerts dans nos restaurants \u00e9l\u00e9gants sur les lieux Chez Parkland, les repas sont des occasions sp\u00e9ciales. \u00c0 vous de d\u00e9cider si vous voulez prendre vos repas avec de nouveaux amis ou avec vos proches, qui sont toujours les bienvenus Le&#8230; <a class=\"read_more\" title=\"D\u00e9couvrez les saveurs de Parkland\" href=\"https:\/\/experienceparkland.com\/fr\/discover-the-flavours-of-parkland\/\">Read more<\/a><\/p>\n","protected":false},"author":51,"featured_media":10018,"parent":0,"menu_order":0,"comment_status":"closed","ping_status":"closed","template":"page-getting-started.php","meta":{"_acf_changed":false,"footnotes":""},"class_list":["post-3971","page","type-page","status-publish","has-post-thumbnail","hentry"],"acf":[],"featured_image_src":"https:\/\/experienceparkland.com\/wp-content\/uploads\/2022\/08\/2.jpg","yoast_head":"<!-- This site is optimized with the Yoast SEO plugin v27.3 - https:\/\/yoast.com\/product\/yoast-seo-wordpress\/ -->\n<title>Services culinaires et menus | Communaut\u00e9 de retraite Parkland<\/title>\n<meta name=\"description\" content=\"D\u00e9couvrez les saveurs de Parkland, o\u00f9 nous servons des repas exceptionnels tous les jours. R\u00e9servez votre d\u00eener gratuit d\u00e8s aujourd\u2019hui!\" \/>\n<meta name=\"robots\" content=\"index, follow, max-snippet:-1, max-image-preview:large, max-video-preview:-1\" \/>\n<link rel=\"canonical\" href=\"https:\/\/experienceparkland.com\/fr\/discover-the-flavours-of-parkland\/\" \/>\n<meta property=\"og:locale\" content=\"fr_FR\" \/>\n<meta property=\"og:type\" content=\"article\" \/>\n<meta property=\"og:title\" content=\"Services culinaires et menus | Communaut\u00e9 de retraite Parkland\" \/>\n<meta property=\"og:description\" content=\"D\u00e9couvrez les saveurs de Parkland, o\u00f9 nous servons des repas exceptionnels tous les jours. R\u00e9servez votre d\u00eener gratuit d\u00e8s aujourd\u2019hui!\" \/>\n<meta property=\"og:url\" content=\"https:\/\/experienceparkland.com\/fr\/discover-the-flavours-of-parkland\/\" \/>\n<meta property=\"og:site_name\" content=\"Parkland Retirement Living\" \/>\n<meta property=\"article:modified_time\" content=\"2020-08-19T17:40:31+00:00\" \/>\n<meta property=\"og:image\" content=\"https:\/\/experienceparkland.com\/wp-content\/uploads\/2022\/08\/2.jpg\" \/>\n\t<meta property=\"og:image:width\" content=\"560\" \/>\n\t<meta property=\"og:image:height\" content=\"315\" \/>\n\t<meta property=\"og:image:type\" content=\"image\/jpeg\" \/>\n<meta name=\"twitter:card\" content=\"summary_large_image\" \/>\n<meta name=\"twitter:label1\" content=\"Est. reading time\" \/>\n\t<meta name=\"twitter:data1\" content=\"1 minute\" \/>\n<script type=\"application\/ld+json\" class=\"yoast-schema-graph\">{\"@context\":\"https:\\\/\\\/schema.org\",\"@graph\":[{\"@type\":\"WebPage\",\"@id\":\"https:\\\/\\\/experienceparkland.com\\\/fr\\\/discover-the-flavours-of-parkland\\\/\",\"url\":\"https:\\\/\\\/experienceparkland.com\\\/fr\\\/discover-the-flavours-of-parkland\\\/\",\"name\":\"Services culinaires et menus | Communaut\u00e9 de retraite Parkland\",\"isPartOf\":{\"@id\":\"https:\\\/\\\/experienceparkland.com\\\/fr\\\/#website\"},\"primaryImageOfPage\":{\"@id\":\"https:\\\/\\\/experienceparkland.com\\\/fr\\\/discover-the-flavours-of-parkland\\\/#primaryimage\"},\"image\":{\"@id\":\"https:\\\/\\\/experienceparkland.com\\\/fr\\\/discover-the-flavours-of-parkland\\\/#primaryimage\"},\"thumbnailUrl\":\"https:\\\/\\\/experienceparkland.com\\\/wp-content\\\/uploads\\\/2022\\\/08\\\/2.jpg\",\"datePublished\":\"2020-02-21T15:33:24+00:00\",\"dateModified\":\"2020-08-19T17:40:31+00:00\",\"description\":\"D\u00e9couvrez les saveurs de Parkland, o\u00f9 nous servons des repas exceptionnels tous les jours. R\u00e9servez votre d\u00eener gratuit d\u00e8s aujourd\u2019hui!\",\"breadcrumb\":{\"@id\":\"https:\\\/\\\/experienceparkland.com\\\/fr\\\/discover-the-flavours-of-parkland\\\/#breadcrumb\"},\"inLanguage\":\"fr-FR\",\"potentialAction\":[{\"@type\":\"ReadAction\",\"target\":[\"https:\\\/\\\/experienceparkland.com\\\/fr\\\/discover-the-flavours-of-parkland\\\/\"]}]},{\"@type\":\"ImageObject\",\"inLanguage\":\"fr-FR\",\"@id\":\"https:\\\/\\\/experienceparkland.com\\\/fr\\\/discover-the-flavours-of-parkland\\\/#primaryimage\",\"url\":\"https:\\\/\\\/experienceparkland.com\\\/wp-content\\\/uploads\\\/2022\\\/08\\\/2.jpg\",\"contentUrl\":\"https:\\\/\\\/experienceparkland.com\\\/wp-content\\\/uploads\\\/2022\\\/08\\\/2.jpg\",\"width\":560,\"height\":315},{\"@type\":\"BreadcrumbList\",\"@id\":\"https:\\\/\\\/experienceparkland.com\\\/fr\\\/discover-the-flavours-of-parkland\\\/#breadcrumb\",\"itemListElement\":[{\"@type\":\"ListItem\",\"position\":1,\"name\":\"Home\",\"item\":\"https:\\\/\\\/experienceparkland.com\\\/fr\\\/\"},{\"@type\":\"ListItem\",\"position\":2,\"name\":\"D\u00e9couvrez les saveurs de Parkland\"}]},{\"@type\":\"WebSite\",\"@id\":\"https:\\\/\\\/experienceparkland.com\\\/fr\\\/#website\",\"url\":\"https:\\\/\\\/experienceparkland.com\\\/fr\\\/\",\"name\":\"Parkland Retirement Living\",\"description\":\"\",\"potentialAction\":[{\"@type\":\"SearchAction\",\"target\":{\"@type\":\"EntryPoint\",\"urlTemplate\":\"https:\\\/\\\/experienceparkland.com\\\/fr\\\/?s={search_term_string}\"},\"query-input\":{\"@type\":\"PropertyValueSpecification\",\"valueRequired\":true,\"valueName\":\"search_term_string\"}}],\"inLanguage\":\"fr-FR\"}]}<\/script>\n<!-- \/ Yoast SEO plugin. -->","yoast_head_json":{"title":"Services culinaires et menus | Communaut\u00e9 de retraite Parkland","description":"D\u00e9couvrez les saveurs de Parkland, o\u00f9 nous servons des repas exceptionnels tous les jours. R\u00e9servez votre d\u00eener gratuit d\u00e8s aujourd\u2019hui!","robots":{"index":"index","follow":"follow","max-snippet":"max-snippet:-1","max-image-preview":"max-image-preview:large","max-video-preview":"max-video-preview:-1"},"canonical":"https:\/\/experienceparkland.com\/fr\/discover-the-flavours-of-parkland\/","og_locale":"fr_FR","og_type":"article","og_title":"Services culinaires et menus | Communaut\u00e9 de retraite Parkland","og_description":"D\u00e9couvrez les saveurs de Parkland, o\u00f9 nous servons des repas exceptionnels tous les jours. R\u00e9servez votre d\u00eener gratuit d\u00e8s aujourd\u2019hui!","og_url":"https:\/\/experienceparkland.com\/fr\/discover-the-flavours-of-parkland\/","og_site_name":"Parkland Retirement Living","article_modified_time":"2020-08-19T17:40:31+00:00","og_image":[{"width":560,"height":315,"url":"https:\/\/experienceparkland.com\/wp-content\/uploads\/2022\/08\/2.jpg","type":"image\/jpeg"}],"twitter_card":"summary_large_image","twitter_misc":{"Est. reading time":"1 minute"},"schema":{"@context":"https:\/\/schema.org","@graph":[{"@type":"WebPage","@id":"https:\/\/experienceparkland.com\/fr\/discover-the-flavours-of-parkland\/","url":"https:\/\/experienceparkland.com\/fr\/discover-the-flavours-of-parkland\/","name":"Services culinaires et menus | Communaut\u00e9 de retraite Parkland","isPartOf":{"@id":"https:\/\/experienceparkland.com\/fr\/#website"},"primaryImageOfPage":{"@id":"https:\/\/experienceparkland.com\/fr\/discover-the-flavours-of-parkland\/#primaryimage"},"image":{"@id":"https:\/\/experienceparkland.com\/fr\/discover-the-flavours-of-parkland\/#primaryimage"},"thumbnailUrl":"https:\/\/experienceparkland.com\/wp-content\/uploads\/2022\/08\/2.jpg","datePublished":"2020-02-21T15:33:24+00:00","dateModified":"2020-08-19T17:40:31+00:00","description":"D\u00e9couvrez les saveurs de Parkland, o\u00f9 nous servons des repas exceptionnels tous les jours. R\u00e9servez votre d\u00eener gratuit d\u00e8s aujourd\u2019hui!","breadcrumb":{"@id":"https:\/\/experienceparkland.com\/fr\/discover-the-flavours-of-parkland\/#breadcrumb"},"inLanguage":"fr-FR","potentialAction":[{"@type":"ReadAction","target":["https:\/\/experienceparkland.com\/fr\/discover-the-flavours-of-parkland\/"]}]},{"@type":"ImageObject","inLanguage":"fr-FR","@id":"https:\/\/experienceparkland.com\/fr\/discover-the-flavours-of-parkland\/#primaryimage","url":"https:\/\/experienceparkland.com\/wp-content\/uploads\/2022\/08\/2.jpg","contentUrl":"https:\/\/experienceparkland.com\/wp-content\/uploads\/2022\/08\/2.jpg","width":560,"height":315},{"@type":"BreadcrumbList","@id":"https:\/\/experienceparkland.com\/fr\/discover-the-flavours-of-parkland\/#breadcrumb","itemListElement":[{"@type":"ListItem","position":1,"name":"Home","item":"https:\/\/experienceparkland.com\/fr\/"},{"@type":"ListItem","position":2,"name":"D\u00e9couvrez les saveurs de Parkland"}]},{"@type":"WebSite","@id":"https:\/\/experienceparkland.com\/fr\/#website","url":"https:\/\/experienceparkland.com\/fr\/","name":"Parkland Retirement Living","description":"","potentialAction":[{"@type":"SearchAction","target":{"@type":"EntryPoint","urlTemplate":"https:\/\/experienceparkland.com\/fr\/?s={search_term_string}"},"query-input":{"@type":"PropertyValueSpecification","valueRequired":true,"valueName":"search_term_string"}}],"inLanguage":"fr-FR"}]}},"_links":{"self":[{"href":"https:\/\/experienceparkland.com\/fr\/wp-json\/wp\/v2\/pages\/3971","targetHints":{"allow":["GET"]}}],"collection":[{"href":"https:\/\/experienceparkland.com\/fr\/wp-json\/wp\/v2\/pages"}],"about":[{"href":"https:\/\/experienceparkland.com\/fr\/wp-json\/wp\/v2\/types\/page"}],"author":[{"embeddable":true,"href":"https:\/\/experienceparkland.com\/fr\/wp-json\/wp\/v2\/users\/51"}],"replies":[{"embeddable":true,"href":"https:\/\/experienceparkland.com\/fr\/wp-json\/wp\/v2\/comments?post=3971"}],"version-history":[{"count":0,"href":"https:\/\/experienceparkland.com\/fr\/wp-json\/wp\/v2\/pages\/3971\/revisions"}],"wp:featuredmedia":[{"embeddable":true,"href":"https:\/\/experienceparkland.com\/fr\/wp-json\/wp\/v2\/media\/10018"}],"wp:attachment":[{"href":"https:\/\/experienceparkland.com\/fr\/wp-json\/wp\/v2\/media?parent=3971"}],"curies":[{"name":"wp","href":"https:\/\/api.w.org\/{rel}","templated":true}]}}