{"id":3967,"date":"2020-02-21T10:26:47","date_gmt":"2020-02-21T15:26:47","guid":{"rendered":"https:\/\/experienceparkland.com\/new-builds\/"},"modified":"2021-11-16T12:06:41","modified_gmt":"2021-11-16T17:06:41","slug":"new-builds","status":"publish","type":"page","link":"https:\/\/experienceparkland.com\/fr\/new-builds\/","title":{"rendered":"\u00c0 venir bient\u00f4t \u2013 de nouvelles communaut\u00e9s!"},"content":{"rendered":"\n<p><span style=\"font-weight: 400;\">D\u00e9couvrez nos nouvelles communaut\u00e9s Parkland! Tenez-vous \u00e0 jour sur tout ce qui se passe chez Parkland en nous suivant sur Facebook.&nbsp; <\/span><\/p>\n\n\n\n<div class=\"wp-block-columns has-2-columns is-layout-flex wp-container-core-columns-is-layout-9d6595d7 wp-block-columns-is-layout-flex\">\n<div class=\"wp-block-column is-layout-flow wp-block-column-is-layout-flow\"><\/div>\n\n\n\n<div class=\"wp-block-column is-layout-flow wp-block-column-is-layout-flow\"><\/div>\n<\/div>\n\n\n\n<div style=\"height:42px\" aria-hidden=\"true\" class=\"wp-block-spacer\"><\/div>\n\n\n\n<h2 class=\"wp-block-heading\">Parkland on Eglinton West<\/h2>\n\n\n\n<div class=\"wp-block-columns has-2-columns is-layout-flex wp-container-core-columns-is-layout-9d6595d7 wp-block-columns-is-layout-flex\">\n<div class=\"wp-block-column is-layout-flow wp-block-column-is-layout-flow\">\n<figure class=\"wp-block-image\"><img loading=\"lazy\" decoding=\"async\" width=\"550\" height=\"422\" src=\"https:\/\/experienceparkland.com\/wp-content\/uploads\/2019\/05\/POEW.jpg\" alt=\"\" class=\"wp-image-2044\" srcset=\"https:\/\/experienceparkland.com\/wp-content\/uploads\/2019\/05\/POEW.jpg 550w, https:\/\/experienceparkland.com\/wp-content\/uploads\/2019\/05\/POEW-300x230.jpg 300w\" sizes=\"auto, (max-width: 550px) 100vw, 550px\" \/><figcaption>Parkland on Eglinton West<\/figcaption><\/figure>\n<\/div>\n\n\n\n<div class=\"wp-block-column is-layout-flow wp-block-column-is-layout-flow\">\n<p><em>Etobicoke, Ontario\nOuverture \u00e9t\u00e9 2020<\/em><\/p>\n\n\n\n<p><span style=\"font-weight: 400;\">Chez Parkland on Eglinton West, il est tellement simple de trouver le temps de poursuivre vos passions. Situ\u00e9 pr\u00e8s de parcs locaux, de sentiers p\u00e9destres et de l\u2019a\u00e9roport, non seulement votre magnifique appartement est-il bien localis\u00e9, nous offrons \u00e9galement des services de chauffeur et de valet qui vous permettent de profiter pleinement de la communaut\u00e9 environnante. Ou, si vous pr\u00e9f\u00e9rez, profitez du spa sur place, jasez avec vos nouveaux amis dans le lounge, r\u00e9galez-vous dans un de nos trois restaurants, suivez un cours de conditionnement physique ou allez nager dans notre piscine chauff\u00e9e. Pour vivre la vie \u00e0 son meilleur, ne cherchez pas plus loin que Parkland on Eglinton West.<\/span><\/p>\n\n\n\n<p><a href=\"https:\/\/experienceparkland.com\/fr\/locations\/parkland-on-eglinton-west\/\"><span style=\"font-weight: 400;\">Cliquez ici pour en savoir plus.<\/span><\/a><span style=\"font-weight: 400;\">&nbsp; <\/span><\/p>\n\n\n\n<p><\/p>\n<\/div>\n<\/div>\n\n\n\n<h2 class=\"wp-block-heading\"><strong>Parkland Ajax<\/strong><\/h2>\n\n\n\n<div class=\"wp-block-columns has-2-columns is-layout-flex wp-container-core-columns-is-layout-9d6595d7 wp-block-columns-is-layout-flex\">\n<div class=\"wp-block-column is-layout-flow wp-block-column-is-layout-flow\">\n<figure class=\"wp-block-image size-large\"><img loading=\"lazy\" decoding=\"async\" width=\"664\" height=\"496\" src=\"https:\/\/experienceparkland.com\/wp-content\/uploads\/2020\/02\/ajax.png\" alt=\"\" class=\"wp-image-3931\" srcset=\"https:\/\/experienceparkland.com\/wp-content\/uploads\/2020\/02\/ajax.png 664w, https:\/\/experienceparkland.com\/wp-content\/uploads\/2020\/02\/ajax-300x224.png 300w\" sizes=\"auto, (max-width: 664px) 100vw, 664px\" \/><figcaption>Parkland Ajax<\/figcaption><\/figure>\n<\/div>\n\n\n\n<div class=\"wp-block-column is-layout-flow wp-block-column-is-layout-flow\">\n<p><em>Durham, Ontario<\/em> <em>\u00e0 venir 2024<\/em><\/p>\n\n\n\n<p><p id=\"tw-target-text\" class=\"tw-data-text tw-text-large tw-ta\" dir=\"ltr\" data-placeholder=\"Translation\"><em><span lang=\"fr\">Parkland Ajax propose un h\u00e9bergement haut de gamme dans une r\u00e9sidence offrant tout ce dont les a\u00een\u00e9s ont besoin pour un mode de vie actif et sans souci. Plusieurs salles \u00e0 manger, salles d&rsquo;activit\u00e9s et de jeux, une piscine d&rsquo;eau sal\u00e9e chauff\u00e9e, un spa relaxant et un centre de remise en forme ont tous \u00e9t\u00e9 con\u00e7us pour que vous puissiez vivre votre meilleure vie. Si vous avez choisi d&rsquo;explorer, notre chauffeur se fera un plaisir de vous accompagner.<\/span><\/em><\/p><\/p>\n\n\n\n<p><a href=\"https:\/\/experienceparkland.com\/fr\/locations\/parkland-ajax\/\">Cliquez ici pour en savior plus.<\/a><\/p>\n\n\n\n<p><\/p>\n<\/div>\n<\/div>\n\n\n\n<hr class=\"wp-block-separator\"\/>\n\n\n\n<div style=\"height:42px\" aria-hidden=\"true\" class=\"wp-block-spacer\"><\/div>\n\n\n\n<p>Parkland Lifestyle Residences: Quinpool Road &#8211; <a href=\"\/?page_id=4021\"><strong>Learn more here<\/strong><\/a><\/p>\n\n\n\n<pre class=\"wp-block-preformatted\"><\/pre>\n\n\n\n<p><\/p>\n","protected":false},"excerpt":{"rendered":"<p>D\u00e9couvrez nos nouvelles communaut\u00e9s Parkland! Tenez-vous \u00e0 jour sur tout ce qui se passe chez Parkland en nous suivant sur Facebook.&nbsp; Parkland on Eglinton West Etobicoke, Ontario Ouverture \u00e9t\u00e9 2020 Chez Parkland on Eglinton West, il est tellement simple de trouver le temps de poursuivre vos passions. Situ\u00e9 pr\u00e8s de parcs locaux, de sentiers p\u00e9destres&#8230; <a class=\"read_more\" title=\"\u00c0 venir bient\u00f4t \u2013 de nouvelles communaut\u00e9s!\" href=\"https:\/\/experienceparkland.com\/fr\/new-builds\/\">Read more<\/a><\/p>\n","protected":false},"author":51,"featured_media":6050,"parent":0,"menu_order":0,"comment_status":"closed","ping_status":"closed","template":"","meta":{"_acf_changed":false,"footnotes":""},"class_list":["post-3967","page","type-page","status-publish","has-post-thumbnail","hentry"],"acf":[],"featured_image_src":"https:\/\/experienceparkland.com\/wp-content\/uploads\/2021\/03\/Common_550x422.jpg","yoast_head":"<!-- This site is optimized with the Yoast SEO plugin v27.4 - https:\/\/yoast.com\/product\/yoast-seo-wordpress\/ -->\n<title>\u00c0 venir bient\u00f4t \u2013 de nouvelles communaut\u00e9s! - Parkland Retirement Living<\/title>\n<meta name=\"description\" content=\"Vous voulez en savoir plus sur la vie \u00e0 Parkland? D\u00e9couvrez nos nouveaux emplacements \u00e0 venir bient\u00f4t!\" \/>\n<meta name=\"robots\" content=\"index, follow, max-snippet:-1, max-image-preview:large, max-video-preview:-1\" \/>\n<link rel=\"canonical\" href=\"https:\/\/experienceparkland.com\/fr\/new-builds\/\" \/>\n<meta property=\"og:locale\" content=\"fr_FR\" \/>\n<meta property=\"og:type\" content=\"article\" \/>\n<meta property=\"og:title\" content=\"\u00c0 venir bient\u00f4t \u2013 de nouvelles communaut\u00e9s! - Parkland Retirement Living\" \/>\n<meta property=\"og:description\" content=\"Vous voulez en savoir plus sur la vie \u00e0 Parkland? D\u00e9couvrez nos nouveaux emplacements \u00e0 venir bient\u00f4t!\" \/>\n<meta property=\"og:url\" content=\"https:\/\/experienceparkland.com\/fr\/new-builds\/\" \/>\n<meta property=\"og:site_name\" content=\"Parkland Retirement Living\" \/>\n<meta property=\"article:modified_time\" content=\"2021-11-16T17:06:41+00:00\" \/>\n<meta property=\"og:image\" content=\"https:\/\/experienceparkland.com\/wp-content\/uploads\/2021\/03\/Common_550x422.jpg\" \/>\n\t<meta property=\"og:image:width\" content=\"550\" \/>\n\t<meta property=\"og:image:height\" content=\"422\" \/>\n\t<meta property=\"og:image:type\" content=\"image\/jpeg\" \/>\n<meta name=\"twitter:card\" content=\"summary_large_image\" \/>\n<meta name=\"twitter:label1\" content=\"Est. reading time\" \/>\n\t<meta name=\"twitter:data1\" content=\"1 minute\" \/>\n<script type=\"application\/ld+json\" class=\"yoast-schema-graph\">{\"@context\":\"https:\\\/\\\/schema.org\",\"@graph\":[{\"@type\":\"WebPage\",\"@id\":\"https:\\\/\\\/experienceparkland.com\\\/fr\\\/new-builds\\\/\",\"url\":\"https:\\\/\\\/experienceparkland.com\\\/fr\\\/new-builds\\\/\",\"name\":\"\u00c0 venir bient\u00f4t \u2013 de nouvelles communaut\u00e9s! - Parkland Retirement Living\",\"isPartOf\":{\"@id\":\"https:\\\/\\\/experienceparkland.com\\\/fr\\\/#website\"},\"primaryImageOfPage\":{\"@id\":\"https:\\\/\\\/experienceparkland.com\\\/fr\\\/new-builds\\\/#primaryimage\"},\"image\":{\"@id\":\"https:\\\/\\\/experienceparkland.com\\\/fr\\\/new-builds\\\/#primaryimage\"},\"thumbnailUrl\":\"https:\\\/\\\/experienceparkland.com\\\/wp-content\\\/uploads\\\/2021\\\/03\\\/Common_550x422.jpg\",\"datePublished\":\"2020-02-21T15:26:47+00:00\",\"dateModified\":\"2021-11-16T17:06:41+00:00\",\"description\":\"Vous voulez en savoir plus sur la vie \u00e0 Parkland? D\u00e9couvrez nos nouveaux emplacements \u00e0 venir bient\u00f4t!\",\"breadcrumb\":{\"@id\":\"https:\\\/\\\/experienceparkland.com\\\/fr\\\/new-builds\\\/#breadcrumb\"},\"inLanguage\":\"fr-FR\",\"potentialAction\":[{\"@type\":\"ReadAction\",\"target\":[\"https:\\\/\\\/experienceparkland.com\\\/fr\\\/new-builds\\\/\"]}]},{\"@type\":\"ImageObject\",\"inLanguage\":\"fr-FR\",\"@id\":\"https:\\\/\\\/experienceparkland.com\\\/fr\\\/new-builds\\\/#primaryimage\",\"url\":\"https:\\\/\\\/experienceparkland.com\\\/wp-content\\\/uploads\\\/2021\\\/03\\\/Common_550x422.jpg\",\"contentUrl\":\"https:\\\/\\\/experienceparkland.com\\\/wp-content\\\/uploads\\\/2021\\\/03\\\/Common_550x422.jpg\",\"width\":550,\"height\":422,\"caption\":\"Parkland at the Common\"},{\"@type\":\"BreadcrumbList\",\"@id\":\"https:\\\/\\\/experienceparkland.com\\\/fr\\\/new-builds\\\/#breadcrumb\",\"itemListElement\":[{\"@type\":\"ListItem\",\"position\":1,\"name\":\"Home\",\"item\":\"https:\\\/\\\/experienceparkland.com\\\/fr\\\/\"},{\"@type\":\"ListItem\",\"position\":2,\"name\":\"\u00c0 venir bient\u00f4t \u2013 de nouvelles communaut\u00e9s!\"}]},{\"@type\":\"WebSite\",\"@id\":\"https:\\\/\\\/experienceparkland.com\\\/fr\\\/#website\",\"url\":\"https:\\\/\\\/experienceparkland.com\\\/fr\\\/\",\"name\":\"Parkland Retirement Living\",\"description\":\"\",\"potentialAction\":[{\"@type\":\"SearchAction\",\"target\":{\"@type\":\"EntryPoint\",\"urlTemplate\":\"https:\\\/\\\/experienceparkland.com\\\/fr\\\/?s={search_term_string}\"},\"query-input\":{\"@type\":\"PropertyValueSpecification\",\"valueRequired\":true,\"valueName\":\"search_term_string\"}}],\"inLanguage\":\"fr-FR\"}]}<\/script>\n<!-- \/ Yoast SEO plugin. -->","yoast_head_json":{"title":"\u00c0 venir bient\u00f4t \u2013 de nouvelles communaut\u00e9s! - Parkland Retirement Living","description":"Vous voulez en savoir plus sur la vie \u00e0 Parkland? D\u00e9couvrez nos nouveaux emplacements \u00e0 venir bient\u00f4t!","robots":{"index":"index","follow":"follow","max-snippet":"max-snippet:-1","max-image-preview":"max-image-preview:large","max-video-preview":"max-video-preview:-1"},"canonical":"https:\/\/experienceparkland.com\/fr\/new-builds\/","og_locale":"fr_FR","og_type":"article","og_title":"\u00c0 venir bient\u00f4t \u2013 de nouvelles communaut\u00e9s! - Parkland Retirement Living","og_description":"Vous voulez en savoir plus sur la vie \u00e0 Parkland? D\u00e9couvrez nos nouveaux emplacements \u00e0 venir bient\u00f4t!","og_url":"https:\/\/experienceparkland.com\/fr\/new-builds\/","og_site_name":"Parkland Retirement Living","article_modified_time":"2021-11-16T17:06:41+00:00","og_image":[{"width":550,"height":422,"url":"https:\/\/experienceparkland.com\/wp-content\/uploads\/2021\/03\/Common_550x422.jpg","type":"image\/jpeg"}],"twitter_card":"summary_large_image","twitter_misc":{"Est. reading time":"1 minute"},"schema":{"@context":"https:\/\/schema.org","@graph":[{"@type":"WebPage","@id":"https:\/\/experienceparkland.com\/fr\/new-builds\/","url":"https:\/\/experienceparkland.com\/fr\/new-builds\/","name":"\u00c0 venir bient\u00f4t \u2013 de nouvelles communaut\u00e9s! - Parkland Retirement Living","isPartOf":{"@id":"https:\/\/experienceparkland.com\/fr\/#website"},"primaryImageOfPage":{"@id":"https:\/\/experienceparkland.com\/fr\/new-builds\/#primaryimage"},"image":{"@id":"https:\/\/experienceparkland.com\/fr\/new-builds\/#primaryimage"},"thumbnailUrl":"https:\/\/experienceparkland.com\/wp-content\/uploads\/2021\/03\/Common_550x422.jpg","datePublished":"2020-02-21T15:26:47+00:00","dateModified":"2021-11-16T17:06:41+00:00","description":"Vous voulez en savoir plus sur la vie \u00e0 Parkland? D\u00e9couvrez nos nouveaux emplacements \u00e0 venir bient\u00f4t!","breadcrumb":{"@id":"https:\/\/experienceparkland.com\/fr\/new-builds\/#breadcrumb"},"inLanguage":"fr-FR","potentialAction":[{"@type":"ReadAction","target":["https:\/\/experienceparkland.com\/fr\/new-builds\/"]}]},{"@type":"ImageObject","inLanguage":"fr-FR","@id":"https:\/\/experienceparkland.com\/fr\/new-builds\/#primaryimage","url":"https:\/\/experienceparkland.com\/wp-content\/uploads\/2021\/03\/Common_550x422.jpg","contentUrl":"https:\/\/experienceparkland.com\/wp-content\/uploads\/2021\/03\/Common_550x422.jpg","width":550,"height":422,"caption":"Parkland at the Common"},{"@type":"BreadcrumbList","@id":"https:\/\/experienceparkland.com\/fr\/new-builds\/#breadcrumb","itemListElement":[{"@type":"ListItem","position":1,"name":"Home","item":"https:\/\/experienceparkland.com\/fr\/"},{"@type":"ListItem","position":2,"name":"\u00c0 venir bient\u00f4t \u2013 de nouvelles communaut\u00e9s!"}]},{"@type":"WebSite","@id":"https:\/\/experienceparkland.com\/fr\/#website","url":"https:\/\/experienceparkland.com\/fr\/","name":"Parkland Retirement Living","description":"","potentialAction":[{"@type":"SearchAction","target":{"@type":"EntryPoint","urlTemplate":"https:\/\/experienceparkland.com\/fr\/?s={search_term_string}"},"query-input":{"@type":"PropertyValueSpecification","valueRequired":true,"valueName":"search_term_string"}}],"inLanguage":"fr-FR"}]}},"_links":{"self":[{"href":"https:\/\/experienceparkland.com\/fr\/wp-json\/wp\/v2\/pages\/3967","targetHints":{"allow":["GET"]}}],"collection":[{"href":"https:\/\/experienceparkland.com\/fr\/wp-json\/wp\/v2\/pages"}],"about":[{"href":"https:\/\/experienceparkland.com\/fr\/wp-json\/wp\/v2\/types\/page"}],"author":[{"embeddable":true,"href":"https:\/\/experienceparkland.com\/fr\/wp-json\/wp\/v2\/users\/51"}],"replies":[{"embeddable":true,"href":"https:\/\/experienceparkland.com\/fr\/wp-json\/wp\/v2\/comments?post=3967"}],"version-history":[{"count":0,"href":"https:\/\/experienceparkland.com\/fr\/wp-json\/wp\/v2\/pages\/3967\/revisions"}],"wp:featuredmedia":[{"embeddable":true,"href":"https:\/\/experienceparkland.com\/fr\/wp-json\/wp\/v2\/media\/6050"}],"wp:attachment":[{"href":"https:\/\/experienceparkland.com\/fr\/wp-json\/wp\/v2\/media?parent=3967"}],"curies":[{"name":"wp","href":"https:\/\/api.w.org\/{rel}","templated":true}]}}