{"id":3890,"date":"2020-02-04T11:38:47","date_gmt":"2020-02-04T16:38:47","guid":{"rendered":"https:\/\/experienceparkland.com\/suites-starting-from-2395\/"},"modified":"2020-02-21T10:45:38","modified_gmt":"2020-02-21T15:45:38","slug":"suites-starting-from-2395","status":"publish","type":"page","link":"https:\/\/experienceparkland.com\/fr\/suites-starting-from-2395\/","title":{"rendered":"Appartements tout inclus \u00e0 partir de 2 395 $!*"},"content":{"rendered":"\n<blockquote class=\"wp-block-quote is-layout-flow wp-block-quote-is-layout-flow\"><p> Des suites tout compris maintenant disponibles!<\/p><\/blockquote>\n\n<p>Des espaces magnifiquement con\u00e7us, des \u00e9quipements \u00e0 votre porte, des activit\u00e9s sans fin et l&rsquo;excellence du service: c&rsquo;est le mode de vie tout compris \u00e0 Parkland.<\/p>\n\n<p> Faites comme chez vous et profitez de services tout compris tels que:<\/p>\n\n<ul class=\"wp-block-list\"><li>Repas d&rsquo;inspiration saisonni\u00e8re, pr\u00e9par\u00e9s par le chef<\/li><li> Calendrier d&rsquo;\u00e9v\u00e9nements en constante \u00e9volution favorisant un esprit, un corps et une \u00e2me sains<\/li><li> Services de m\u00e9nage et de chauffeur<\/li><li> Services suppl\u00e9mentaires et zone de soins disponibles, si vous en avez besoin<\/li><\/ul>\n<p><\/p>\n","protected":false},"excerpt":{"rendered":"<p>Des suites tout compris maintenant disponibles! Des espaces magnifiquement con\u00e7us, des \u00e9quipements \u00e0 votre porte, des activit\u00e9s sans fin et l&rsquo;excellence du service: c&rsquo;est le mode de vie tout compris \u00e0 Parkland. Faites comme chez vous et profitez de services tout compris tels que: Repas d&rsquo;inspiration saisonni\u00e8re, pr\u00e9par\u00e9s par le chef Calendrier d&rsquo;\u00e9v\u00e9nements en constante&#8230; <a class=\"read_more\" title=\"Appartements tout inclus \u00e0 partir de 2 395 $!*\" href=\"https:\/\/experienceparkland.com\/fr\/suites-starting-from-2395\/\">Read more<\/a><\/p>\n","protected":false},"author":51,"featured_media":0,"parent":0,"menu_order":0,"comment_status":"closed","ping_status":"closed","template":"","meta":{"_acf_changed":false,"footnotes":""},"class_list":["post-3890","page","type-page","status-publish","hentry"],"acf":[],"featured_image_src":null,"yoast_head":"<!-- This site is optimized with the Yoast SEO plugin v27.3 - https:\/\/yoast.com\/product\/yoast-seo-wordpress\/ -->\n<title>Appartements tout inclus \u00e0 partir de 2 395 $!* - Parkland Retirement Living<\/title>\n<meta name=\"robots\" content=\"index, follow, max-snippet:-1, max-image-preview:large, max-video-preview:-1\" \/>\n<link rel=\"canonical\" href=\"https:\/\/experienceparkland.com\/fr\/suites-starting-from-2395\/\" \/>\n<meta property=\"og:locale\" content=\"fr_FR\" \/>\n<meta property=\"og:type\" content=\"article\" \/>\n<meta property=\"og:title\" content=\"Appartements tout inclus \u00e0 partir de 2 395 $!* - Parkland Retirement Living\" \/>\n<meta property=\"og:description\" content=\"Des suites tout compris maintenant disponibles! Des espaces magnifiquement con\u00e7us, des \u00e9quipements \u00e0 votre porte, des activit\u00e9s sans fin et l&rsquo;excellence du service: c&rsquo;est le mode de vie tout compris \u00e0 Parkland. Faites comme chez vous et profitez de services tout compris tels que: Repas d&rsquo;inspiration saisonni\u00e8re, pr\u00e9par\u00e9s par le chef Calendrier d&rsquo;\u00e9v\u00e9nements en constante... Read more\" \/>\n<meta property=\"og:url\" content=\"https:\/\/experienceparkland.com\/fr\/suites-starting-from-2395\/\" \/>\n<meta property=\"og:site_name\" content=\"Parkland Retirement Living\" \/>\n<meta property=\"article:modified_time\" content=\"2020-02-21T15:45:38+00:00\" \/>\n<meta name=\"twitter:card\" content=\"summary_large_image\" \/>\n<script type=\"application\/ld+json\" class=\"yoast-schema-graph\">{\"@context\":\"https:\\\/\\\/schema.org\",\"@graph\":[{\"@type\":\"WebPage\",\"@id\":\"https:\\\/\\\/experienceparkland.com\\\/fr\\\/suites-starting-from-2395\\\/\",\"url\":\"https:\\\/\\\/experienceparkland.com\\\/fr\\\/suites-starting-from-2395\\\/\",\"name\":\"Appartements tout inclus \u00e0 partir de 2 395 $!* - Parkland Retirement Living\",\"isPartOf\":{\"@id\":\"https:\\\/\\\/experienceparkland.com\\\/fr\\\/#website\"},\"datePublished\":\"2020-02-04T16:38:47+00:00\",\"dateModified\":\"2020-02-21T15:45:38+00:00\",\"breadcrumb\":{\"@id\":\"https:\\\/\\\/experienceparkland.com\\\/fr\\\/suites-starting-from-2395\\\/#breadcrumb\"},\"inLanguage\":\"fr-FR\",\"potentialAction\":[{\"@type\":\"ReadAction\",\"target\":[\"https:\\\/\\\/experienceparkland.com\\\/fr\\\/suites-starting-from-2395\\\/\"]}]},{\"@type\":\"BreadcrumbList\",\"@id\":\"https:\\\/\\\/experienceparkland.com\\\/fr\\\/suites-starting-from-2395\\\/#breadcrumb\",\"itemListElement\":[{\"@type\":\"ListItem\",\"position\":1,\"name\":\"Home\",\"item\":\"https:\\\/\\\/experienceparkland.com\\\/fr\\\/\"},{\"@type\":\"ListItem\",\"position\":2,\"name\":\"Appartements tout inclus \u00e0 partir de 2 395 $!*\"}]},{\"@type\":\"WebSite\",\"@id\":\"https:\\\/\\\/experienceparkland.com\\\/fr\\\/#website\",\"url\":\"https:\\\/\\\/experienceparkland.com\\\/fr\\\/\",\"name\":\"Parkland Retirement Living\",\"description\":\"\",\"potentialAction\":[{\"@type\":\"SearchAction\",\"target\":{\"@type\":\"EntryPoint\",\"urlTemplate\":\"https:\\\/\\\/experienceparkland.com\\\/fr\\\/?s={search_term_string}\"},\"query-input\":{\"@type\":\"PropertyValueSpecification\",\"valueRequired\":true,\"valueName\":\"search_term_string\"}}],\"inLanguage\":\"fr-FR\"}]}<\/script>\n<!-- \/ Yoast SEO plugin. -->","yoast_head_json":{"title":"Appartements tout inclus \u00e0 partir de 2 395 $!* - Parkland Retirement Living","robots":{"index":"index","follow":"follow","max-snippet":"max-snippet:-1","max-image-preview":"max-image-preview:large","max-video-preview":"max-video-preview:-1"},"canonical":"https:\/\/experienceparkland.com\/fr\/suites-starting-from-2395\/","og_locale":"fr_FR","og_type":"article","og_title":"Appartements tout inclus \u00e0 partir de 2 395 $!* - Parkland Retirement Living","og_description":"Des suites tout compris maintenant disponibles! Des espaces magnifiquement con\u00e7us, des \u00e9quipements \u00e0 votre porte, des activit\u00e9s sans fin et l&rsquo;excellence du service: c&rsquo;est le mode de vie tout compris \u00e0 Parkland. Faites comme chez vous et profitez de services tout compris tels que: Repas d&rsquo;inspiration saisonni\u00e8re, pr\u00e9par\u00e9s par le chef Calendrier d&rsquo;\u00e9v\u00e9nements en constante... Read more","og_url":"https:\/\/experienceparkland.com\/fr\/suites-starting-from-2395\/","og_site_name":"Parkland Retirement Living","article_modified_time":"2020-02-21T15:45:38+00:00","twitter_card":"summary_large_image","schema":{"@context":"https:\/\/schema.org","@graph":[{"@type":"WebPage","@id":"https:\/\/experienceparkland.com\/fr\/suites-starting-from-2395\/","url":"https:\/\/experienceparkland.com\/fr\/suites-starting-from-2395\/","name":"Appartements tout inclus \u00e0 partir de 2 395 $!* - Parkland Retirement Living","isPartOf":{"@id":"https:\/\/experienceparkland.com\/fr\/#website"},"datePublished":"2020-02-04T16:38:47+00:00","dateModified":"2020-02-21T15:45:38+00:00","breadcrumb":{"@id":"https:\/\/experienceparkland.com\/fr\/suites-starting-from-2395\/#breadcrumb"},"inLanguage":"fr-FR","potentialAction":[{"@type":"ReadAction","target":["https:\/\/experienceparkland.com\/fr\/suites-starting-from-2395\/"]}]},{"@type":"BreadcrumbList","@id":"https:\/\/experienceparkland.com\/fr\/suites-starting-from-2395\/#breadcrumb","itemListElement":[{"@type":"ListItem","position":1,"name":"Home","item":"https:\/\/experienceparkland.com\/fr\/"},{"@type":"ListItem","position":2,"name":"Appartements tout inclus \u00e0 partir de 2 395 $!*"}]},{"@type":"WebSite","@id":"https:\/\/experienceparkland.com\/fr\/#website","url":"https:\/\/experienceparkland.com\/fr\/","name":"Parkland Retirement Living","description":"","potentialAction":[{"@type":"SearchAction","target":{"@type":"EntryPoint","urlTemplate":"https:\/\/experienceparkland.com\/fr\/?s={search_term_string}"},"query-input":{"@type":"PropertyValueSpecification","valueRequired":true,"valueName":"search_term_string"}}],"inLanguage":"fr-FR"}]}},"_links":{"self":[{"href":"https:\/\/experienceparkland.com\/fr\/wp-json\/wp\/v2\/pages\/3890","targetHints":{"allow":["GET"]}}],"collection":[{"href":"https:\/\/experienceparkland.com\/fr\/wp-json\/wp\/v2\/pages"}],"about":[{"href":"https:\/\/experienceparkland.com\/fr\/wp-json\/wp\/v2\/types\/page"}],"author":[{"embeddable":true,"href":"https:\/\/experienceparkland.com\/fr\/wp-json\/wp\/v2\/users\/51"}],"replies":[{"embeddable":true,"href":"https:\/\/experienceparkland.com\/fr\/wp-json\/wp\/v2\/comments?post=3890"}],"version-history":[{"count":0,"href":"https:\/\/experienceparkland.com\/fr\/wp-json\/wp\/v2\/pages\/3890\/revisions"}],"wp:attachment":[{"href":"https:\/\/experienceparkland.com\/fr\/wp-json\/wp\/v2\/media?parent=3890"}],"curies":[{"name":"wp","href":"https:\/\/api.w.org\/{rel}","templated":true}]}}